{"id":5497,"date":"2022-10-20T16:02:13","date_gmt":"2022-10-20T14:02:13","guid":{"rendered":"https:\/\/www.m3srl.com\/equipment\/uncategorized\/freikehrende-kehrmaschine\/"},"modified":"2024-10-02T10:45:47","modified_gmt":"2024-10-02T08:45:47","slug":"schwenkkehrmaschine","status":"publish","type":"product","link":"https:\/\/www.m3srl.com\/de\/ausr\u00fcstungen\/reinigung\/schwenkkehrmaschine\/","title":{"rendered":"Schwenkkehrmaschine"},"content":{"rendered":"<section class=\"wpb-content-wrapper\"><p>[vc_row disable_background_image=&#8221;&#8221;][vc_column][vc_column_text]<\/p>\n<h3>GALERIE<\/h3>\n<p>[\/vc_column_text]<div class=\"mkdf-image-gallery mkdf-grid-list mkdf-disable-bottom-space  mkdf-ig-grid-type mkdf-four-columns mkdf-tiny-space  mkdf-image-behavior-lightbox \">\n\t<div class=\"mkdf-ig-inner mkdf-outer-space\">\n\t\t\t\t\t<div class=\"mkdf-ig-image mkdf-item-space\">\n\t\t\t\t<div class=\"mkdf-ig-image-inner\">\n\t\t\t\t\t\t\t\t\t\t\t<a itemprop=\"image\" class=\"mkdf-ig-lightbox\" href=\"https:\/\/www.m3srl.com\/wp-content\/uploads\/2022\/10\/spazzolatrice-angolabile-1.webp\" data-rel=\"prettyPhoto[image_gallery_pretty_photo-716]\" title=\"spazzolatrice-angolabile-1\">\n\t\t\t\t\t\t\t\t\t\t\t<img loading=\"lazy\" decoding=\"async\" width=\"1024\" height=\"1024\" src=\"https:\/\/www.m3srl.com\/wp-content\/uploads\/2022\/10\/spazzolatrice-angolabile-1-1024x1024.webp\" class=\"attachment-large size-large\" alt=\"\" srcset=\"https:\/\/www.m3srl.com\/wp-content\/uploads\/2022\/10\/spazzolatrice-angolabile-1-1024x1024.webp 1024w, https:\/\/www.m3srl.com\/wp-content\/uploads\/2022\/10\/spazzolatrice-angolabile-1-300x300.webp 300w, https:\/\/www.m3srl.com\/wp-content\/uploads\/2022\/10\/spazzolatrice-angolabile-1-150x150.webp 150w, https:\/\/www.m3srl.com\/wp-content\/uploads\/2022\/10\/spazzolatrice-angolabile-1-768x768.webp 768w, https:\/\/www.m3srl.com\/wp-content\/uploads\/2022\/10\/spazzolatrice-angolabile-1-650x650.webp 650w, https:\/\/www.m3srl.com\/wp-content\/uploads\/2022\/10\/spazzolatrice-angolabile-1-600x600.webp 600w, https:\/\/www.m3srl.com\/wp-content\/uploads\/2022\/10\/spazzolatrice-angolabile-1-100x100.webp 100w, https:\/\/www.m3srl.com\/wp-content\/uploads\/2022\/10\/spazzolatrice-angolabile-1.webp 1080w\" sizes=\"auto, (max-width: 1024px) 100vw, 1024px\" \/>\t\t\t\t\t\t\t\t\t\t\t<\/a>\n\t\t\t\t\t\t\t\t\t<\/div>\n\t\t\t<\/div>\n\t\t\t\t\t<div class=\"mkdf-ig-image mkdf-item-space\">\n\t\t\t\t<div class=\"mkdf-ig-image-inner\">\n\t\t\t\t\t\t\t\t\t\t\t<a itemprop=\"image\" class=\"mkdf-ig-lightbox\" href=\"https:\/\/www.m3srl.com\/wp-content\/uploads\/2022\/10\/spazzolatrice-angolabile-2.webp\" data-rel=\"prettyPhoto[image_gallery_pretty_photo-716]\" title=\"spazzolatrice-angolabile-2\">\n\t\t\t\t\t\t\t\t\t\t\t<img loading=\"lazy\" decoding=\"async\" width=\"1024\" height=\"1024\" src=\"https:\/\/www.m3srl.com\/wp-content\/uploads\/2022\/10\/spazzolatrice-angolabile-2-1024x1024.webp\" class=\"attachment-large size-large\" alt=\"\" srcset=\"https:\/\/www.m3srl.com\/wp-content\/uploads\/2022\/10\/spazzolatrice-angolabile-2-1024x1024.webp 1024w, https:\/\/www.m3srl.com\/wp-content\/uploads\/2022\/10\/spazzolatrice-angolabile-2-300x300.webp 300w, https:\/\/www.m3srl.com\/wp-content\/uploads\/2022\/10\/spazzolatrice-angolabile-2-150x150.webp 150w, https:\/\/www.m3srl.com\/wp-content\/uploads\/2022\/10\/spazzolatrice-angolabile-2-768x768.webp 768w, https:\/\/www.m3srl.com\/wp-content\/uploads\/2022\/10\/spazzolatrice-angolabile-2-650x650.webp 650w, https:\/\/www.m3srl.com\/wp-content\/uploads\/2022\/10\/spazzolatrice-angolabile-2-600x600.webp 600w, https:\/\/www.m3srl.com\/wp-content\/uploads\/2022\/10\/spazzolatrice-angolabile-2-100x100.webp 100w, https:\/\/www.m3srl.com\/wp-content\/uploads\/2022\/10\/spazzolatrice-angolabile-2.webp 1080w\" sizes=\"auto, (max-width: 1024px) 100vw, 1024px\" \/>\t\t\t\t\t\t\t\t\t\t\t<\/a>\n\t\t\t\t\t\t\t\t\t<\/div>\n\t\t\t<\/div>\n\t\t\t\t\t<div class=\"mkdf-ig-image mkdf-item-space\">\n\t\t\t\t<div class=\"mkdf-ig-image-inner\">\n\t\t\t\t\t\t\t\t\t\t\t<a itemprop=\"image\" class=\"mkdf-ig-lightbox\" href=\"https:\/\/www.m3srl.com\/wp-content\/uploads\/2022\/10\/spazzolatrice-angolabile-3.webp\" data-rel=\"prettyPhoto[image_gallery_pretty_photo-716]\" title=\"spazzolatrice-angolabile-3\">\n\t\t\t\t\t\t\t\t\t\t\t<img loading=\"lazy\" decoding=\"async\" width=\"1024\" height=\"1024\" src=\"https:\/\/www.m3srl.com\/wp-content\/uploads\/2022\/10\/spazzolatrice-angolabile-3-1024x1024.webp\" class=\"attachment-large size-large\" alt=\"\" srcset=\"https:\/\/www.m3srl.com\/wp-content\/uploads\/2022\/10\/spazzolatrice-angolabile-3-1024x1024.webp 1024w, https:\/\/www.m3srl.com\/wp-content\/uploads\/2022\/10\/spazzolatrice-angolabile-3-300x300.webp 300w, https:\/\/www.m3srl.com\/wp-content\/uploads\/2022\/10\/spazzolatrice-angolabile-3-150x150.webp 150w, https:\/\/www.m3srl.com\/wp-content\/uploads\/2022\/10\/spazzolatrice-angolabile-3-768x768.webp 768w, https:\/\/www.m3srl.com\/wp-content\/uploads\/2022\/10\/spazzolatrice-angolabile-3-650x650.webp 650w, https:\/\/www.m3srl.com\/wp-content\/uploads\/2022\/10\/spazzolatrice-angolabile-3-600x600.webp 600w, https:\/\/www.m3srl.com\/wp-content\/uploads\/2022\/10\/spazzolatrice-angolabile-3-100x100.webp 100w, https:\/\/www.m3srl.com\/wp-content\/uploads\/2022\/10\/spazzolatrice-angolabile-3.webp 1080w\" sizes=\"auto, (max-width: 1024px) 100vw, 1024px\" \/>\t\t\t\t\t\t\t\t\t\t\t<\/a>\n\t\t\t\t\t\t\t\t\t<\/div>\n\t\t\t<\/div>\n\t\t\t\t\t<div class=\"mkdf-ig-image mkdf-item-space\">\n\t\t\t\t<div class=\"mkdf-ig-image-inner\">\n\t\t\t\t\t\t\t\t\t\t\t<a itemprop=\"image\" class=\"mkdf-ig-lightbox\" href=\"https:\/\/www.m3srl.com\/wp-content\/uploads\/2022\/10\/spazzolatrice-angolabile-4.webp\" data-rel=\"prettyPhoto[image_gallery_pretty_photo-716]\" title=\"spazzolatrice-angolabile-4\">\n\t\t\t\t\t\t\t\t\t\t\t<img loading=\"lazy\" decoding=\"async\" width=\"1024\" height=\"1024\" src=\"https:\/\/www.m3srl.com\/wp-content\/uploads\/2022\/10\/spazzolatrice-angolabile-4-1024x1024.webp\" class=\"attachment-large size-large\" alt=\"\" srcset=\"https:\/\/www.m3srl.com\/wp-content\/uploads\/2022\/10\/spazzolatrice-angolabile-4-1024x1024.webp 1024w, https:\/\/www.m3srl.com\/wp-content\/uploads\/2022\/10\/spazzolatrice-angolabile-4-300x300.webp 300w, https:\/\/www.m3srl.com\/wp-content\/uploads\/2022\/10\/spazzolatrice-angolabile-4-150x150.webp 150w, https:\/\/www.m3srl.com\/wp-content\/uploads\/2022\/10\/spazzolatrice-angolabile-4-768x768.webp 768w, https:\/\/www.m3srl.com\/wp-content\/uploads\/2022\/10\/spazzolatrice-angolabile-4-650x650.webp 650w, https:\/\/www.m3srl.com\/wp-content\/uploads\/2022\/10\/spazzolatrice-angolabile-4-600x600.webp 600w, https:\/\/www.m3srl.com\/wp-content\/uploads\/2022\/10\/spazzolatrice-angolabile-4-100x100.webp 100w, https:\/\/www.m3srl.com\/wp-content\/uploads\/2022\/10\/spazzolatrice-angolabile-4.webp 1080w\" sizes=\"auto, (max-width: 1024px) 100vw, 1024px\" \/>\t\t\t\t\t\t\t\t\t\t\t<\/a>\n\t\t\t\t\t\t\t\t\t<\/div>\n\t\t\t<\/div>\n\t\t\t\t\t<div class=\"mkdf-ig-image mkdf-item-space\">\n\t\t\t\t<div class=\"mkdf-ig-image-inner\">\n\t\t\t\t\t\t\t\t\t\t\t<a itemprop=\"image\" class=\"mkdf-ig-lightbox\" href=\"https:\/\/www.m3srl.com\/wp-content\/uploads\/2022\/10\/spazzolatrice-angolabile-5.webp\" data-rel=\"prettyPhoto[image_gallery_pretty_photo-716]\" title=\"spazzolatrice-angolabile-5\">\n\t\t\t\t\t\t\t\t\t\t\t<img loading=\"lazy\" decoding=\"async\" width=\"1024\" height=\"1024\" src=\"https:\/\/www.m3srl.com\/wp-content\/uploads\/2022\/10\/spazzolatrice-angolabile-5-1024x1024.webp\" class=\"attachment-large size-large\" alt=\"\" srcset=\"https:\/\/www.m3srl.com\/wp-content\/uploads\/2022\/10\/spazzolatrice-angolabile-5-1024x1024.webp 1024w, https:\/\/www.m3srl.com\/wp-content\/uploads\/2022\/10\/spazzolatrice-angolabile-5-300x300.webp 300w, https:\/\/www.m3srl.com\/wp-content\/uploads\/2022\/10\/spazzolatrice-angolabile-5-150x150.webp 150w, https:\/\/www.m3srl.com\/wp-content\/uploads\/2022\/10\/spazzolatrice-angolabile-5-768x768.webp 768w, https:\/\/www.m3srl.com\/wp-content\/uploads\/2022\/10\/spazzolatrice-angolabile-5-650x650.webp 650w, https:\/\/www.m3srl.com\/wp-content\/uploads\/2022\/10\/spazzolatrice-angolabile-5-600x600.webp 600w, https:\/\/www.m3srl.com\/wp-content\/uploads\/2022\/10\/spazzolatrice-angolabile-5-100x100.webp 100w, https:\/\/www.m3srl.com\/wp-content\/uploads\/2022\/10\/spazzolatrice-angolabile-5.webp 1080w\" sizes=\"auto, (max-width: 1024px) 100vw, 1024px\" \/>\t\t\t\t\t\t\t\t\t\t\t<\/a>\n\t\t\t\t\t\t\t\t\t<\/div>\n\t\t\t<\/div>\n\t\t\t\t\t<div class=\"mkdf-ig-image mkdf-item-space\">\n\t\t\t\t<div class=\"mkdf-ig-image-inner\">\n\t\t\t\t\t\t\t\t\t\t\t<a itemprop=\"image\" class=\"mkdf-ig-lightbox\" href=\"https:\/\/www.m3srl.com\/wp-content\/uploads\/2022\/10\/spazzolatrice-angolabile-6.webp\" data-rel=\"prettyPhoto[image_gallery_pretty_photo-716]\" title=\"spazzolatrice-angolabile-6\">\n\t\t\t\t\t\t\t\t\t\t\t<img loading=\"lazy\" decoding=\"async\" width=\"1024\" height=\"1024\" src=\"https:\/\/www.m3srl.com\/wp-content\/uploads\/2022\/10\/spazzolatrice-angolabile-6-1024x1024.webp\" class=\"attachment-large size-large\" alt=\"\" srcset=\"https:\/\/www.m3srl.com\/wp-content\/uploads\/2022\/10\/spazzolatrice-angolabile-6-1024x1024.webp 1024w, https:\/\/www.m3srl.com\/wp-content\/uploads\/2022\/10\/spazzolatrice-angolabile-6-300x300.webp 300w, https:\/\/www.m3srl.com\/wp-content\/uploads\/2022\/10\/spazzolatrice-angolabile-6-150x150.webp 150w, https:\/\/www.m3srl.com\/wp-content\/uploads\/2022\/10\/spazzolatrice-angolabile-6-768x768.webp 768w, https:\/\/www.m3srl.com\/wp-content\/uploads\/2022\/10\/spazzolatrice-angolabile-6-650x650.webp 650w, https:\/\/www.m3srl.com\/wp-content\/uploads\/2022\/10\/spazzolatrice-angolabile-6-600x600.webp 600w, https:\/\/www.m3srl.com\/wp-content\/uploads\/2022\/10\/spazzolatrice-angolabile-6-100x100.webp 100w, https:\/\/www.m3srl.com\/wp-content\/uploads\/2022\/10\/spazzolatrice-angolabile-6.webp 1080w\" sizes=\"auto, (max-width: 1024px) 100vw, 1024px\" \/>\t\t\t\t\t\t\t\t\t\t\t<\/a>\n\t\t\t\t\t\t\t\t\t<\/div>\n\t\t\t<\/div>\n\t\t\t\t\t<div class=\"mkdf-ig-image mkdf-item-space\">\n\t\t\t\t<div class=\"mkdf-ig-image-inner\">\n\t\t\t\t\t\t\t\t\t\t\t<a itemprop=\"image\" class=\"mkdf-ig-lightbox\" href=\"https:\/\/www.m3srl.com\/wp-content\/uploads\/2022\/10\/spazzolatrice-angolabile-7.webp\" data-rel=\"prettyPhoto[image_gallery_pretty_photo-716]\" title=\"spazzolatrice-angolabile-7\">\n\t\t\t\t\t\t\t\t\t\t\t<img loading=\"lazy\" decoding=\"async\" width=\"1024\" height=\"1024\" src=\"https:\/\/www.m3srl.com\/wp-content\/uploads\/2022\/10\/spazzolatrice-angolabile-7-1024x1024.webp\" class=\"attachment-large size-large\" alt=\"\" srcset=\"https:\/\/www.m3srl.com\/wp-content\/uploads\/2022\/10\/spazzolatrice-angolabile-7-1024x1024.webp 1024w, https:\/\/www.m3srl.com\/wp-content\/uploads\/2022\/10\/spazzolatrice-angolabile-7-300x300.webp 300w, https:\/\/www.m3srl.com\/wp-content\/uploads\/2022\/10\/spazzolatrice-angolabile-7-150x150.webp 150w, https:\/\/www.m3srl.com\/wp-content\/uploads\/2022\/10\/spazzolatrice-angolabile-7-768x768.webp 768w, https:\/\/www.m3srl.com\/wp-content\/uploads\/2022\/10\/spazzolatrice-angolabile-7-650x650.webp 650w, https:\/\/www.m3srl.com\/wp-content\/uploads\/2022\/10\/spazzolatrice-angolabile-7-600x600.webp 600w, https:\/\/www.m3srl.com\/wp-content\/uploads\/2022\/10\/spazzolatrice-angolabile-7-100x100.webp 100w, https:\/\/www.m3srl.com\/wp-content\/uploads\/2022\/10\/spazzolatrice-angolabile-7.webp 1080w\" sizes=\"auto, (max-width: 1024px) 100vw, 1024px\" \/>\t\t\t\t\t\t\t\t\t\t\t<\/a>\n\t\t\t\t\t\t\t\t\t<\/div>\n\t\t\t<\/div>\n\t\t\t\t\t<div class=\"mkdf-ig-image mkdf-item-space\">\n\t\t\t\t<div class=\"mkdf-ig-image-inner\">\n\t\t\t\t\t\t\t\t\t\t\t<a itemprop=\"image\" class=\"mkdf-ig-lightbox\" href=\"https:\/\/www.m3srl.com\/wp-content\/uploads\/2022\/10\/spazzolatrice-angolabile-8.webp\" data-rel=\"prettyPhoto[image_gallery_pretty_photo-716]\" title=\"spazzolatrice-angolabile-8\">\n\t\t\t\t\t\t\t\t\t\t\t<img loading=\"lazy\" decoding=\"async\" width=\"1024\" height=\"1024\" src=\"https:\/\/www.m3srl.com\/wp-content\/uploads\/2022\/10\/spazzolatrice-angolabile-8-1024x1024.webp\" class=\"attachment-large size-large\" alt=\"\" srcset=\"https:\/\/www.m3srl.com\/wp-content\/uploads\/2022\/10\/spazzolatrice-angolabile-8-1024x1024.webp 1024w, https:\/\/www.m3srl.com\/wp-content\/uploads\/2022\/10\/spazzolatrice-angolabile-8-300x300.webp 300w, https:\/\/www.m3srl.com\/wp-content\/uploads\/2022\/10\/spazzolatrice-angolabile-8-150x150.webp 150w, https:\/\/www.m3srl.com\/wp-content\/uploads\/2022\/10\/spazzolatrice-angolabile-8-768x768.webp 768w, https:\/\/www.m3srl.com\/wp-content\/uploads\/2022\/10\/spazzolatrice-angolabile-8-650x650.webp 650w, https:\/\/www.m3srl.com\/wp-content\/uploads\/2022\/10\/spazzolatrice-angolabile-8-600x600.webp 600w, https:\/\/www.m3srl.com\/wp-content\/uploads\/2022\/10\/spazzolatrice-angolabile-8-100x100.webp 100w, https:\/\/www.m3srl.com\/wp-content\/uploads\/2022\/10\/spazzolatrice-angolabile-8.webp 1080w\" sizes=\"auto, (max-width: 1024px) 100vw, 1024px\" \/>\t\t\t\t\t\t\t\t\t\t\t<\/a>\n\t\t\t\t\t\t\t\t\t<\/div>\n\t\t\t<\/div>\n\t\t\t<\/div>\n<\/div>[vc_column_text]<\/p>\n<h3>VIDEO<\/h3>\n<p>[\/vc_column_text][vc_column_text]<iframe class=\"youtube-video\" title=\"YouTube video player\" src=\"https:\/\/www.youtube-nocookie.com\/embed\/q3j0oeb2OPA?si=EoGBMwiT2Ve51Dj2&amp;rel=0\" frameborder=\"0\" allowfullscreen=\"allowfullscreen\"><span data-mce-type=\"bookmark\" style=\"display: inline-block; width: 0px; overflow: hidden; line-height: 0;\" class=\"mce_SELRES_start\"><\/span><\/iframe>[\/vc_column_text][\/vc_column][\/vc_row]<\/p>\n<\/section>","protected":false},"excerpt":{"rendered":"<p><img loading=\"lazy\" decoding=\"async\" class=\"alignnone size-medium wp-image-3104\" src=\"https:\/\/www.m3srl.com\/wp-content\/uploads\/2022\/10\/Angled-Broom-Sweeper-icons-300x56.png\" alt=\"\" width=\"300\" height=\"56\" srcset=\"https:\/\/www.m3srl.com\/wp-content\/uploads\/2022\/10\/Angled-Broom-Sweeper-icons-300x56.png 300w, https:\/\/www.m3srl.com\/wp-content\/uploads\/2022\/10\/Angled-Broom-Sweeper-icons.png 400w\" sizes=\"auto, (max-width: 300px) 100vw, 300px\" \/> Die Schwenkkehrmaschine M3 kann an alle Kompakt-, Rad- und Teleskoplader angebaut werden. Dank der robusten Struktur kann sie f\u00fcr die Reinigung von Baustellen, Stra\u00dfen, gro\u00dfe Innenh\u00f6fe oder bei leichtem Schneefall verwendet werden. Sie ist mit Hydraulikmotor mit integriertem Direktantriebe, Hydraulikleitungen komplett mit Schnellkupplungen (nur f\u00fcr Kompaktlader), mechanischer Einstellung des Anstellwinkels \u00b1 30 \u00b0, B\u00fcrste \u00d8 550 mm aus PPN, Nr. 2 St\u00fctzr\u00e4dern \u00d8 200X50 mm und Aufh\u00e4ngung an Kompaktlader ausgestattet.<\/p>\n","protected":false},"featured_media":6627,"template":"","meta":[],"product_brand":[],"product_cat":[178],"product_tag":[],"class_list":{"0":"post-5497","1":"product","2":"type-product","3":"status-publish","4":"has-post-thumbnail","6":"product_cat-reinigung","8":"first","9":"instock","10":"shipping-taxable","11":"product-type-grouped"},"_links":{"self":[{"href":"https:\/\/www.m3srl.com\/de\/wp-json\/wp\/v2\/product\/5497","targetHints":{"allow":["GET"]}}],"collection":[{"href":"https:\/\/www.m3srl.com\/de\/wp-json\/wp\/v2\/product"}],"about":[{"href":"https:\/\/www.m3srl.com\/de\/wp-json\/wp\/v2\/types\/product"}],"wp:featuredmedia":[{"embeddable":true,"href":"https:\/\/www.m3srl.com\/de\/wp-json\/wp\/v2\/media\/6627"}],"wp:attachment":[{"href":"https:\/\/www.m3srl.com\/de\/wp-json\/wp\/v2\/media?parent=5497"}],"wp:term":[{"taxonomy":"product_brand","embeddable":true,"href":"https:\/\/www.m3srl.com\/de\/wp-json\/wp\/v2\/product_brand?post=5497"},{"taxonomy":"product_cat","embeddable":true,"href":"https:\/\/www.m3srl.com\/de\/wp-json\/wp\/v2\/product_cat?post=5497"},{"taxonomy":"product_tag","embeddable":true,"href":"https:\/\/www.m3srl.com\/de\/wp-json\/wp\/v2\/product_tag?post=5497"}],"curies":[{"name":"wp","href":"https:\/\/api.w.org\/{rel}","templated":true}]}}