{"id":5522,"date":"2022-10-20T16:02:13","date_gmt":"2022-10-20T14:02:13","guid":{"rendered":"https:\/\/www.m3srl.com\/equipment\/uncategorized\/kehrmaschine-serie-c\/"},"modified":"2024-10-01T14:32:09","modified_gmt":"2024-10-01T12:32:09","slug":"kehrmaschine-serie-c","status":"publish","type":"product","link":"https:\/\/www.m3srl.com\/de\/ausr\u00fcstungen\/reinigung\/kehrmaschine-serie-c\/","title":{"rendered":"Kehrmaschine Serie C"},"content":{"rendered":"","protected":false},"excerpt":{"rendered":"<p><img loading=\"lazy\" decoding=\"async\" class=\"alignnone size-medium wp-image-3127\" src=\"https:\/\/www.m3srl.com\/wp-content\/uploads\/2022\/10\/Sweeper-Bucket-C-icons-300x56.png\" alt=\"\" width=\"300\" height=\"56\" srcset=\"https:\/\/www.m3srl.com\/wp-content\/uploads\/2022\/10\/Sweeper-Bucket-C-icons-300x56.png 300w, https:\/\/www.m3srl.com\/wp-content\/uploads\/2022\/10\/Sweeper-Bucket-C-icons.png 400w\" sizes=\"auto, (max-width: 300px) 100vw, 300px\" \/> Die Kehrmaschine M3 Serie C ist fu\u0308r Kunden bestimmt, die sowohl im Bereich der Instandhaltung von Stra\u00dfen als auch der Reinigung gro\u00dfen Fl\u00e4chen t\u00e4tig sind. Diese Kehrmaschine kann an alle Arten von Ladern, Bagger- und Teleskopladern angebaut werden und ist mit Sammelbeh\u00e4lter mit hydraulischer \u00d6ffnung, Bu\u0308rste \u00d8 750 mm aus PPN, Nr. 3 Stu\u0308tzr\u00e4dern \u00d8405\u00d7110 mm, Hydraulikleitungen, integriertem Hydraulikmotor, eigenst\u00e4ndigem Niveauausgleich (Option), mechanischer Einstellung des Arbeitswinkels ausgestattet.<\/p>\n","protected":false},"featured_media":5063,"template":"","meta":[],"product_brand":[],"product_cat":[178],"product_tag":[],"class_list":{"0":"post-5522","1":"product","2":"type-product","3":"status-publish","4":"has-post-thumbnail","6":"product_cat-reinigung","8":"first","9":"instock","10":"shipping-taxable","11":"product-type-grouped"},"_links":{"self":[{"href":"https:\/\/www.m3srl.com\/de\/wp-json\/wp\/v2\/product\/5522","targetHints":{"allow":["GET"]}}],"collection":[{"href":"https:\/\/www.m3srl.com\/de\/wp-json\/wp\/v2\/product"}],"about":[{"href":"https:\/\/www.m3srl.com\/de\/wp-json\/wp\/v2\/types\/product"}],"wp:featuredmedia":[{"embeddable":true,"href":"https:\/\/www.m3srl.com\/de\/wp-json\/wp\/v2\/media\/5063"}],"wp:attachment":[{"href":"https:\/\/www.m3srl.com\/de\/wp-json\/wp\/v2\/media?parent=5522"}],"wp:term":[{"taxonomy":"product_brand","embeddable":true,"href":"https:\/\/www.m3srl.com\/de\/wp-json\/wp\/v2\/product_brand?post=5522"},{"taxonomy":"product_cat","embeddable":true,"href":"https:\/\/www.m3srl.com\/de\/wp-json\/wp\/v2\/product_cat?post=5522"},{"taxonomy":"product_tag","embeddable":true,"href":"https:\/\/www.m3srl.com\/de\/wp-json\/wp\/v2\/product_tag?post=5522"}],"curies":[{"name":"wp","href":"https:\/\/api.w.org\/{rel}","templated":true}]}}