{"id":5523,"date":"2022-10-20T16:02:13","date_gmt":"2022-10-20T14:02:13","guid":{"rendered":"https:\/\/www.m3srl.com\/equipment\/uncategorized\/kehrmaschine-serie-d\/"},"modified":"2024-10-01T14:33:25","modified_gmt":"2024-10-01T12:33:25","slug":"kehrmaschine-serie-d","status":"publish","type":"product","link":"https:\/\/www.m3srl.com\/de\/ausr\u00fcstungen\/reinigung\/kehrmaschine-serie-d\/","title":{"rendered":"Kehrmaschine Serie D"},"content":{"rendered":"","protected":false},"excerpt":{"rendered":"<p><img loading=\"lazy\" decoding=\"async\" class=\"alignnone size-medium wp-image-3128\" src=\"https:\/\/www.m3srl.com\/wp-content\/uploads\/2022\/10\/Sweeper-Bucket-D-icons-300x56.png\" alt=\"\" width=\"300\" height=\"56\" srcset=\"https:\/\/www.m3srl.com\/wp-content\/uploads\/2022\/10\/Sweeper-Bucket-D-icons-300x56.png 300w, https:\/\/www.m3srl.com\/wp-content\/uploads\/2022\/10\/Sweeper-Bucket-D-icons.png 400w\" sizes=\"auto, (max-width: 300px) 100vw, 300px\" \/> Die Kehrmaschine M3 Serie D ist fu\u0308r Kunden bestimmt, die sowohl im Bereich der Verlegung von Strom- oder Telefonkabeln als auch in der Instandhaltung von Stra\u00dfen, t\u00e4tig sind. Diese Kehrmaschine kann an alle Kompaktladern und kleine Radlader angebaut werden und ist mit Sammelbeh\u00e4lter mit hydraulischer \u00d6ffnung, Bu\u0308rste \u00d8 590 mm aus PPN, zwei Stu\u0308tzr\u00e4dern \u00d8250\u00d750 mm, Hydraulikleitungen, Hydraulikmotor, eigenst\u00e4ndigem Niveauausgleich (Option) und mechanischer Einstellung des Arbeitswinkels ausgestattet.<\/p>\n","protected":false},"featured_media":5096,"template":"","meta":[],"product_brand":[],"product_cat":[178],"product_tag":[],"class_list":{"0":"post-5523","1":"product","2":"type-product","3":"status-publish","4":"has-post-thumbnail","6":"product_cat-reinigung","8":"first","9":"instock","10":"shipping-taxable","11":"product-type-grouped"},"_links":{"self":[{"href":"https:\/\/www.m3srl.com\/de\/wp-json\/wp\/v2\/product\/5523","targetHints":{"allow":["GET"]}}],"collection":[{"href":"https:\/\/www.m3srl.com\/de\/wp-json\/wp\/v2\/product"}],"about":[{"href":"https:\/\/www.m3srl.com\/de\/wp-json\/wp\/v2\/types\/product"}],"wp:featuredmedia":[{"embeddable":true,"href":"https:\/\/www.m3srl.com\/de\/wp-json\/wp\/v2\/media\/5096"}],"wp:attachment":[{"href":"https:\/\/www.m3srl.com\/de\/wp-json\/wp\/v2\/media?parent=5523"}],"wp:term":[{"taxonomy":"product_brand","embeddable":true,"href":"https:\/\/www.m3srl.com\/de\/wp-json\/wp\/v2\/product_brand?post=5523"},{"taxonomy":"product_cat","embeddable":true,"href":"https:\/\/www.m3srl.com\/de\/wp-json\/wp\/v2\/product_cat?post=5523"},{"taxonomy":"product_tag","embeddable":true,"href":"https:\/\/www.m3srl.com\/de\/wp-json\/wp\/v2\/product_tag?post=5523"}],"curies":[{"name":"wp","href":"https:\/\/api.w.org\/{rel}","templated":true}]}}