{"id":5548,"date":"2023-07-28T12:31:15","date_gmt":"2023-07-28T10:31:15","guid":{"rendered":"https:\/\/www.m3srl.com\/?post_type=product&#038;p=5548"},"modified":"2024-09-13T17:56:25","modified_gmt":"2024-09-13T15:56:25","slug":"grabenfraese","status":"publish","type":"product","link":"https:\/\/www.m3srl.com\/de\/ausr\u00fcstungen\/andere-ausruestungen\/grabenfraese\/","title":{"rendered":"Grabenfr\u00e4se"},"content":{"rendered":"<section class=\"wpb-content-wrapper\"><p>[vc_row disable_background_image=&#8221;&#8221;][vc_column]<div class=\"mkdf-image-gallery mkdf-grid-list mkdf-disable-bottom-space  mkdf-ig-grid-type mkdf-six-columns mkdf-tiny-space  mkdf-image-behavior-lightbox \">\n\t<div class=\"mkdf-ig-inner mkdf-outer-space\">\n\t\t\t\t\t<div class=\"mkdf-ig-image mkdf-item-space\">\n\t\t\t\t<div class=\"mkdf-ig-image-inner\">\n\t\t\t\t\t\t\t\t\t\t\t<a itemprop=\"image\" class=\"mkdf-ig-lightbox\" href=\"https:\/\/www.m3srl.com\/wp-content\/uploads\/2023\/07\/catenaria-1.webp\" data-rel=\"prettyPhoto[image_gallery_pretty_photo-612]\" title=\"catenaria-1\">\n\t\t\t\t\t\t\t\t\t\t\t<img loading=\"lazy\" decoding=\"async\" width=\"1024\" height=\"1024\" src=\"https:\/\/www.m3srl.com\/wp-content\/uploads\/2023\/07\/catenaria-1-1024x1024.webp\" class=\"attachment-large size-large\" alt=\"\" srcset=\"https:\/\/www.m3srl.com\/wp-content\/uploads\/2023\/07\/catenaria-1-1024x1024.webp 1024w, https:\/\/www.m3srl.com\/wp-content\/uploads\/2023\/07\/catenaria-1-300x300.webp 300w, https:\/\/www.m3srl.com\/wp-content\/uploads\/2023\/07\/catenaria-1-150x150.webp 150w, https:\/\/www.m3srl.com\/wp-content\/uploads\/2023\/07\/catenaria-1-768x768.webp 768w, https:\/\/www.m3srl.com\/wp-content\/uploads\/2023\/07\/catenaria-1-650x650.webp 650w, https:\/\/www.m3srl.com\/wp-content\/uploads\/2023\/07\/catenaria-1-600x600.webp 600w, https:\/\/www.m3srl.com\/wp-content\/uploads\/2023\/07\/catenaria-1-100x100.webp 100w, https:\/\/www.m3srl.com\/wp-content\/uploads\/2023\/07\/catenaria-1.webp 1080w\" sizes=\"auto, (max-width: 1024px) 100vw, 1024px\" \/>\t\t\t\t\t\t\t\t\t\t\t<\/a>\n\t\t\t\t\t\t\t\t\t<\/div>\n\t\t\t<\/div>\n\t\t\t\t\t<div class=\"mkdf-ig-image mkdf-item-space\">\n\t\t\t\t<div class=\"mkdf-ig-image-inner\">\n\t\t\t\t\t\t\t\t\t\t\t<a itemprop=\"image\" class=\"mkdf-ig-lightbox\" href=\"https:\/\/www.m3srl.com\/wp-content\/uploads\/2023\/07\/catenaria-2.webp\" data-rel=\"prettyPhoto[image_gallery_pretty_photo-612]\" title=\"catenaria-2\">\n\t\t\t\t\t\t\t\t\t\t\t<img loading=\"lazy\" decoding=\"async\" width=\"1024\" height=\"1024\" src=\"https:\/\/www.m3srl.com\/wp-content\/uploads\/2023\/07\/catenaria-2-1024x1024.webp\" class=\"attachment-large size-large\" alt=\"\" srcset=\"https:\/\/www.m3srl.com\/wp-content\/uploads\/2023\/07\/catenaria-2-1024x1024.webp 1024w, https:\/\/www.m3srl.com\/wp-content\/uploads\/2023\/07\/catenaria-2-300x300.webp 300w, https:\/\/www.m3srl.com\/wp-content\/uploads\/2023\/07\/catenaria-2-150x150.webp 150w, https:\/\/www.m3srl.com\/wp-content\/uploads\/2023\/07\/catenaria-2-768x768.webp 768w, https:\/\/www.m3srl.com\/wp-content\/uploads\/2023\/07\/catenaria-2-650x650.webp 650w, https:\/\/www.m3srl.com\/wp-content\/uploads\/2023\/07\/catenaria-2-600x600.webp 600w, https:\/\/www.m3srl.com\/wp-content\/uploads\/2023\/07\/catenaria-2-100x100.webp 100w, https:\/\/www.m3srl.com\/wp-content\/uploads\/2023\/07\/catenaria-2.webp 1080w\" sizes=\"auto, (max-width: 1024px) 100vw, 1024px\" \/>\t\t\t\t\t\t\t\t\t\t\t<\/a>\n\t\t\t\t\t\t\t\t\t<\/div>\n\t\t\t<\/div>\n\t\t\t\t\t<div class=\"mkdf-ig-image mkdf-item-space\">\n\t\t\t\t<div class=\"mkdf-ig-image-inner\">\n\t\t\t\t\t\t\t\t\t\t\t<a itemprop=\"image\" class=\"mkdf-ig-lightbox\" href=\"https:\/\/www.m3srl.com\/wp-content\/uploads\/2023\/07\/catenaria-3.webp\" data-rel=\"prettyPhoto[image_gallery_pretty_photo-612]\" title=\"catenaria-3\">\n\t\t\t\t\t\t\t\t\t\t\t<img loading=\"lazy\" decoding=\"async\" width=\"1024\" height=\"1024\" src=\"https:\/\/www.m3srl.com\/wp-content\/uploads\/2023\/07\/catenaria-3-1024x1024.webp\" class=\"attachment-large size-large\" alt=\"\" srcset=\"https:\/\/www.m3srl.com\/wp-content\/uploads\/2023\/07\/catenaria-3-1024x1024.webp 1024w, https:\/\/www.m3srl.com\/wp-content\/uploads\/2023\/07\/catenaria-3-300x300.webp 300w, https:\/\/www.m3srl.com\/wp-content\/uploads\/2023\/07\/catenaria-3-150x150.webp 150w, https:\/\/www.m3srl.com\/wp-content\/uploads\/2023\/07\/catenaria-3-768x768.webp 768w, https:\/\/www.m3srl.com\/wp-content\/uploads\/2023\/07\/catenaria-3-650x650.webp 650w, https:\/\/www.m3srl.com\/wp-content\/uploads\/2023\/07\/catenaria-3-600x600.webp 600w, https:\/\/www.m3srl.com\/wp-content\/uploads\/2023\/07\/catenaria-3-100x100.webp 100w, https:\/\/www.m3srl.com\/wp-content\/uploads\/2023\/07\/catenaria-3.webp 1080w\" sizes=\"auto, (max-width: 1024px) 100vw, 1024px\" \/>\t\t\t\t\t\t\t\t\t\t\t<\/a>\n\t\t\t\t\t\t\t\t\t<\/div>\n\t\t\t<\/div>\n\t\t\t\t\t<div class=\"mkdf-ig-image mkdf-item-space\">\n\t\t\t\t<div class=\"mkdf-ig-image-inner\">\n\t\t\t\t\t\t\t\t\t\t\t<a itemprop=\"image\" class=\"mkdf-ig-lightbox\" href=\"https:\/\/www.m3srl.com\/wp-content\/uploads\/2023\/07\/catenaria-4.webp\" data-rel=\"prettyPhoto[image_gallery_pretty_photo-612]\" title=\"catenaria-4\">\n\t\t\t\t\t\t\t\t\t\t\t<img loading=\"lazy\" decoding=\"async\" width=\"1024\" height=\"1024\" src=\"https:\/\/www.m3srl.com\/wp-content\/uploads\/2023\/07\/catenaria-4-1024x1024.webp\" class=\"attachment-large size-large\" alt=\"\" srcset=\"https:\/\/www.m3srl.com\/wp-content\/uploads\/2023\/07\/catenaria-4-1024x1024.webp 1024w, https:\/\/www.m3srl.com\/wp-content\/uploads\/2023\/07\/catenaria-4-300x300.webp 300w, https:\/\/www.m3srl.com\/wp-content\/uploads\/2023\/07\/catenaria-4-150x150.webp 150w, https:\/\/www.m3srl.com\/wp-content\/uploads\/2023\/07\/catenaria-4-768x768.webp 768w, https:\/\/www.m3srl.com\/wp-content\/uploads\/2023\/07\/catenaria-4-650x650.webp 650w, https:\/\/www.m3srl.com\/wp-content\/uploads\/2023\/07\/catenaria-4-600x600.webp 600w, https:\/\/www.m3srl.com\/wp-content\/uploads\/2023\/07\/catenaria-4-100x100.webp 100w, https:\/\/www.m3srl.com\/wp-content\/uploads\/2023\/07\/catenaria-4.webp 1080w\" sizes=\"auto, (max-width: 1024px) 100vw, 1024px\" \/>\t\t\t\t\t\t\t\t\t\t\t<\/a>\n\t\t\t\t\t\t\t\t\t<\/div>\n\t\t\t<\/div>\n\t\t\t\t\t<div class=\"mkdf-ig-image mkdf-item-space\">\n\t\t\t\t<div class=\"mkdf-ig-image-inner\">\n\t\t\t\t\t\t\t\t\t\t\t<a itemprop=\"image\" class=\"mkdf-ig-lightbox\" href=\"https:\/\/www.m3srl.com\/wp-content\/uploads\/2023\/07\/catenaria-5.webp\" data-rel=\"prettyPhoto[image_gallery_pretty_photo-612]\" title=\"catenaria-5\">\n\t\t\t\t\t\t\t\t\t\t\t<img loading=\"lazy\" decoding=\"async\" width=\"1024\" height=\"1024\" src=\"https:\/\/www.m3srl.com\/wp-content\/uploads\/2023\/07\/catenaria-5-1024x1024.webp\" class=\"attachment-large size-large\" alt=\"\" srcset=\"https:\/\/www.m3srl.com\/wp-content\/uploads\/2023\/07\/catenaria-5-1024x1024.webp 1024w, https:\/\/www.m3srl.com\/wp-content\/uploads\/2023\/07\/catenaria-5-300x300.webp 300w, https:\/\/www.m3srl.com\/wp-content\/uploads\/2023\/07\/catenaria-5-150x150.webp 150w, https:\/\/www.m3srl.com\/wp-content\/uploads\/2023\/07\/catenaria-5-768x768.webp 768w, https:\/\/www.m3srl.com\/wp-content\/uploads\/2023\/07\/catenaria-5-650x650.webp 650w, https:\/\/www.m3srl.com\/wp-content\/uploads\/2023\/07\/catenaria-5-600x600.webp 600w, https:\/\/www.m3srl.com\/wp-content\/uploads\/2023\/07\/catenaria-5-100x100.webp 100w, https:\/\/www.m3srl.com\/wp-content\/uploads\/2023\/07\/catenaria-5.webp 1080w\" sizes=\"auto, (max-width: 1024px) 100vw, 1024px\" \/>\t\t\t\t\t\t\t\t\t\t\t<\/a>\n\t\t\t\t\t\t\t\t\t<\/div>\n\t\t\t<\/div>\n\t\t\t\t\t<div class=\"mkdf-ig-image mkdf-item-space\">\n\t\t\t\t<div class=\"mkdf-ig-image-inner\">\n\t\t\t\t\t\t\t\t\t\t\t<a itemprop=\"image\" class=\"mkdf-ig-lightbox\" href=\"https:\/\/www.m3srl.com\/wp-content\/uploads\/2023\/07\/catenaria-6.webp\" data-rel=\"prettyPhoto[image_gallery_pretty_photo-612]\" title=\"catenaria-6\">\n\t\t\t\t\t\t\t\t\t\t\t<img loading=\"lazy\" decoding=\"async\" width=\"1024\" height=\"1024\" src=\"https:\/\/www.m3srl.com\/wp-content\/uploads\/2023\/07\/catenaria-6-1024x1024.webp\" class=\"attachment-large size-large\" alt=\"\" srcset=\"https:\/\/www.m3srl.com\/wp-content\/uploads\/2023\/07\/catenaria-6-1024x1024.webp 1024w, https:\/\/www.m3srl.com\/wp-content\/uploads\/2023\/07\/catenaria-6-300x300.webp 300w, https:\/\/www.m3srl.com\/wp-content\/uploads\/2023\/07\/catenaria-6-150x150.webp 150w, https:\/\/www.m3srl.com\/wp-content\/uploads\/2023\/07\/catenaria-6-768x768.webp 768w, https:\/\/www.m3srl.com\/wp-content\/uploads\/2023\/07\/catenaria-6-650x650.webp 650w, https:\/\/www.m3srl.com\/wp-content\/uploads\/2023\/07\/catenaria-6-600x600.webp 600w, https:\/\/www.m3srl.com\/wp-content\/uploads\/2023\/07\/catenaria-6-100x100.webp 100w, https:\/\/www.m3srl.com\/wp-content\/uploads\/2023\/07\/catenaria-6.webp 1080w\" sizes=\"auto, (max-width: 1024px) 100vw, 1024px\" \/>\t\t\t\t\t\t\t\t\t\t\t<\/a>\n\t\t\t\t\t\t\t\t\t<\/div>\n\t\t\t<\/div>\n\t\t\t<\/div>\n<\/div>[\/vc_column][\/vc_row]<\/p>\n<\/section>","protected":false},"excerpt":{"rendered":"<p><img loading=\"lazy\" decoding=\"async\" class=\"alignnone size-medium wp-image-3136\" src=\"https:\/\/www.m3srl.com\/wp-content\/uploads\/2022\/10\/Trimmer-MC-Series-icons-300x56.png\" alt=\"\" width=\"300\" height=\"56\" srcset=\"https:\/\/www.m3srl.com\/wp-content\/uploads\/2022\/10\/Trimmer-MC-Series-icons-300x56.png 300w, https:\/\/www.m3srl.com\/wp-content\/uploads\/2022\/10\/Trimmer-MC-Series-icons.png 400w\" sizes=\"auto, (max-width: 300px) 100vw, 300px\" \/> Die Grabenfr\u00e4se ist eine kompakte aber m\u00e4chtige Ausr\u00fcstung, die engere Ausgrabungen in gr\u00f6\u00dferen Tiefen realisieren kann. Ideal zum Verlegen von Bew\u00e4sserungsrohren, Kabeln f\u00fcr unterirdische Kommunikations- und Elektroleitungen, Stra\u00dfeninstandhaltung und f\u00fcr die allgemeine Baubranche. Die verschiedenen Breiten zur Verf\u00fcgung erlauben, nicht l\u00e4nger als n\u00f6tig zu graben. Der Boden bleibt glatt und sauber. Die Grabenfr\u00e4se M3 ist ausgestattet mit: Planetengetriebe, hydraulischem Motor Eaton, einem verstellbaren unterst\u00fctzen Schuh (bis 3 Positionen), und eine Schnecke f\u00fcr die Entfernung des Ausbruchsmaterials. Unser neues Design erlaubt, tief und homogen zu graben und das Ausbruchsmaterials zu entfernen Dieses Material wird fein zerkleinert, um eine effiziente Verdichtung beim Bef\u00fcllen des Grabens zu f\u00f6rdern. Das erlaubt eine minimale Ver\u00e4nderung der Bodenbedingungen und also ein sauberes Finish.         <\/p>\n","protected":false},"featured_media":5540,"template":"","meta":[],"product_brand":[],"product_cat":[183],"product_tag":[],"class_list":{"0":"post-5548","1":"product","2":"type-product","3":"status-publish","4":"has-post-thumbnail","6":"product_cat-andere-ausruestungen","8":"first","9":"instock","10":"shipping-taxable","11":"product-type-grouped"},"_links":{"self":[{"href":"https:\/\/www.m3srl.com\/de\/wp-json\/wp\/v2\/product\/5548","targetHints":{"allow":["GET"]}}],"collection":[{"href":"https:\/\/www.m3srl.com\/de\/wp-json\/wp\/v2\/product"}],"about":[{"href":"https:\/\/www.m3srl.com\/de\/wp-json\/wp\/v2\/types\/product"}],"wp:featuredmedia":[{"embeddable":true,"href":"https:\/\/www.m3srl.com\/de\/wp-json\/wp\/v2\/media\/5540"}],"wp:attachment":[{"href":"https:\/\/www.m3srl.com\/de\/wp-json\/wp\/v2\/media?parent=5548"}],"wp:term":[{"taxonomy":"product_brand","embeddable":true,"href":"https:\/\/www.m3srl.com\/de\/wp-json\/wp\/v2\/product_brand?post=5548"},{"taxonomy":"product_cat","embeddable":true,"href":"https:\/\/www.m3srl.com\/de\/wp-json\/wp\/v2\/product_cat?post=5548"},{"taxonomy":"product_tag","embeddable":true,"href":"https:\/\/www.m3srl.com\/de\/wp-json\/wp\/v2\/product_tag?post=5548"}],"curies":[{"name":"wp","href":"https:\/\/api.w.org\/{rel}","templated":true}]}}