{"id":6465,"date":"2023-11-17T14:44:21","date_gmt":"2023-11-17T13:44:21","guid":{"rendered":"https:\/\/www.m3srl.com\/?post_type=product&#038;p=6465"},"modified":"2024-10-03T16:13:32","modified_gmt":"2024-10-03T14:13:32","slug":"kehrmaschine-serie-f","status":"publish","type":"product","link":"https:\/\/www.m3srl.com\/de\/ausr\u00fcstungen\/reinigung\/kehrmaschine-serie-f\/","title":{"rendered":"Kehrmaschine Serie F"},"content":{"rendered":"<section class=\"wpb-content-wrapper\"><p>[vc_row disable_background_image=&#8221;&#8221;][vc_column][vc_column_text]<\/p>\n<h3>GALERIE<\/h3>\n<p>[\/vc_column_text]<div class=\"mkdf-image-gallery mkdf-grid-list mkdf-disable-bottom-space  mkdf-ig-grid-type mkdf-six-columns mkdf-tiny-space  mkdf-image-behavior-lightbox \">\n\t<div class=\"mkdf-ig-inner mkdf-outer-space\">\n\t\t\t\t\t<div class=\"mkdf-ig-image mkdf-item-space\">\n\t\t\t\t<div class=\"mkdf-ig-image-inner\">\n\t\t\t\t\t\t\t\t\t\t\t<a itemprop=\"image\" class=\"mkdf-ig-lightbox\" href=\"https:\/\/www.m3srl.com\/wp-content\/uploads\/2023\/11\/benna-spazzolatrice-f-1.webp\" data-rel=\"prettyPhoto[image_gallery_pretty_photo-475]\" title=\"benna-spazzolatrice-f-1\">\n\t\t\t\t\t\t\t\t\t\t\t<img loading=\"lazy\" decoding=\"async\" width=\"1024\" height=\"1024\" src=\"https:\/\/www.m3srl.com\/wp-content\/uploads\/2023\/11\/benna-spazzolatrice-f-1-1024x1024.webp\" class=\"attachment-large size-large\" alt=\"\" srcset=\"https:\/\/www.m3srl.com\/wp-content\/uploads\/2023\/11\/benna-spazzolatrice-f-1-1024x1024.webp 1024w, https:\/\/www.m3srl.com\/wp-content\/uploads\/2023\/11\/benna-spazzolatrice-f-1-300x300.webp 300w, https:\/\/www.m3srl.com\/wp-content\/uploads\/2023\/11\/benna-spazzolatrice-f-1-150x150.webp 150w, https:\/\/www.m3srl.com\/wp-content\/uploads\/2023\/11\/benna-spazzolatrice-f-1-768x768.webp 768w, https:\/\/www.m3srl.com\/wp-content\/uploads\/2023\/11\/benna-spazzolatrice-f-1-650x650.webp 650w, https:\/\/www.m3srl.com\/wp-content\/uploads\/2023\/11\/benna-spazzolatrice-f-1-600x600.webp 600w, https:\/\/www.m3srl.com\/wp-content\/uploads\/2023\/11\/benna-spazzolatrice-f-1-100x100.webp 100w, https:\/\/www.m3srl.com\/wp-content\/uploads\/2023\/11\/benna-spazzolatrice-f-1.webp 1080w\" sizes=\"auto, (max-width: 1024px) 100vw, 1024px\" \/>\t\t\t\t\t\t\t\t\t\t\t<\/a>\n\t\t\t\t\t\t\t\t\t<\/div>\n\t\t\t<\/div>\n\t\t\t\t\t<div class=\"mkdf-ig-image mkdf-item-space\">\n\t\t\t\t<div class=\"mkdf-ig-image-inner\">\n\t\t\t\t\t\t\t\t\t\t\t<a itemprop=\"image\" class=\"mkdf-ig-lightbox\" href=\"https:\/\/www.m3srl.com\/wp-content\/uploads\/2023\/11\/benna-spazzolatrice-f-2.webp\" data-rel=\"prettyPhoto[image_gallery_pretty_photo-475]\" title=\"benna-spazzolatrice-f-2\">\n\t\t\t\t\t\t\t\t\t\t\t<img loading=\"lazy\" decoding=\"async\" width=\"1024\" height=\"1024\" src=\"https:\/\/www.m3srl.com\/wp-content\/uploads\/2023\/11\/benna-spazzolatrice-f-2-1024x1024.webp\" class=\"attachment-large size-large\" alt=\"\" srcset=\"https:\/\/www.m3srl.com\/wp-content\/uploads\/2023\/11\/benna-spazzolatrice-f-2-1024x1024.webp 1024w, https:\/\/www.m3srl.com\/wp-content\/uploads\/2023\/11\/benna-spazzolatrice-f-2-300x300.webp 300w, https:\/\/www.m3srl.com\/wp-content\/uploads\/2023\/11\/benna-spazzolatrice-f-2-150x150.webp 150w, https:\/\/www.m3srl.com\/wp-content\/uploads\/2023\/11\/benna-spazzolatrice-f-2-768x768.webp 768w, https:\/\/www.m3srl.com\/wp-content\/uploads\/2023\/11\/benna-spazzolatrice-f-2-650x650.webp 650w, https:\/\/www.m3srl.com\/wp-content\/uploads\/2023\/11\/benna-spazzolatrice-f-2-600x600.webp 600w, https:\/\/www.m3srl.com\/wp-content\/uploads\/2023\/11\/benna-spazzolatrice-f-2-100x100.webp 100w, https:\/\/www.m3srl.com\/wp-content\/uploads\/2023\/11\/benna-spazzolatrice-f-2.webp 1080w\" sizes=\"auto, (max-width: 1024px) 100vw, 1024px\" \/>\t\t\t\t\t\t\t\t\t\t\t<\/a>\n\t\t\t\t\t\t\t\t\t<\/div>\n\t\t\t<\/div>\n\t\t\t\t\t<div class=\"mkdf-ig-image mkdf-item-space\">\n\t\t\t\t<div class=\"mkdf-ig-image-inner\">\n\t\t\t\t\t\t\t\t\t\t\t<a itemprop=\"image\" class=\"mkdf-ig-lightbox\" href=\"https:\/\/www.m3srl.com\/wp-content\/uploads\/2023\/11\/benna-spazzolatrice-f-3.webp\" data-rel=\"prettyPhoto[image_gallery_pretty_photo-475]\" title=\"benna-spazzolatrice-f-3\">\n\t\t\t\t\t\t\t\t\t\t\t<img loading=\"lazy\" decoding=\"async\" width=\"1024\" height=\"1024\" src=\"https:\/\/www.m3srl.com\/wp-content\/uploads\/2023\/11\/benna-spazzolatrice-f-3-1024x1024.webp\" class=\"attachment-large size-large\" alt=\"\" srcset=\"https:\/\/www.m3srl.com\/wp-content\/uploads\/2023\/11\/benna-spazzolatrice-f-3-1024x1024.webp 1024w, https:\/\/www.m3srl.com\/wp-content\/uploads\/2023\/11\/benna-spazzolatrice-f-3-300x300.webp 300w, https:\/\/www.m3srl.com\/wp-content\/uploads\/2023\/11\/benna-spazzolatrice-f-3-150x150.webp 150w, https:\/\/www.m3srl.com\/wp-content\/uploads\/2023\/11\/benna-spazzolatrice-f-3-768x768.webp 768w, https:\/\/www.m3srl.com\/wp-content\/uploads\/2023\/11\/benna-spazzolatrice-f-3-650x650.webp 650w, https:\/\/www.m3srl.com\/wp-content\/uploads\/2023\/11\/benna-spazzolatrice-f-3-600x600.webp 600w, https:\/\/www.m3srl.com\/wp-content\/uploads\/2023\/11\/benna-spazzolatrice-f-3-100x100.webp 100w, https:\/\/www.m3srl.com\/wp-content\/uploads\/2023\/11\/benna-spazzolatrice-f-3.webp 1080w\" sizes=\"auto, (max-width: 1024px) 100vw, 1024px\" \/>\t\t\t\t\t\t\t\t\t\t\t<\/a>\n\t\t\t\t\t\t\t\t\t<\/div>\n\t\t\t<\/div>\n\t\t\t\t\t<div class=\"mkdf-ig-image mkdf-item-space\">\n\t\t\t\t<div class=\"mkdf-ig-image-inner\">\n\t\t\t\t\t\t\t\t\t\t\t<a itemprop=\"image\" class=\"mkdf-ig-lightbox\" href=\"https:\/\/www.m3srl.com\/wp-content\/uploads\/2023\/11\/benna-spazzolatrice-f-4.webp\" data-rel=\"prettyPhoto[image_gallery_pretty_photo-475]\" title=\"benna-spazzolatrice-f-4\">\n\t\t\t\t\t\t\t\t\t\t\t<img loading=\"lazy\" decoding=\"async\" width=\"1024\" height=\"1024\" src=\"https:\/\/www.m3srl.com\/wp-content\/uploads\/2023\/11\/benna-spazzolatrice-f-4-1024x1024.webp\" class=\"attachment-large size-large\" alt=\"\" srcset=\"https:\/\/www.m3srl.com\/wp-content\/uploads\/2023\/11\/benna-spazzolatrice-f-4-1024x1024.webp 1024w, https:\/\/www.m3srl.com\/wp-content\/uploads\/2023\/11\/benna-spazzolatrice-f-4-300x300.webp 300w, https:\/\/www.m3srl.com\/wp-content\/uploads\/2023\/11\/benna-spazzolatrice-f-4-150x150.webp 150w, https:\/\/www.m3srl.com\/wp-content\/uploads\/2023\/11\/benna-spazzolatrice-f-4-768x768.webp 768w, https:\/\/www.m3srl.com\/wp-content\/uploads\/2023\/11\/benna-spazzolatrice-f-4-650x650.webp 650w, https:\/\/www.m3srl.com\/wp-content\/uploads\/2023\/11\/benna-spazzolatrice-f-4-600x600.webp 600w, https:\/\/www.m3srl.com\/wp-content\/uploads\/2023\/11\/benna-spazzolatrice-f-4-100x100.webp 100w, https:\/\/www.m3srl.com\/wp-content\/uploads\/2023\/11\/benna-spazzolatrice-f-4.webp 1080w\" sizes=\"auto, (max-width: 1024px) 100vw, 1024px\" \/>\t\t\t\t\t\t\t\t\t\t\t<\/a>\n\t\t\t\t\t\t\t\t\t<\/div>\n\t\t\t<\/div>\n\t\t\t\t\t<div class=\"mkdf-ig-image mkdf-item-space\">\n\t\t\t\t<div class=\"mkdf-ig-image-inner\">\n\t\t\t\t\t\t\t\t\t\t\t<a itemprop=\"image\" class=\"mkdf-ig-lightbox\" href=\"https:\/\/www.m3srl.com\/wp-content\/uploads\/2023\/11\/benna-spazzolatrice-f-5.webp\" data-rel=\"prettyPhoto[image_gallery_pretty_photo-475]\" title=\"benna-spazzolatrice-f-5\">\n\t\t\t\t\t\t\t\t\t\t\t<img loading=\"lazy\" decoding=\"async\" width=\"1024\" height=\"1024\" src=\"https:\/\/www.m3srl.com\/wp-content\/uploads\/2023\/11\/benna-spazzolatrice-f-5-1024x1024.webp\" class=\"attachment-large size-large\" alt=\"\" srcset=\"https:\/\/www.m3srl.com\/wp-content\/uploads\/2023\/11\/benna-spazzolatrice-f-5-1024x1024.webp 1024w, https:\/\/www.m3srl.com\/wp-content\/uploads\/2023\/11\/benna-spazzolatrice-f-5-300x300.webp 300w, https:\/\/www.m3srl.com\/wp-content\/uploads\/2023\/11\/benna-spazzolatrice-f-5-150x150.webp 150w, https:\/\/www.m3srl.com\/wp-content\/uploads\/2023\/11\/benna-spazzolatrice-f-5-768x768.webp 768w, https:\/\/www.m3srl.com\/wp-content\/uploads\/2023\/11\/benna-spazzolatrice-f-5-650x650.webp 650w, https:\/\/www.m3srl.com\/wp-content\/uploads\/2023\/11\/benna-spazzolatrice-f-5-600x600.webp 600w, https:\/\/www.m3srl.com\/wp-content\/uploads\/2023\/11\/benna-spazzolatrice-f-5-100x100.webp 100w, https:\/\/www.m3srl.com\/wp-content\/uploads\/2023\/11\/benna-spazzolatrice-f-5.webp 1080w\" sizes=\"auto, (max-width: 1024px) 100vw, 1024px\" \/>\t\t\t\t\t\t\t\t\t\t\t<\/a>\n\t\t\t\t\t\t\t\t\t<\/div>\n\t\t\t<\/div>\n\t\t\t\t\t<div class=\"mkdf-ig-image mkdf-item-space\">\n\t\t\t\t<div class=\"mkdf-ig-image-inner\">\n\t\t\t\t\t\t\t\t\t\t\t<a itemprop=\"image\" class=\"mkdf-ig-lightbox\" href=\"https:\/\/www.m3srl.com\/wp-content\/uploads\/2023\/11\/benna-spazzolatrice-f-6.webp\" data-rel=\"prettyPhoto[image_gallery_pretty_photo-475]\" title=\"benna-spazzolatrice-f-6\">\n\t\t\t\t\t\t\t\t\t\t\t<img loading=\"lazy\" decoding=\"async\" width=\"1024\" height=\"1024\" src=\"https:\/\/www.m3srl.com\/wp-content\/uploads\/2023\/11\/benna-spazzolatrice-f-6-1024x1024.webp\" class=\"attachment-large size-large\" alt=\"\" srcset=\"https:\/\/www.m3srl.com\/wp-content\/uploads\/2023\/11\/benna-spazzolatrice-f-6-1024x1024.webp 1024w, https:\/\/www.m3srl.com\/wp-content\/uploads\/2023\/11\/benna-spazzolatrice-f-6-300x300.webp 300w, https:\/\/www.m3srl.com\/wp-content\/uploads\/2023\/11\/benna-spazzolatrice-f-6-150x150.webp 150w, https:\/\/www.m3srl.com\/wp-content\/uploads\/2023\/11\/benna-spazzolatrice-f-6-768x768.webp 768w, https:\/\/www.m3srl.com\/wp-content\/uploads\/2023\/11\/benna-spazzolatrice-f-6-650x650.webp 650w, https:\/\/www.m3srl.com\/wp-content\/uploads\/2023\/11\/benna-spazzolatrice-f-6-600x600.webp 600w, https:\/\/www.m3srl.com\/wp-content\/uploads\/2023\/11\/benna-spazzolatrice-f-6-100x100.webp 100w, https:\/\/www.m3srl.com\/wp-content\/uploads\/2023\/11\/benna-spazzolatrice-f-6.webp 1080w\" sizes=\"auto, (max-width: 1024px) 100vw, 1024px\" \/>\t\t\t\t\t\t\t\t\t\t\t<\/a>\n\t\t\t\t\t\t\t\t\t<\/div>\n\t\t\t<\/div>\n\t\t\t<\/div>\n<\/div>[vc_column_text]<\/p>\n<h3>VIDEO<\/h3>\n<p>[\/vc_column_text][vc_column_text]<iframe class=\"youtube-video\" title=\"YouTube video player\" src=\"https:\/\/www.youtube-nocookie.com\/embed\/3s0KIe-stUg?si=-WFsD3qMuDWJZ00_&amp;rel=0\" frameborder=\"0\" allowfullscreen=\"allowfullscreen\"><span data-mce-type=\"bookmark\" style=\"display: inline-block; width: 0px; overflow: hidden; line-height: 0;\" class=\"mce_SELRES_start\"><\/span><\/iframe>[\/vc_column_text][\/vc_column][\/vc_row]<\/p>\n<\/section>","protected":false},"excerpt":{"rendered":"<p><img loading=\"lazy\" decoding=\"async\" class=\"alignnone size-medium wp-image-3127\" src=\"https:\/\/www.m3srl.com\/wp-content\/uploads\/2023\/11\/Sweeper-Bucket-F-icons.png\" alt=\"\" width=\"300\" height=\"56\">  Die neue Kehrschaufel der M3 F-Serie ist f\u00fcr Gabelstapler und generell f\u00fcr alle Maschinen mit Gabelzinken geeignet. Entwickelt fu\u0308r die Benutzung im Industrial-, Land- und Baumschulbereich, kann man sie nur bei Vorw\u00e4rtsfahrt benutzen. Nur bei Vorw\u00e4rtsfahrt benutzen. Dank einer schnellen Montage ist sie praktisch und einfach fu\u0308r die Reinigung jeder Fl\u00e4che, von gro\u00dfen Industriegebieten bis Pl\u00e4tzen, von Stra\u00dfen und Parkpl\u00e4tzen bis Bauernh\u00f6fe und Reitstalle. Sie wird komplett mit Sammelbeh\u00e4lter mit hydraulischer \u00d6ffnung und Schlie\u00dfung, schwimmender Aufnahme fu\u0308r Gabeln, N\u00b0 3 Stu\u0308tzr\u00e4dern und Bu\u0308rste \u00d8 550 mm ausgestattet.<\/p>\n","protected":false},"featured_media":6474,"template":"","meta":[],"product_brand":[],"product_cat":[178],"product_tag":[],"class_list":{"0":"post-6465","1":"product","2":"type-product","3":"status-publish","4":"has-post-thumbnail","6":"product_cat-reinigung","8":"first","9":"instock","10":"shipping-taxable","11":"product-type-grouped"},"_links":{"self":[{"href":"https:\/\/www.m3srl.com\/de\/wp-json\/wp\/v2\/product\/6465","targetHints":{"allow":["GET"]}}],"collection":[{"href":"https:\/\/www.m3srl.com\/de\/wp-json\/wp\/v2\/product"}],"about":[{"href":"https:\/\/www.m3srl.com\/de\/wp-json\/wp\/v2\/types\/product"}],"wp:featuredmedia":[{"embeddable":true,"href":"https:\/\/www.m3srl.com\/de\/wp-json\/wp\/v2\/media\/6474"}],"wp:attachment":[{"href":"https:\/\/www.m3srl.com\/de\/wp-json\/wp\/v2\/media?parent=6465"}],"wp:term":[{"taxonomy":"product_brand","embeddable":true,"href":"https:\/\/www.m3srl.com\/de\/wp-json\/wp\/v2\/product_brand?post=6465"},{"taxonomy":"product_cat","embeddable":true,"href":"https:\/\/www.m3srl.com\/de\/wp-json\/wp\/v2\/product_cat?post=6465"},{"taxonomy":"product_tag","embeddable":true,"href":"https:\/\/www.m3srl.com\/de\/wp-json\/wp\/v2\/product_tag?post=6465"}],"curies":[{"name":"wp","href":"https:\/\/api.w.org\/{rel}","templated":true}]}}