{"id":8982,"date":"2025-04-01T10:26:39","date_gmt":"2025-04-01T08:26:39","guid":{"rendered":"https:\/\/www.m3srl.com\/equipment\/unkategorisiert\/siebschaufel-2\/"},"modified":"2025-04-01T11:25:01","modified_gmt":"2025-04-01T09:25:01","slug":"siebschaufel","status":"publish","type":"product","link":"https:\/\/www.m3srl.com\/de\/ausr\u00fcstungen\/andere-ausruestungen\/siebschaufel\/","title":{"rendered":"Siebschaufel"},"content":{"rendered":"","protected":false},"excerpt":{"rendered":"<p><img loading=\"lazy\" decoding=\"async\" class=\"alignnone size-medium wp-image-8962\" src=\"https:\/\/www.m3srl.com\/wp-content\/uploads\/2025\/04\/benna-selezionatrice-macchinari-300x56.png\" alt=\"\" width=\"300\" height=\"56\" srcset=\"https:\/\/www.m3srl.com\/wp-content\/uploads\/2025\/04\/benna-selezionatrice-macchinari-300x56.png 300w, https:\/\/www.m3srl.com\/wp-content\/uploads\/2025\/04\/benna-selezionatrice-macchinari.png 400w\" sizes=\"auto, (max-width: 300px) 100vw, 300px\" \/><\/p>\n<p>Der Siebl\u00f6ffel f\u00fcr Kompaktlader M3 ist geeignet, um verschiedene Materialen, die sich aus Verschrottungs- und Grabungsarbeiten ergeben, in einem Schritt und direkt auf Baustellen, zu sieben und trennen (mit weniger Beitreibungs- und Materialtransportkosten). Geeignet f\u00fcr alle Kompaktlader, kann man das auch benutzen, um Boden mit Torf zu mischen. Die mitgelieferten Siebe aus Hardox HBW450 erlauben, Materialen von 0-20 mm zu sieben. Der Siebl\u00f6ffel M3 ist ausgestattet mit: \u00dcberdruck\u2014und Schockventil, Sieben und Bau aus verschlei\u00dffestem Stahl HBW450, hydraulischen Schl\u00e4uchen und Aufnahme f\u00fcr Kompaktlader.<\/p>\n","protected":false},"featured_media":8970,"template":"","meta":[],"product_brand":[],"product_cat":[183],"product_tag":[],"class_list":{"0":"post-8982","1":"product","2":"type-product","3":"status-publish","4":"has-post-thumbnail","6":"product_cat-andere-ausruestungen","8":"first","9":"instock","10":"shipping-taxable","11":"product-type-simple"},"_links":{"self":[{"href":"https:\/\/www.m3srl.com\/de\/wp-json\/wp\/v2\/product\/8982","targetHints":{"allow":["GET"]}}],"collection":[{"href":"https:\/\/www.m3srl.com\/de\/wp-json\/wp\/v2\/product"}],"about":[{"href":"https:\/\/www.m3srl.com\/de\/wp-json\/wp\/v2\/types\/product"}],"wp:featuredmedia":[{"embeddable":true,"href":"https:\/\/www.m3srl.com\/de\/wp-json\/wp\/v2\/media\/8970"}],"wp:attachment":[{"href":"https:\/\/www.m3srl.com\/de\/wp-json\/wp\/v2\/media?parent=8982"}],"wp:term":[{"taxonomy":"product_brand","embeddable":true,"href":"https:\/\/www.m3srl.com\/de\/wp-json\/wp\/v2\/product_brand?post=8982"},{"taxonomy":"product_cat","embeddable":true,"href":"https:\/\/www.m3srl.com\/de\/wp-json\/wp\/v2\/product_cat?post=8982"},{"taxonomy":"product_tag","embeddable":true,"href":"https:\/\/www.m3srl.com\/de\/wp-json\/wp\/v2\/product_tag?post=8982"}],"curies":[{"name":"wp","href":"https:\/\/api.w.org\/{rel}","templated":true}]}}