{"id":6124,"date":"2019-09-12T10:07:16","date_gmt":"2019-09-12T08:07:16","guid":{"rendered":"https:\/\/www.m3srl.com\/quienes-somos\/"},"modified":"2023-09-04T12:14:00","modified_gmt":"2023-09-04T10:14:00","slug":"quienes-somos","status":"publish","type":"page","link":"https:\/\/www.m3srl.com\/es\/quienes-somos\/","title":{"rendered":"Qui\u00e9nes Somos"},"content":{"rendered":"<section class=\"wpb-content-wrapper\"><p>[vc_row row_content_width=&#8221;grid&#8221; disable_background_image=&#8221;1024&#8243; animated_text_position=&#8221;center&#8221; disable_animated_text=&#8221;&#8221; animated_text=&#8221;M3&#8243; animated_text_color=&#8221;#f5f5f5&#8243; css=&#8221;.vc_custom_1663944180236{padding-top: 130px !important;padding-bottom: 125px !important;}&#8221; animated_text_overlay_image=&#8221;2059&#8243;][vc_column css=&#8221;.vc_custom_1569240237669{padding-top: 0px !important;padding-bottom: 5px !important;}&#8221;][vc_row_inner row_content_width=&#8221;grid&#8221;][vc_column_inner css=&#8221;.vc_custom_1567499344778{padding-top: 0px !important;padding-bottom: 0px !important;}&#8221;]<div class=\"mkdf-item-showcase-specific-holder  mkdf-iss-text-left  mkdf-has-appear-animation\">\n\t<div class=\"mkdf-iss-content\">\n\t\t<div class=\"mkdf-iss-info-section\">\n\t\t\t\t\t\t\t<span class=\"mkdf-iss-tagline\" >QUI\u00c9NES SOMOS <\/span>\n\t\t\t\t\t\t\t\t\t\t<h2 class=\"mkdf-iss-title\" >\n\t\t\t\t\tM3 METALMECCANICA MODERNA\t\t\t\t<\/h2>\n\t\t\t\t\t\t\t\t\t\t<p class=\"mkdf-is-text\" >M3 MetalMeccanica Moderna s.r.l. es una empresa con una experiencia de alto nivel tanto en el sector de la construcci\u00f3n como en la maquinaria de movimiento de tierras. Todos los productos M3 se pueden acoplar a cualquier tipo de m\u00e1quina de construcci\u00f3n.<\/p>\n\t\t\t\t\t\t\t\t\t\t<\/div>\n\t\t<div class=\"mkdf-iss-media-section\">\n\t\t\t<div class=\"mkdf-iss-al-and-si-holder\">\n\t\t\t\t<div class=\"mkdf-iss-additional-link-holder\">\n\t\t\t\t\t\t\t\t\t<\/div>\n\t\t\t\t<div class=\"mkdf-iss-second-image-holder\">\n\t\t\t\t\t\t\t\t\t\t\t<div class=\"mkdf-iss-second-image\" style=\"top: 100px\">\n\t\t\t\t\t\t\t<img loading=\"lazy\" decoding=\"async\" width=\"200\" height=\"200\" src=\"https:\/\/www.m3srl.com\/wp-content\/uploads\/2022\/09\/m3-solar.png\" class=\"attachment-full size-full\" alt=\"\" srcset=\"https:\/\/www.m3srl.com\/wp-content\/uploads\/2022\/09\/m3-solar.png 200w, https:\/\/www.m3srl.com\/wp-content\/uploads\/2022\/09\/m3-solar-100x100.png 100w, https:\/\/www.m3srl.com\/wp-content\/uploads\/2022\/09\/m3-solar-150x150.png 150w\" sizes=\"auto, (max-width: 200px) 100vw, 200px\" \/>\t\t\t\t\t\t\t<span class=\"mkdf-angle one\"><\/span>\n\t\t\t\t\t\t\t<span class=\"mkdf-angle two\"><\/span>\n\t\t\t\t\t\t\t<span class=\"mkdf-angle three\"><\/span>\n\t\t\t\t\t\t\t<span class=\"mkdf-angle four\"><\/span>\n\t\t\t\t\t\t<\/div>\n\t\t\t\t\t\t\t\t\t<\/div>\n\t\t\t<\/div>\n\t\t\t<div class=\"mkdf-iss-main-image-holder\">\n\t\t\t\t<img loading=\"lazy\" decoding=\"async\" width=\"600\" height=\"213\" src=\"https:\/\/www.m3srl.com\/wp-content\/uploads\/2022\/09\/m3-building.png\" class=\"attachment-full size-full\" alt=\"\" style=\"transform: scale(1.8)\" srcset=\"https:\/\/www.m3srl.com\/wp-content\/uploads\/2022\/09\/m3-building.png 600w, https:\/\/www.m3srl.com\/wp-content\/uploads\/2022\/09\/m3-building-300x107.png 300w\" sizes=\"auto, (max-width: 600px) 100vw, 600px\" \/>\t\t\t<\/div>\n\t\t\t<div class=\"mkdf-iss-icon-holder\">\n\t\t\t\t\t\t\t<\/div>\n\t\t<\/div>\n\t<\/div>\n<\/div>[\/vc_column_inner][\/vc_row_inner][\/vc_column][\/vc_row][vc_row content_placement=&#8221;middle&#8221; disable_background_image=&#8221;&#8221; content_text_aligment=&#8221;center&#8221;][vc_column]<div class=\"mkdf-video-button-holder  mkdf-vb-has-img  mkdf-vb-tat-position-right\">\n\t\t\t<div class=\"mkdf-video-button-image\">\n\t\t\t<img loading=\"lazy\" decoding=\"async\" width=\"1920\" height=\"750\" src=\"https:\/\/www.m3srl.com\/wp-content\/uploads\/2022\/09\/video-m3-bg.jpg\" class=\"attachment-full size-full\" alt=\"\" srcset=\"https:\/\/www.m3srl.com\/wp-content\/uploads\/2022\/09\/video-m3-bg.jpg 1920w, https:\/\/www.m3srl.com\/wp-content\/uploads\/2022\/09\/video-m3-bg-600x234.jpg 600w, https:\/\/www.m3srl.com\/wp-content\/uploads\/2022\/09\/video-m3-bg-300x117.jpg 300w, https:\/\/www.m3srl.com\/wp-content\/uploads\/2022\/09\/video-m3-bg-1024x400.jpg 1024w, https:\/\/www.m3srl.com\/wp-content\/uploads\/2022\/09\/video-m3-bg-768x300.jpg 768w, https:\/\/www.m3srl.com\/wp-content\/uploads\/2022\/09\/video-m3-bg-1536x600.jpg 1536w\" sizes=\"auto, (max-width: 1920px) 100vw, 1920px\" \/>\t\t<\/div>\n\t\t\t\t<span class=\"mkdf-video-button-play\" >\n\t\t\t<span class=\"mkdf-video-button-play-inner\">\n\t\t\t\t<span class=\"mkdf-video-button-play-holder\">\n\t\t\t\t\t<span class=\"mkdf-video-button-play-text\">\n\t\t\t            <span class=\"mkdf-btn-line-hidden\"><\/span>\n\t\t\t            <span class=\"mkdf-btn-text\">Play<\/span>\n\t\t\t\t        <span class=\"mkdf-btn-line\"><\/span>\n\t\t\t            <i class=\"mkdf-icon-ion-icon ion-ios-play \"><\/i>\n\t\t\t        <\/span>\n\t\t\t        <span class=\"mkdf-video-button-svg\">\n\t\t\t\t\t\t<svg x=\"0px\" y=\"0px\" width=\"78px\" height=\"80px\" viewBox=\"0 0 78 80\" style=\"enable-background:new 0 0 78 80;\">\n\t\t\t\t\t\t\t<path fill=\"CurrentColor\" d=\"M38.2,0C20.1,0,4.8,12.3,0,29h1C5.8,12.8,20.7,1,38.2,1C59.6,1,77,18.5,77,40c0,21.5-17.4,39-38.8,39\n\t\tC21,79,6.4,67.6,1.3,52H0.3c5.1,16.2,20.1,28,37.9,28C60.2,80,78,62.1,78,40C78,17.9,60.2,0,38.2,0z\"><\/path>\n\t\t\t\t\t\t<\/svg>\n\t\t\t\t\t<\/span>\n\t\t\t\t\t\t\t\t\t\t\t<a class=\"mkdf-video-button-link\" href=\"https:\/\/youtu.be\/fxlm14K31rg\" data-rel=\"prettyPhoto[video_button_pretty_photo_447]\"><\/a>\n\t\t\t\t\t\t\t\t\t<\/span>\n\t\t\t<\/span>\n\t\t<\/span>\n\t\t\t\t<div class=\"mkdf-video-button-outer mkdf-content-in-grid\">\n\t\t\t<div class=\"mkdf-video-button-inner mkdf-grid\">\n\t\t\t\t<div class=\"mkdf-vb-tat-holder\">\n\t\t\t\t\t\t\t\t\t\t\t<span class=\"mkdf-vb-tagline\" >\n\t\t\t\t\t\t\tVIDEO\t\t\t\t\t\t<\/span>\n\t\t\t\t\t\t\t\t\t\t\t\t\t\t\t\t<h1 class=\"mkdf-vb-title\" >\n\t\t\t\t\t\tNUESTRA EMPRESA<br \/>\t\t\t\t\t<\/h1>\n\t\t\t\t\t\t\t\t\t<\/div>\n\t\t\t<\/div>\n\t\t<\/div>\n\t<\/div>[\/vc_column][\/vc_row][vc_row equal_height=&#8221;yes&#8221; row_content_width=&#8221;grid&#8221; disable_background_image=&#8221;&#8221; css=&#8221;.vc_custom_1663944186971{padding-top: 100px !important;padding-bottom: 100px !important;}&#8221;][vc_column width=&#8221;1\/2&#8243;]<div class=\"mkdf-section-title-holder    mkdf-has-appear-animation\" >\n\t<div class=\"mkdf-st-inner\">\n\t\t\t<span class=\"mkdf-st-tagline\" >\n\t\t\tM3 METALMECCANICAMODERNA\t\t<\/span>\n\t\t\t\t\t\t<h2 class=\"mkdf-st-title\" >\n\t\t\t\t\t\t\t\t\tNUESTRA EMPRESA\t\t\t\t\t\t\t<\/h2>\n\t\t\t\t\t\t\t<\/div>\n<\/div>[vc_empty_space height=&#8221;30px&#8221;][vc_single_image image=&#8221;2805&#8243; img_size=&#8221;full&#8221;][\/vc_column][vc_column width=&#8221;1\/2&#8243;][vc_column_text]El \u00e9xito y la posici\u00f3n alcanzada por M3 est\u00e1n fuertemente relacionados con sus productos de alta calidad y con los continuos esfuerzos de su equipo en la investigaci\u00f3n y el desarrollo, junto con la innovaci\u00f3n tecnol\u00f3gica.<\/p>\n<p>En cuanto titulares de la patente de nuestros productos, nos hemos centrados en la producci\u00f3n de <strong>cucharas hormigoneras innovadoras<\/strong>. Adem\u00e1s de nuestro mercado principal, hemos desarrollado una amplia gama de otros productos:<\/p>\n<ul>\n<li>cuchara barredora<\/li>\n<li>cuchara barredora angulable<\/li>\n<li>barredora industrial<\/li>\n<li>enganche r\u00e1pido<\/li>\n<li>adaptador ISO<\/li>\n<li>horquillas portapalets<\/li>\n<li>cuchilla grader<\/li>\n<li>cuchilla de bulldozer<\/li>\n<li>cuchilla para nieve<\/li>\n<li>soplador de nieve<\/li>\n<li>trituradora forestal<\/li>\n<li>desbrozadora hidr\u00e1ulica<\/li>\n<li>trituradora forestal<\/li>\n<li>pinza industrial<\/li>\n<li>cuchara est\u00e1ndar<\/li>\n<li>ahoyador<\/li>\n<li>cuchara cribadora<\/li>\n<\/ul>\n<p>[\/vc_column_text][\/vc_column][\/vc_row][vc_row equal_height=&#8221;yes&#8221; content_placement=&#8221;middle&#8221; disable_background_image=&#8221;&#8221; css=&#8221;.vc_custom_1663944373703{padding-top: 50px !important;padding-bottom: 50px !important;}&#8221; simple_background_color=&#8221;#dddddd&#8221;][vc_column][vc_icon icon_fontawesome=&#8221;fas fa-leaf&#8221; color=&#8221;green&#8221; size=&#8221;xl&#8221; align=&#8221;center&#8221;]<div class=\"mkdf-section-title-holder    mkdf-has-appear-animation\" style=\"text-align: center\">\n\t<div class=\"mkdf-st-inner\">\n\t\t\t\t\t\t<h2 class=\"mkdf-st-title\" >\n\t\t\t\t\t\t\t\t\tSOLO UTILIZAMOS ENERG\u00cdA VERDE\t\t\t\t\t\t\t<\/h2>\n\t\t\t\t\t\t\t<\/div>\n<\/div>[\/vc_column][\/vc_row]<\/p>\n<\/section>","protected":false},"excerpt":{"rendered":"<p> [&hellip;]<\/p>\n","protected":false},"author":1,"featured_media":0,"parent":0,"menu_order":0,"comment_status":"closed","ping_status":"closed","template":"full-width.php","meta":{"footnotes":""},"class_list":["post-6124","page","type-page","status-publish","hentry"],"_links":{"self":[{"href":"https:\/\/www.m3srl.com\/es\/wp-json\/wp\/v2\/pages\/6124","targetHints":{"allow":["GET"]}}],"collection":[{"href":"https:\/\/www.m3srl.com\/es\/wp-json\/wp\/v2\/pages"}],"about":[{"href":"https:\/\/www.m3srl.com\/es\/wp-json\/wp\/v2\/types\/page"}],"author":[{"embeddable":true,"href":"https:\/\/www.m3srl.com\/es\/wp-json\/wp\/v2\/users\/1"}],"replies":[{"embeddable":true,"href":"https:\/\/www.m3srl.com\/es\/wp-json\/wp\/v2\/comments?post=6124"}],"version-history":[{"count":10,"href":"https:\/\/www.m3srl.com\/es\/wp-json\/wp\/v2\/pages\/6124\/revisions"}],"predecessor-version":[{"id":6252,"href":"https:\/\/www.m3srl.com\/es\/wp-json\/wp\/v2\/pages\/6124\/revisions\/6252"}],"wp:attachment":[{"href":"https:\/\/www.m3srl.com\/es\/wp-json\/wp\/v2\/media?parent=6124"}],"curies":[{"name":"wp","href":"https:\/\/api.w.org\/{rel}","templated":true}]}}