{"id":6141,"date":"2022-10-20T16:02:13","date_gmt":"2022-10-20T14:02:13","guid":{"rendered":"https:\/\/www.m3srl.com\/equipment\/uncategorized\/cuchara-barredora-serie-c\/"},"modified":"2024-10-01T14:32:23","modified_gmt":"2024-10-01T12:32:23","slug":"buchara-barredora-serie-c","status":"publish","type":"product","link":"https:\/\/www.m3srl.com\/es\/equipo\/limpieza\/buchara-barredora-serie-c\/","title":{"rendered":"Cuchara Barredora Serie C"},"content":{"rendered":"","protected":false},"excerpt":{"rendered":"<p><img loading=\"lazy\" decoding=\"async\" class=\"alignnone size-medium wp-image-3127\" src=\"https:\/\/www.m3srl.com\/wp-content\/uploads\/2022\/10\/Sweeper-Bucket-C-icons-300x56.png\" alt=\"\" width=\"300\" height=\"56\" srcset=\"https:\/\/www.m3srl.com\/wp-content\/uploads\/2022\/10\/Sweeper-Bucket-C-icons-300x56.png 300w, https:\/\/www.m3srl.com\/wp-content\/uploads\/2022\/10\/Sweeper-Bucket-C-icons.png 400w\" sizes=\"auto, (max-width: 300px) 100vw, 300px\" \/> La cuchara barredora M3 serie C est\u00e1 destinada a cualquier cliente que opere en el sector del mantenimiento de carreteras y de la limpieza de grandes superficies. Es compatible con toda cargadora, retrocargadora y manipulador telesc\u00f3pico y se suministra de f\u00e1brica con tanque de recogida de descarga hidr\u00e1ulica, cepillo de polipropileno de \u00d8 750 mm, 3 ruedas de soporte de \u00d8 405 x 110 m, tubos hidr\u00e1ulicos, motor integrado, enganches autonivelantes y sistema de regulaci\u00f3n mec\u00e1nica del \u00e1ngulo de corte.<\/p>\n","protected":false},"featured_media":5693,"template":"","meta":[],"product_brand":[],"product_cat":[170],"product_tag":[],"class_list":{"0":"post-6141","1":"product","2":"type-product","3":"status-publish","4":"has-post-thumbnail","6":"product_cat-limpieza","8":"first","9":"instock","10":"shipping-taxable","11":"product-type-grouped"},"_links":{"self":[{"href":"https:\/\/www.m3srl.com\/es\/wp-json\/wp\/v2\/product\/6141","targetHints":{"allow":["GET"]}}],"collection":[{"href":"https:\/\/www.m3srl.com\/es\/wp-json\/wp\/v2\/product"}],"about":[{"href":"https:\/\/www.m3srl.com\/es\/wp-json\/wp\/v2\/types\/product"}],"wp:featuredmedia":[{"embeddable":true,"href":"https:\/\/www.m3srl.com\/es\/wp-json\/wp\/v2\/media\/5693"}],"wp:attachment":[{"href":"https:\/\/www.m3srl.com\/es\/wp-json\/wp\/v2\/media?parent=6141"}],"wp:term":[{"taxonomy":"product_brand","embeddable":true,"href":"https:\/\/www.m3srl.com\/es\/wp-json\/wp\/v2\/product_brand?post=6141"},{"taxonomy":"product_cat","embeddable":true,"href":"https:\/\/www.m3srl.com\/es\/wp-json\/wp\/v2\/product_cat?post=6141"},{"taxonomy":"product_tag","embeddable":true,"href":"https:\/\/www.m3srl.com\/es\/wp-json\/wp\/v2\/product_tag?post=6141"}],"curies":[{"name":"wp","href":"https:\/\/api.w.org\/{rel}","templated":true}]}}