{"id":6159,"date":"2022-10-20T16:02:13","date_gmt":"2022-10-20T14:02:13","guid":{"rendered":"https:\/\/www.m3srl.com\/equipment\/uncategorized\/cuchilla-para-nieve\/"},"modified":"2024-09-30T17:20:06","modified_gmt":"2024-09-30T15:20:06","slug":"cuchilla-para-nieve","status":"publish","type":"product","link":"https:\/\/www.m3srl.com\/es\/equipo\/limpieza-de-nieve\/cuchilla-para-nieve\/","title":{"rendered":"Cuchilla Para Nieve"},"content":{"rendered":"<section class=\"wpb-content-wrapper\"><p>[vc_row disable_background_image=&#8221;&#8221;][vc_column][vc_column_text]<\/p>\n<h3>GALER\u00cdA<\/h3>\n<p>[\/vc_column_text]<div class=\"mkdf-image-gallery mkdf-grid-list mkdf-disable-bottom-space  mkdf-ig-grid-type mkdf-five-columns mkdf-tiny-space  mkdf-image-behavior-lightbox \">\n\t<div class=\"mkdf-ig-inner mkdf-outer-space\">\n\t\t\t\t\t<div class=\"mkdf-ig-image mkdf-item-space\">\n\t\t\t\t<div class=\"mkdf-ig-image-inner\">\n\t\t\t\t\t\t\t\t\t\t\t<a itemprop=\"image\" class=\"mkdf-ig-lightbox\" href=\"https:\/\/www.m3srl.com\/wp-content\/uploads\/2022\/10\/lama-da-neve-1.webp\" data-rel=\"prettyPhoto[image_gallery_pretty_photo-472]\" title=\"lama-da-neve-1\">\n\t\t\t\t\t\t\t\t\t\t\t<img loading=\"lazy\" decoding=\"async\" width=\"1024\" height=\"1024\" src=\"https:\/\/www.m3srl.com\/wp-content\/uploads\/2022\/10\/lama-da-neve-1-1024x1024.webp\" class=\"attachment-large size-large\" alt=\"\" srcset=\"https:\/\/www.m3srl.com\/wp-content\/uploads\/2022\/10\/lama-da-neve-1-1024x1024.webp 1024w, https:\/\/www.m3srl.com\/wp-content\/uploads\/2022\/10\/lama-da-neve-1-300x300.webp 300w, https:\/\/www.m3srl.com\/wp-content\/uploads\/2022\/10\/lama-da-neve-1-150x150.webp 150w, https:\/\/www.m3srl.com\/wp-content\/uploads\/2022\/10\/lama-da-neve-1-768x768.webp 768w, https:\/\/www.m3srl.com\/wp-content\/uploads\/2022\/10\/lama-da-neve-1-650x650.webp 650w, https:\/\/www.m3srl.com\/wp-content\/uploads\/2022\/10\/lama-da-neve-1-600x600.webp 600w, https:\/\/www.m3srl.com\/wp-content\/uploads\/2022\/10\/lama-da-neve-1-100x100.webp 100w, https:\/\/www.m3srl.com\/wp-content\/uploads\/2022\/10\/lama-da-neve-1.webp 1080w\" sizes=\"auto, (max-width: 1024px) 100vw, 1024px\" \/>\t\t\t\t\t\t\t\t\t\t\t<\/a>\n\t\t\t\t\t\t\t\t\t<\/div>\n\t\t\t<\/div>\n\t\t\t\t\t<div class=\"mkdf-ig-image mkdf-item-space\">\n\t\t\t\t<div class=\"mkdf-ig-image-inner\">\n\t\t\t\t\t\t\t\t\t\t\t<a itemprop=\"image\" class=\"mkdf-ig-lightbox\" href=\"https:\/\/www.m3srl.com\/wp-content\/uploads\/2022\/10\/lama-da-neve-2.webp\" data-rel=\"prettyPhoto[image_gallery_pretty_photo-472]\" title=\"lama-da-neve-2\">\n\t\t\t\t\t\t\t\t\t\t\t<img loading=\"lazy\" decoding=\"async\" width=\"1024\" height=\"1024\" src=\"https:\/\/www.m3srl.com\/wp-content\/uploads\/2022\/10\/lama-da-neve-2-1024x1024.webp\" class=\"attachment-large size-large\" alt=\"\" srcset=\"https:\/\/www.m3srl.com\/wp-content\/uploads\/2022\/10\/lama-da-neve-2-1024x1024.webp 1024w, https:\/\/www.m3srl.com\/wp-content\/uploads\/2022\/10\/lama-da-neve-2-300x300.webp 300w, https:\/\/www.m3srl.com\/wp-content\/uploads\/2022\/10\/lama-da-neve-2-150x150.webp 150w, https:\/\/www.m3srl.com\/wp-content\/uploads\/2022\/10\/lama-da-neve-2-768x768.webp 768w, https:\/\/www.m3srl.com\/wp-content\/uploads\/2022\/10\/lama-da-neve-2-650x650.webp 650w, https:\/\/www.m3srl.com\/wp-content\/uploads\/2022\/10\/lama-da-neve-2-600x600.webp 600w, https:\/\/www.m3srl.com\/wp-content\/uploads\/2022\/10\/lama-da-neve-2-100x100.webp 100w, https:\/\/www.m3srl.com\/wp-content\/uploads\/2022\/10\/lama-da-neve-2.webp 1080w\" sizes=\"auto, (max-width: 1024px) 100vw, 1024px\" \/>\t\t\t\t\t\t\t\t\t\t\t<\/a>\n\t\t\t\t\t\t\t\t\t<\/div>\n\t\t\t<\/div>\n\t\t\t\t\t<div class=\"mkdf-ig-image mkdf-item-space\">\n\t\t\t\t<div class=\"mkdf-ig-image-inner\">\n\t\t\t\t\t\t\t\t\t\t\t<a itemprop=\"image\" class=\"mkdf-ig-lightbox\" href=\"https:\/\/www.m3srl.com\/wp-content\/uploads\/2022\/10\/lama-da-neve-3.webp\" data-rel=\"prettyPhoto[image_gallery_pretty_photo-472]\" title=\"lama-da-neve-3\">\n\t\t\t\t\t\t\t\t\t\t\t<img loading=\"lazy\" decoding=\"async\" width=\"1024\" height=\"1024\" src=\"https:\/\/www.m3srl.com\/wp-content\/uploads\/2022\/10\/lama-da-neve-3-1024x1024.webp\" class=\"attachment-large size-large\" alt=\"\" srcset=\"https:\/\/www.m3srl.com\/wp-content\/uploads\/2022\/10\/lama-da-neve-3-1024x1024.webp 1024w, https:\/\/www.m3srl.com\/wp-content\/uploads\/2022\/10\/lama-da-neve-3-300x300.webp 300w, https:\/\/www.m3srl.com\/wp-content\/uploads\/2022\/10\/lama-da-neve-3-150x150.webp 150w, https:\/\/www.m3srl.com\/wp-content\/uploads\/2022\/10\/lama-da-neve-3-768x768.webp 768w, https:\/\/www.m3srl.com\/wp-content\/uploads\/2022\/10\/lama-da-neve-3-650x650.webp 650w, https:\/\/www.m3srl.com\/wp-content\/uploads\/2022\/10\/lama-da-neve-3-600x600.webp 600w, https:\/\/www.m3srl.com\/wp-content\/uploads\/2022\/10\/lama-da-neve-3-100x100.webp 100w, https:\/\/www.m3srl.com\/wp-content\/uploads\/2022\/10\/lama-da-neve-3.webp 1080w\" sizes=\"auto, (max-width: 1024px) 100vw, 1024px\" \/>\t\t\t\t\t\t\t\t\t\t\t<\/a>\n\t\t\t\t\t\t\t\t\t<\/div>\n\t\t\t<\/div>\n\t\t\t\t\t<div class=\"mkdf-ig-image mkdf-item-space\">\n\t\t\t\t<div class=\"mkdf-ig-image-inner\">\n\t\t\t\t\t\t\t\t\t\t\t<a itemprop=\"image\" class=\"mkdf-ig-lightbox\" href=\"https:\/\/www.m3srl.com\/wp-content\/uploads\/2022\/10\/lama-da-neve-4.webp\" data-rel=\"prettyPhoto[image_gallery_pretty_photo-472]\" title=\"lama-da-neve-4\">\n\t\t\t\t\t\t\t\t\t\t\t<img loading=\"lazy\" decoding=\"async\" width=\"1024\" height=\"1024\" src=\"https:\/\/www.m3srl.com\/wp-content\/uploads\/2022\/10\/lama-da-neve-4-1024x1024.webp\" class=\"attachment-large size-large\" alt=\"\" srcset=\"https:\/\/www.m3srl.com\/wp-content\/uploads\/2022\/10\/lama-da-neve-4-1024x1024.webp 1024w, https:\/\/www.m3srl.com\/wp-content\/uploads\/2022\/10\/lama-da-neve-4-300x300.webp 300w, https:\/\/www.m3srl.com\/wp-content\/uploads\/2022\/10\/lama-da-neve-4-150x150.webp 150w, https:\/\/www.m3srl.com\/wp-content\/uploads\/2022\/10\/lama-da-neve-4-768x768.webp 768w, https:\/\/www.m3srl.com\/wp-content\/uploads\/2022\/10\/lama-da-neve-4-650x650.webp 650w, https:\/\/www.m3srl.com\/wp-content\/uploads\/2022\/10\/lama-da-neve-4-600x600.webp 600w, https:\/\/www.m3srl.com\/wp-content\/uploads\/2022\/10\/lama-da-neve-4-100x100.webp 100w, https:\/\/www.m3srl.com\/wp-content\/uploads\/2022\/10\/lama-da-neve-4.webp 1080w\" sizes=\"auto, (max-width: 1024px) 100vw, 1024px\" \/>\t\t\t\t\t\t\t\t\t\t\t<\/a>\n\t\t\t\t\t\t\t\t\t<\/div>\n\t\t\t<\/div>\n\t\t\t\t\t<div class=\"mkdf-ig-image mkdf-item-space\">\n\t\t\t\t<div class=\"mkdf-ig-image-inner\">\n\t\t\t\t\t\t\t\t\t\t\t<a itemprop=\"image\" class=\"mkdf-ig-lightbox\" href=\"https:\/\/www.m3srl.com\/wp-content\/uploads\/2022\/10\/lama-da-neve-5.webp\" data-rel=\"prettyPhoto[image_gallery_pretty_photo-472]\" title=\"lama-da-neve-5\">\n\t\t\t\t\t\t\t\t\t\t\t<img loading=\"lazy\" decoding=\"async\" width=\"1024\" height=\"1024\" src=\"https:\/\/www.m3srl.com\/wp-content\/uploads\/2022\/10\/lama-da-neve-5-1024x1024.webp\" class=\"attachment-large size-large\" alt=\"\" srcset=\"https:\/\/www.m3srl.com\/wp-content\/uploads\/2022\/10\/lama-da-neve-5-1024x1024.webp 1024w, https:\/\/www.m3srl.com\/wp-content\/uploads\/2022\/10\/lama-da-neve-5-300x300.webp 300w, https:\/\/www.m3srl.com\/wp-content\/uploads\/2022\/10\/lama-da-neve-5-150x150.webp 150w, https:\/\/www.m3srl.com\/wp-content\/uploads\/2022\/10\/lama-da-neve-5-768x768.webp 768w, https:\/\/www.m3srl.com\/wp-content\/uploads\/2022\/10\/lama-da-neve-5-650x650.webp 650w, https:\/\/www.m3srl.com\/wp-content\/uploads\/2022\/10\/lama-da-neve-5-600x600.webp 600w, https:\/\/www.m3srl.com\/wp-content\/uploads\/2022\/10\/lama-da-neve-5-100x100.webp 100w, https:\/\/www.m3srl.com\/wp-content\/uploads\/2022\/10\/lama-da-neve-5.webp 1080w\" sizes=\"auto, (max-width: 1024px) 100vw, 1024px\" \/>\t\t\t\t\t\t\t\t\t\t\t<\/a>\n\t\t\t\t\t\t\t\t\t<\/div>\n\t\t\t<\/div>\n\t\t\t\t\t<div class=\"mkdf-ig-image mkdf-item-space\">\n\t\t\t\t<div class=\"mkdf-ig-image-inner\">\n\t\t\t\t\t\t\t\t\t\t\t<a itemprop=\"image\" class=\"mkdf-ig-lightbox\" href=\"https:\/\/www.m3srl.com\/wp-content\/uploads\/2022\/10\/lama-da-neve-6.webp\" data-rel=\"prettyPhoto[image_gallery_pretty_photo-472]\" title=\"lama-da-neve-6\">\n\t\t\t\t\t\t\t\t\t\t\t<img loading=\"lazy\" decoding=\"async\" width=\"1024\" height=\"1024\" src=\"https:\/\/www.m3srl.com\/wp-content\/uploads\/2022\/10\/lama-da-neve-6-1024x1024.webp\" class=\"attachment-large size-large\" alt=\"\" srcset=\"https:\/\/www.m3srl.com\/wp-content\/uploads\/2022\/10\/lama-da-neve-6-1024x1024.webp 1024w, https:\/\/www.m3srl.com\/wp-content\/uploads\/2022\/10\/lama-da-neve-6-300x300.webp 300w, https:\/\/www.m3srl.com\/wp-content\/uploads\/2022\/10\/lama-da-neve-6-150x150.webp 150w, https:\/\/www.m3srl.com\/wp-content\/uploads\/2022\/10\/lama-da-neve-6-768x768.webp 768w, https:\/\/www.m3srl.com\/wp-content\/uploads\/2022\/10\/lama-da-neve-6-650x650.webp 650w, https:\/\/www.m3srl.com\/wp-content\/uploads\/2022\/10\/lama-da-neve-6-600x600.webp 600w, https:\/\/www.m3srl.com\/wp-content\/uploads\/2022\/10\/lama-da-neve-6-100x100.webp 100w, https:\/\/www.m3srl.com\/wp-content\/uploads\/2022\/10\/lama-da-neve-6.webp 1080w\" sizes=\"auto, (max-width: 1024px) 100vw, 1024px\" \/>\t\t\t\t\t\t\t\t\t\t\t<\/a>\n\t\t\t\t\t\t\t\t\t<\/div>\n\t\t\t<\/div>\n\t\t\t\t\t<div class=\"mkdf-ig-image mkdf-item-space\">\n\t\t\t\t<div class=\"mkdf-ig-image-inner\">\n\t\t\t\t\t\t\t\t\t\t\t<a itemprop=\"image\" class=\"mkdf-ig-lightbox\" href=\"https:\/\/www.m3srl.com\/wp-content\/uploads\/2022\/10\/lama-da-neve-7.webp\" data-rel=\"prettyPhoto[image_gallery_pretty_photo-472]\" title=\"lama-da-neve-7\">\n\t\t\t\t\t\t\t\t\t\t\t<img loading=\"lazy\" decoding=\"async\" width=\"1024\" height=\"1024\" src=\"https:\/\/www.m3srl.com\/wp-content\/uploads\/2022\/10\/lama-da-neve-7-1024x1024.webp\" class=\"attachment-large size-large\" alt=\"\" srcset=\"https:\/\/www.m3srl.com\/wp-content\/uploads\/2022\/10\/lama-da-neve-7-1024x1024.webp 1024w, https:\/\/www.m3srl.com\/wp-content\/uploads\/2022\/10\/lama-da-neve-7-300x300.webp 300w, https:\/\/www.m3srl.com\/wp-content\/uploads\/2022\/10\/lama-da-neve-7-150x150.webp 150w, https:\/\/www.m3srl.com\/wp-content\/uploads\/2022\/10\/lama-da-neve-7-768x768.webp 768w, https:\/\/www.m3srl.com\/wp-content\/uploads\/2022\/10\/lama-da-neve-7-650x650.webp 650w, https:\/\/www.m3srl.com\/wp-content\/uploads\/2022\/10\/lama-da-neve-7-600x600.webp 600w, https:\/\/www.m3srl.com\/wp-content\/uploads\/2022\/10\/lama-da-neve-7-100x100.webp 100w, https:\/\/www.m3srl.com\/wp-content\/uploads\/2022\/10\/lama-da-neve-7.webp 1080w\" sizes=\"auto, (max-width: 1024px) 100vw, 1024px\" \/>\t\t\t\t\t\t\t\t\t\t\t<\/a>\n\t\t\t\t\t\t\t\t\t<\/div>\n\t\t\t<\/div>\n\t\t\t\t\t<div class=\"mkdf-ig-image mkdf-item-space\">\n\t\t\t\t<div class=\"mkdf-ig-image-inner\">\n\t\t\t\t\t\t\t\t\t\t\t<a itemprop=\"image\" class=\"mkdf-ig-lightbox\" href=\"https:\/\/www.m3srl.com\/wp-content\/uploads\/2022\/10\/lama-da-neve-8.webp\" data-rel=\"prettyPhoto[image_gallery_pretty_photo-472]\" title=\"lama-da-neve-8\">\n\t\t\t\t\t\t\t\t\t\t\t<img loading=\"lazy\" decoding=\"async\" width=\"1024\" height=\"1024\" src=\"https:\/\/www.m3srl.com\/wp-content\/uploads\/2022\/10\/lama-da-neve-8-1024x1024.webp\" class=\"attachment-large size-large\" alt=\"\" srcset=\"https:\/\/www.m3srl.com\/wp-content\/uploads\/2022\/10\/lama-da-neve-8-1024x1024.webp 1024w, https:\/\/www.m3srl.com\/wp-content\/uploads\/2022\/10\/lama-da-neve-8-300x300.webp 300w, https:\/\/www.m3srl.com\/wp-content\/uploads\/2022\/10\/lama-da-neve-8-150x150.webp 150w, https:\/\/www.m3srl.com\/wp-content\/uploads\/2022\/10\/lama-da-neve-8-768x768.webp 768w, https:\/\/www.m3srl.com\/wp-content\/uploads\/2022\/10\/lama-da-neve-8-650x650.webp 650w, https:\/\/www.m3srl.com\/wp-content\/uploads\/2022\/10\/lama-da-neve-8-600x600.webp 600w, https:\/\/www.m3srl.com\/wp-content\/uploads\/2022\/10\/lama-da-neve-8-100x100.webp 100w, https:\/\/www.m3srl.com\/wp-content\/uploads\/2022\/10\/lama-da-neve-8.webp 1080w\" sizes=\"auto, (max-width: 1024px) 100vw, 1024px\" \/>\t\t\t\t\t\t\t\t\t\t\t<\/a>\n\t\t\t\t\t\t\t\t\t<\/div>\n\t\t\t<\/div>\n\t\t\t\t\t<div class=\"mkdf-ig-image mkdf-item-space\">\n\t\t\t\t<div class=\"mkdf-ig-image-inner\">\n\t\t\t\t\t\t\t\t\t\t\t<a itemprop=\"image\" class=\"mkdf-ig-lightbox\" href=\"https:\/\/www.m3srl.com\/wp-content\/uploads\/2022\/10\/lama-da-neve-9.webp\" data-rel=\"prettyPhoto[image_gallery_pretty_photo-472]\" title=\"lama-da-neve-9\">\n\t\t\t\t\t\t\t\t\t\t\t<img loading=\"lazy\" decoding=\"async\" width=\"1024\" height=\"1024\" src=\"https:\/\/www.m3srl.com\/wp-content\/uploads\/2022\/10\/lama-da-neve-9-1024x1024.webp\" class=\"attachment-large size-large\" alt=\"\" srcset=\"https:\/\/www.m3srl.com\/wp-content\/uploads\/2022\/10\/lama-da-neve-9-1024x1024.webp 1024w, https:\/\/www.m3srl.com\/wp-content\/uploads\/2022\/10\/lama-da-neve-9-300x300.webp 300w, https:\/\/www.m3srl.com\/wp-content\/uploads\/2022\/10\/lama-da-neve-9-150x150.webp 150w, https:\/\/www.m3srl.com\/wp-content\/uploads\/2022\/10\/lama-da-neve-9-768x768.webp 768w, https:\/\/www.m3srl.com\/wp-content\/uploads\/2022\/10\/lama-da-neve-9-650x650.webp 650w, https:\/\/www.m3srl.com\/wp-content\/uploads\/2022\/10\/lama-da-neve-9-600x600.webp 600w, https:\/\/www.m3srl.com\/wp-content\/uploads\/2022\/10\/lama-da-neve-9-100x100.webp 100w, https:\/\/www.m3srl.com\/wp-content\/uploads\/2022\/10\/lama-da-neve-9.webp 1080w\" sizes=\"auto, (max-width: 1024px) 100vw, 1024px\" \/>\t\t\t\t\t\t\t\t\t\t\t<\/a>\n\t\t\t\t\t\t\t\t\t<\/div>\n\t\t\t<\/div>\n\t\t\t\t\t<div class=\"mkdf-ig-image mkdf-item-space\">\n\t\t\t\t<div class=\"mkdf-ig-image-inner\">\n\t\t\t\t\t\t\t\t\t\t\t<a itemprop=\"image\" class=\"mkdf-ig-lightbox\" href=\"https:\/\/www.m3srl.com\/wp-content\/uploads\/2022\/10\/lama-da-neve-10.webp\" data-rel=\"prettyPhoto[image_gallery_pretty_photo-472]\" title=\"lama-da-neve-10\">\n\t\t\t\t\t\t\t\t\t\t\t<img loading=\"lazy\" decoding=\"async\" width=\"1024\" height=\"1024\" src=\"https:\/\/www.m3srl.com\/wp-content\/uploads\/2022\/10\/lama-da-neve-10-1024x1024.webp\" class=\"attachment-large size-large\" alt=\"\" srcset=\"https:\/\/www.m3srl.com\/wp-content\/uploads\/2022\/10\/lama-da-neve-10-1024x1024.webp 1024w, https:\/\/www.m3srl.com\/wp-content\/uploads\/2022\/10\/lama-da-neve-10-300x300.webp 300w, https:\/\/www.m3srl.com\/wp-content\/uploads\/2022\/10\/lama-da-neve-10-150x150.webp 150w, https:\/\/www.m3srl.com\/wp-content\/uploads\/2022\/10\/lama-da-neve-10-768x768.webp 768w, https:\/\/www.m3srl.com\/wp-content\/uploads\/2022\/10\/lama-da-neve-10-650x650.webp 650w, https:\/\/www.m3srl.com\/wp-content\/uploads\/2022\/10\/lama-da-neve-10-600x600.webp 600w, https:\/\/www.m3srl.com\/wp-content\/uploads\/2022\/10\/lama-da-neve-10-100x100.webp 100w, https:\/\/www.m3srl.com\/wp-content\/uploads\/2022\/10\/lama-da-neve-10.webp 1080w\" sizes=\"auto, (max-width: 1024px) 100vw, 1024px\" \/>\t\t\t\t\t\t\t\t\t\t\t<\/a>\n\t\t\t\t\t\t\t\t\t<\/div>\n\t\t\t<\/div>\n\t\t\t<\/div>\n<\/div>[vc_column_text]<\/p>\n<h3>VIDEO<\/h3>\n<p>[\/vc_column_text][vc_column_text]<iframe class=\"youtube-video\" title=\"YouTube video player\" src=\"https:\/\/www.youtube-nocookie.com\/embed\/hjIsQTJFjbo?si=34AKv1c4NLwZyoyE&amp;rel=0\" frameborder=\"0\" allowfullscreen=\"allowfullscreen\"><\/iframe>[\/vc_column_text][\/vc_column][\/vc_row]<\/p>\n<\/section>","protected":false},"excerpt":{"rendered":"<p><img loading=\"lazy\" decoding=\"async\" class=\"alignnone size-medium wp-image-3125\" src=\"https:\/\/www.m3srl.com\/wp-content\/uploads\/2022\/10\/Snow-plow-icons-300x56.png\" alt=\"\" width=\"300\" height=\"56\" srcset=\"https:\/\/www.m3srl.com\/wp-content\/uploads\/2022\/10\/Snow-plow-icons-300x56.png 300w, https:\/\/www.m3srl.com\/wp-content\/uploads\/2022\/10\/Snow-plow-icons.png 400w\" sizes=\"auto, (max-width: 300px) 100vw, 300px\" \/> La m\u00e1quina quitanieves M3 se puede instalar f\u00e1cilmente en cualquier minicargadora, cargadora de ruedas y manipuladora telesc\u00f3pica de hasta 80 HP. Se suministra con v\u00e1lvula antirrobo, sistema antirrobo con retorno por resorte directo a la cuchilla para una mayor velocidad de uso, luces de g\u00e1libo, sistema de angulaci\u00f3n hidr\u00e1ulica \u00b1 30\u00b0, sistema de oscilaci\u00f3n \u00b1 7\u00b0, tubos hidr\u00e1ulicos y Cabezal.<\/p>\n","protected":false},"featured_media":6654,"template":"","meta":[],"product_brand":[],"product_cat":[175],"product_tag":[],"class_list":{"0":"post-6159","1":"product","2":"type-product","3":"status-publish","4":"has-post-thumbnail","6":"product_cat-limpieza-de-nieve","8":"first","9":"instock","10":"shipping-taxable","11":"product-type-grouped"},"_links":{"self":[{"href":"https:\/\/www.m3srl.com\/es\/wp-json\/wp\/v2\/product\/6159","targetHints":{"allow":["GET"]}}],"collection":[{"href":"https:\/\/www.m3srl.com\/es\/wp-json\/wp\/v2\/product"}],"about":[{"href":"https:\/\/www.m3srl.com\/es\/wp-json\/wp\/v2\/types\/product"}],"wp:featuredmedia":[{"embeddable":true,"href":"https:\/\/www.m3srl.com\/es\/wp-json\/wp\/v2\/media\/6654"}],"wp:attachment":[{"href":"https:\/\/www.m3srl.com\/es\/wp-json\/wp\/v2\/media?parent=6159"}],"wp:term":[{"taxonomy":"product_brand","embeddable":true,"href":"https:\/\/www.m3srl.com\/es\/wp-json\/wp\/v2\/product_brand?post=6159"},{"taxonomy":"product_cat","embeddable":true,"href":"https:\/\/www.m3srl.com\/es\/wp-json\/wp\/v2\/product_cat?post=6159"},{"taxonomy":"product_tag","embeddable":true,"href":"https:\/\/www.m3srl.com\/es\/wp-json\/wp\/v2\/product_tag?post=6159"}],"curies":[{"name":"wp","href":"https:\/\/api.w.org\/{rel}","templated":true}]}}