{"id":6162,"date":"2022-10-20T16:02:13","date_gmt":"2022-10-20T14:02:13","guid":{"rendered":"https:\/\/www.m3srl.com\/equipment\/uncategorized\/adaptador-iso-24410\/"},"modified":"2024-10-02T11:17:10","modified_gmt":"2024-10-02T09:17:10","slug":"adaptador-iso-24410","status":"publish","type":"product","link":"https:\/\/www.m3srl.com\/es\/equipo\/otros-implementos\/adaptador-iso-24410\/","title":{"rendered":"Adaptador ISO 24410"},"content":{"rendered":"<section class=\"wpb-content-wrapper\"><p>[vc_row disable_background_image=&#8221;&#8221;][vc_column][vc_column_text]<\/p>\n<h3>GALER\u00cdA<\/h3>\n<p>[\/vc_column_text]<div class=\"mkdf-image-gallery mkdf-grid-list mkdf-disable-bottom-space  mkdf-ig-grid-type mkdf-five-columns mkdf-tiny-space  mkdf-image-behavior-lightbox \">\n\t<div class=\"mkdf-ig-inner mkdf-outer-space\">\n\t\t\t\t\t<div class=\"mkdf-ig-image mkdf-item-space\">\n\t\t\t\t<div class=\"mkdf-ig-image-inner\">\n\t\t\t\t\t\t\t\t\t\t\t<a itemprop=\"image\" class=\"mkdf-ig-lightbox\" href=\"https:\/\/www.m3srl.com\/wp-content\/uploads\/2024\/09\/adattatore-iso-24410-01.webp\" data-rel=\"prettyPhoto[image_gallery_pretty_photo-889]\" title=\"adattatore-iso-24410-01\">\n\t\t\t\t\t\t\t\t\t\t\t<img loading=\"lazy\" decoding=\"async\" width=\"1024\" height=\"1024\" src=\"https:\/\/www.m3srl.com\/wp-content\/uploads\/2024\/09\/adattatore-iso-24410-01-1024x1024.webp\" class=\"attachment-large size-large\" alt=\"iso adaptor 24410\" srcset=\"https:\/\/www.m3srl.com\/wp-content\/uploads\/2024\/09\/adattatore-iso-24410-01-1024x1024.webp 1024w, https:\/\/www.m3srl.com\/wp-content\/uploads\/2024\/09\/adattatore-iso-24410-01-300x300.webp 300w, https:\/\/www.m3srl.com\/wp-content\/uploads\/2024\/09\/adattatore-iso-24410-01-150x150.webp 150w, https:\/\/www.m3srl.com\/wp-content\/uploads\/2024\/09\/adattatore-iso-24410-01-768x768.webp 768w, https:\/\/www.m3srl.com\/wp-content\/uploads\/2024\/09\/adattatore-iso-24410-01-650x650.webp 650w, https:\/\/www.m3srl.com\/wp-content\/uploads\/2024\/09\/adattatore-iso-24410-01-600x600.webp 600w, https:\/\/www.m3srl.com\/wp-content\/uploads\/2024\/09\/adattatore-iso-24410-01-100x100.webp 100w, https:\/\/www.m3srl.com\/wp-content\/uploads\/2024\/09\/adattatore-iso-24410-01.webp 1080w\" sizes=\"auto, (max-width: 1024px) 100vw, 1024px\" \/>\t\t\t\t\t\t\t\t\t\t\t<\/a>\n\t\t\t\t\t\t\t\t\t<\/div>\n\t\t\t<\/div>\n\t\t\t\t\t<div class=\"mkdf-ig-image mkdf-item-space\">\n\t\t\t\t<div class=\"mkdf-ig-image-inner\">\n\t\t\t\t\t\t\t\t\t\t\t<a itemprop=\"image\" class=\"mkdf-ig-lightbox\" href=\"https:\/\/www.m3srl.com\/wp-content\/uploads\/2024\/09\/adattatore-iso-24410-10.webp\" data-rel=\"prettyPhoto[image_gallery_pretty_photo-889]\" title=\"adattatore-iso-24410-10\">\n\t\t\t\t\t\t\t\t\t\t\t<img loading=\"lazy\" decoding=\"async\" width=\"1024\" height=\"1024\" src=\"https:\/\/www.m3srl.com\/wp-content\/uploads\/2024\/09\/adattatore-iso-24410-10-1024x1024.webp\" class=\"attachment-large size-large\" alt=\"\" srcset=\"https:\/\/www.m3srl.com\/wp-content\/uploads\/2024\/09\/adattatore-iso-24410-10-1024x1024.webp 1024w, https:\/\/www.m3srl.com\/wp-content\/uploads\/2024\/09\/adattatore-iso-24410-10-300x300.webp 300w, https:\/\/www.m3srl.com\/wp-content\/uploads\/2024\/09\/adattatore-iso-24410-10-150x150.webp 150w, https:\/\/www.m3srl.com\/wp-content\/uploads\/2024\/09\/adattatore-iso-24410-10-768x768.webp 768w, https:\/\/www.m3srl.com\/wp-content\/uploads\/2024\/09\/adattatore-iso-24410-10-650x650.webp 650w, https:\/\/www.m3srl.com\/wp-content\/uploads\/2024\/09\/adattatore-iso-24410-10-600x600.webp 600w, https:\/\/www.m3srl.com\/wp-content\/uploads\/2024\/09\/adattatore-iso-24410-10-100x100.webp 100w, https:\/\/www.m3srl.com\/wp-content\/uploads\/2024\/09\/adattatore-iso-24410-10.webp 1080w\" sizes=\"auto, (max-width: 1024px) 100vw, 1024px\" \/>\t\t\t\t\t\t\t\t\t\t\t<\/a>\n\t\t\t\t\t\t\t\t\t<\/div>\n\t\t\t<\/div>\n\t\t\t\t\t<div class=\"mkdf-ig-image mkdf-item-space\">\n\t\t\t\t<div class=\"mkdf-ig-image-inner\">\n\t\t\t\t\t\t\t\t\t\t\t<a itemprop=\"image\" class=\"mkdf-ig-lightbox\" href=\"https:\/\/www.m3srl.com\/wp-content\/uploads\/2024\/09\/adattatore-iso-24410-09.webp\" data-rel=\"prettyPhoto[image_gallery_pretty_photo-889]\" title=\"adattatore-iso-24410-09\">\n\t\t\t\t\t\t\t\t\t\t\t<img loading=\"lazy\" decoding=\"async\" width=\"1024\" height=\"1024\" src=\"https:\/\/www.m3srl.com\/wp-content\/uploads\/2024\/09\/adattatore-iso-24410-09-1024x1024.webp\" class=\"attachment-large size-large\" alt=\"\" srcset=\"https:\/\/www.m3srl.com\/wp-content\/uploads\/2024\/09\/adattatore-iso-24410-09-1024x1024.webp 1024w, https:\/\/www.m3srl.com\/wp-content\/uploads\/2024\/09\/adattatore-iso-24410-09-300x300.webp 300w, https:\/\/www.m3srl.com\/wp-content\/uploads\/2024\/09\/adattatore-iso-24410-09-150x150.webp 150w, https:\/\/www.m3srl.com\/wp-content\/uploads\/2024\/09\/adattatore-iso-24410-09-768x768.webp 768w, https:\/\/www.m3srl.com\/wp-content\/uploads\/2024\/09\/adattatore-iso-24410-09-650x650.webp 650w, https:\/\/www.m3srl.com\/wp-content\/uploads\/2024\/09\/adattatore-iso-24410-09-600x600.webp 600w, https:\/\/www.m3srl.com\/wp-content\/uploads\/2024\/09\/adattatore-iso-24410-09-100x100.webp 100w, https:\/\/www.m3srl.com\/wp-content\/uploads\/2024\/09\/adattatore-iso-24410-09.webp 1080w\" sizes=\"auto, (max-width: 1024px) 100vw, 1024px\" \/>\t\t\t\t\t\t\t\t\t\t\t<\/a>\n\t\t\t\t\t\t\t\t\t<\/div>\n\t\t\t<\/div>\n\t\t\t\t\t<div class=\"mkdf-ig-image mkdf-item-space\">\n\t\t\t\t<div class=\"mkdf-ig-image-inner\">\n\t\t\t\t\t\t\t\t\t\t\t<a itemprop=\"image\" class=\"mkdf-ig-lightbox\" href=\"https:\/\/www.m3srl.com\/wp-content\/uploads\/2024\/09\/adattatore-iso-24410-08.webp\" data-rel=\"prettyPhoto[image_gallery_pretty_photo-889]\" title=\"adattatore-iso-24410-08\">\n\t\t\t\t\t\t\t\t\t\t\t<img loading=\"lazy\" decoding=\"async\" width=\"1024\" height=\"1024\" src=\"https:\/\/www.m3srl.com\/wp-content\/uploads\/2024\/09\/adattatore-iso-24410-08-1024x1024.webp\" class=\"attachment-large size-large\" alt=\"\" srcset=\"https:\/\/www.m3srl.com\/wp-content\/uploads\/2024\/09\/adattatore-iso-24410-08-1024x1024.webp 1024w, https:\/\/www.m3srl.com\/wp-content\/uploads\/2024\/09\/adattatore-iso-24410-08-300x300.webp 300w, https:\/\/www.m3srl.com\/wp-content\/uploads\/2024\/09\/adattatore-iso-24410-08-150x150.webp 150w, https:\/\/www.m3srl.com\/wp-content\/uploads\/2024\/09\/adattatore-iso-24410-08-768x768.webp 768w, https:\/\/www.m3srl.com\/wp-content\/uploads\/2024\/09\/adattatore-iso-24410-08-650x650.webp 650w, https:\/\/www.m3srl.com\/wp-content\/uploads\/2024\/09\/adattatore-iso-24410-08-600x600.webp 600w, https:\/\/www.m3srl.com\/wp-content\/uploads\/2024\/09\/adattatore-iso-24410-08-100x100.webp 100w, https:\/\/www.m3srl.com\/wp-content\/uploads\/2024\/09\/adattatore-iso-24410-08.webp 1080w\" sizes=\"auto, (max-width: 1024px) 100vw, 1024px\" \/>\t\t\t\t\t\t\t\t\t\t\t<\/a>\n\t\t\t\t\t\t\t\t\t<\/div>\n\t\t\t<\/div>\n\t\t\t\t\t<div class=\"mkdf-ig-image mkdf-item-space\">\n\t\t\t\t<div class=\"mkdf-ig-image-inner\">\n\t\t\t\t\t\t\t\t\t\t\t<a itemprop=\"image\" class=\"mkdf-ig-lightbox\" href=\"https:\/\/www.m3srl.com\/wp-content\/uploads\/2024\/09\/adattatore-iso-24410-07.webp\" data-rel=\"prettyPhoto[image_gallery_pretty_photo-889]\" title=\"adattatore-iso-24410-07\">\n\t\t\t\t\t\t\t\t\t\t\t<img loading=\"lazy\" decoding=\"async\" width=\"1024\" height=\"1024\" src=\"https:\/\/www.m3srl.com\/wp-content\/uploads\/2024\/09\/adattatore-iso-24410-07-1024x1024.webp\" class=\"attachment-large size-large\" alt=\"\" srcset=\"https:\/\/www.m3srl.com\/wp-content\/uploads\/2024\/09\/adattatore-iso-24410-07-1024x1024.webp 1024w, https:\/\/www.m3srl.com\/wp-content\/uploads\/2024\/09\/adattatore-iso-24410-07-300x300.webp 300w, https:\/\/www.m3srl.com\/wp-content\/uploads\/2024\/09\/adattatore-iso-24410-07-150x150.webp 150w, https:\/\/www.m3srl.com\/wp-content\/uploads\/2024\/09\/adattatore-iso-24410-07-768x768.webp 768w, https:\/\/www.m3srl.com\/wp-content\/uploads\/2024\/09\/adattatore-iso-24410-07-650x650.webp 650w, https:\/\/www.m3srl.com\/wp-content\/uploads\/2024\/09\/adattatore-iso-24410-07-600x600.webp 600w, https:\/\/www.m3srl.com\/wp-content\/uploads\/2024\/09\/adattatore-iso-24410-07-100x100.webp 100w, https:\/\/www.m3srl.com\/wp-content\/uploads\/2024\/09\/adattatore-iso-24410-07.webp 1080w\" sizes=\"auto, (max-width: 1024px) 100vw, 1024px\" \/>\t\t\t\t\t\t\t\t\t\t\t<\/a>\n\t\t\t\t\t\t\t\t\t<\/div>\n\t\t\t<\/div>\n\t\t\t\t\t<div class=\"mkdf-ig-image mkdf-item-space\">\n\t\t\t\t<div class=\"mkdf-ig-image-inner\">\n\t\t\t\t\t\t\t\t\t\t\t<a itemprop=\"image\" class=\"mkdf-ig-lightbox\" href=\"https:\/\/www.m3srl.com\/wp-content\/uploads\/2024\/09\/adattatore-iso-24410-06.webp\" data-rel=\"prettyPhoto[image_gallery_pretty_photo-889]\" title=\"adattatore-iso-24410-06\">\n\t\t\t\t\t\t\t\t\t\t\t<img loading=\"lazy\" decoding=\"async\" width=\"1024\" height=\"1024\" src=\"https:\/\/www.m3srl.com\/wp-content\/uploads\/2024\/09\/adattatore-iso-24410-06-1024x1024.webp\" class=\"attachment-large size-large\" alt=\"\" srcset=\"https:\/\/www.m3srl.com\/wp-content\/uploads\/2024\/09\/adattatore-iso-24410-06-1024x1024.webp 1024w, https:\/\/www.m3srl.com\/wp-content\/uploads\/2024\/09\/adattatore-iso-24410-06-300x300.webp 300w, https:\/\/www.m3srl.com\/wp-content\/uploads\/2024\/09\/adattatore-iso-24410-06-150x150.webp 150w, https:\/\/www.m3srl.com\/wp-content\/uploads\/2024\/09\/adattatore-iso-24410-06-768x768.webp 768w, https:\/\/www.m3srl.com\/wp-content\/uploads\/2024\/09\/adattatore-iso-24410-06-650x650.webp 650w, https:\/\/www.m3srl.com\/wp-content\/uploads\/2024\/09\/adattatore-iso-24410-06-600x600.webp 600w, https:\/\/www.m3srl.com\/wp-content\/uploads\/2024\/09\/adattatore-iso-24410-06-100x100.webp 100w, https:\/\/www.m3srl.com\/wp-content\/uploads\/2024\/09\/adattatore-iso-24410-06.webp 1080w\" sizes=\"auto, (max-width: 1024px) 100vw, 1024px\" \/>\t\t\t\t\t\t\t\t\t\t\t<\/a>\n\t\t\t\t\t\t\t\t\t<\/div>\n\t\t\t<\/div>\n\t\t\t\t\t<div class=\"mkdf-ig-image mkdf-item-space\">\n\t\t\t\t<div class=\"mkdf-ig-image-inner\">\n\t\t\t\t\t\t\t\t\t\t\t<a itemprop=\"image\" class=\"mkdf-ig-lightbox\" href=\"https:\/\/www.m3srl.com\/wp-content\/uploads\/2024\/09\/adattatore-iso-24410-05.webp\" data-rel=\"prettyPhoto[image_gallery_pretty_photo-889]\" title=\"adattatore-iso-24410-05\">\n\t\t\t\t\t\t\t\t\t\t\t<img loading=\"lazy\" decoding=\"async\" width=\"1024\" height=\"1024\" src=\"https:\/\/www.m3srl.com\/wp-content\/uploads\/2024\/09\/adattatore-iso-24410-05-1024x1024.webp\" class=\"attachment-large size-large\" alt=\"\" srcset=\"https:\/\/www.m3srl.com\/wp-content\/uploads\/2024\/09\/adattatore-iso-24410-05-1024x1024.webp 1024w, https:\/\/www.m3srl.com\/wp-content\/uploads\/2024\/09\/adattatore-iso-24410-05-300x300.webp 300w, https:\/\/www.m3srl.com\/wp-content\/uploads\/2024\/09\/adattatore-iso-24410-05-150x150.webp 150w, https:\/\/www.m3srl.com\/wp-content\/uploads\/2024\/09\/adattatore-iso-24410-05-768x768.webp 768w, https:\/\/www.m3srl.com\/wp-content\/uploads\/2024\/09\/adattatore-iso-24410-05-650x650.webp 650w, https:\/\/www.m3srl.com\/wp-content\/uploads\/2024\/09\/adattatore-iso-24410-05-600x600.webp 600w, https:\/\/www.m3srl.com\/wp-content\/uploads\/2024\/09\/adattatore-iso-24410-05-100x100.webp 100w, https:\/\/www.m3srl.com\/wp-content\/uploads\/2024\/09\/adattatore-iso-24410-05.webp 1080w\" sizes=\"auto, (max-width: 1024px) 100vw, 1024px\" \/>\t\t\t\t\t\t\t\t\t\t\t<\/a>\n\t\t\t\t\t\t\t\t\t<\/div>\n\t\t\t<\/div>\n\t\t\t\t\t<div class=\"mkdf-ig-image mkdf-item-space\">\n\t\t\t\t<div class=\"mkdf-ig-image-inner\">\n\t\t\t\t\t\t\t\t\t\t\t<a itemprop=\"image\" class=\"mkdf-ig-lightbox\" href=\"https:\/\/www.m3srl.com\/wp-content\/uploads\/2024\/09\/adattatore-iso-24410-04.webp\" data-rel=\"prettyPhoto[image_gallery_pretty_photo-889]\" title=\"adattatore-iso-24410-04\">\n\t\t\t\t\t\t\t\t\t\t\t<img loading=\"lazy\" decoding=\"async\" width=\"1024\" height=\"1024\" src=\"https:\/\/www.m3srl.com\/wp-content\/uploads\/2024\/09\/adattatore-iso-24410-04-1024x1024.webp\" class=\"attachment-large size-large\" alt=\"\" srcset=\"https:\/\/www.m3srl.com\/wp-content\/uploads\/2024\/09\/adattatore-iso-24410-04-1024x1024.webp 1024w, https:\/\/www.m3srl.com\/wp-content\/uploads\/2024\/09\/adattatore-iso-24410-04-300x300.webp 300w, https:\/\/www.m3srl.com\/wp-content\/uploads\/2024\/09\/adattatore-iso-24410-04-150x150.webp 150w, https:\/\/www.m3srl.com\/wp-content\/uploads\/2024\/09\/adattatore-iso-24410-04-768x768.webp 768w, https:\/\/www.m3srl.com\/wp-content\/uploads\/2024\/09\/adattatore-iso-24410-04-650x650.webp 650w, https:\/\/www.m3srl.com\/wp-content\/uploads\/2024\/09\/adattatore-iso-24410-04-600x600.webp 600w, https:\/\/www.m3srl.com\/wp-content\/uploads\/2024\/09\/adattatore-iso-24410-04-100x100.webp 100w, https:\/\/www.m3srl.com\/wp-content\/uploads\/2024\/09\/adattatore-iso-24410-04.webp 1080w\" sizes=\"auto, (max-width: 1024px) 100vw, 1024px\" \/>\t\t\t\t\t\t\t\t\t\t\t<\/a>\n\t\t\t\t\t\t\t\t\t<\/div>\n\t\t\t<\/div>\n\t\t\t\t\t<div class=\"mkdf-ig-image mkdf-item-space\">\n\t\t\t\t<div class=\"mkdf-ig-image-inner\">\n\t\t\t\t\t\t\t\t\t\t\t<a itemprop=\"image\" class=\"mkdf-ig-lightbox\" href=\"https:\/\/www.m3srl.com\/wp-content\/uploads\/2024\/09\/adattatore-iso-24410-03.webp\" data-rel=\"prettyPhoto[image_gallery_pretty_photo-889]\" title=\"adattatore-iso-24410-03\">\n\t\t\t\t\t\t\t\t\t\t\t<img loading=\"lazy\" decoding=\"async\" width=\"1024\" height=\"1024\" src=\"https:\/\/www.m3srl.com\/wp-content\/uploads\/2024\/09\/adattatore-iso-24410-03-1024x1024.webp\" class=\"attachment-large size-large\" alt=\"\" srcset=\"https:\/\/www.m3srl.com\/wp-content\/uploads\/2024\/09\/adattatore-iso-24410-03-1024x1024.webp 1024w, https:\/\/www.m3srl.com\/wp-content\/uploads\/2024\/09\/adattatore-iso-24410-03-300x300.webp 300w, https:\/\/www.m3srl.com\/wp-content\/uploads\/2024\/09\/adattatore-iso-24410-03-150x150.webp 150w, https:\/\/www.m3srl.com\/wp-content\/uploads\/2024\/09\/adattatore-iso-24410-03-768x768.webp 768w, https:\/\/www.m3srl.com\/wp-content\/uploads\/2024\/09\/adattatore-iso-24410-03-650x650.webp 650w, https:\/\/www.m3srl.com\/wp-content\/uploads\/2024\/09\/adattatore-iso-24410-03-600x600.webp 600w, https:\/\/www.m3srl.com\/wp-content\/uploads\/2024\/09\/adattatore-iso-24410-03-100x100.webp 100w, https:\/\/www.m3srl.com\/wp-content\/uploads\/2024\/09\/adattatore-iso-24410-03.webp 1080w\" sizes=\"auto, (max-width: 1024px) 100vw, 1024px\" \/>\t\t\t\t\t\t\t\t\t\t\t<\/a>\n\t\t\t\t\t\t\t\t\t<\/div>\n\t\t\t<\/div>\n\t\t\t\t\t<div class=\"mkdf-ig-image mkdf-item-space\">\n\t\t\t\t<div class=\"mkdf-ig-image-inner\">\n\t\t\t\t\t\t\t\t\t\t\t<a itemprop=\"image\" class=\"mkdf-ig-lightbox\" href=\"https:\/\/www.m3srl.com\/wp-content\/uploads\/2024\/09\/adattatore-iso-24410-02.webp\" data-rel=\"prettyPhoto[image_gallery_pretty_photo-889]\" title=\"adattatore-iso-24410-02\">\n\t\t\t\t\t\t\t\t\t\t\t<img loading=\"lazy\" decoding=\"async\" width=\"1024\" height=\"1024\" src=\"https:\/\/www.m3srl.com\/wp-content\/uploads\/2024\/09\/adattatore-iso-24410-02-1024x1024.webp\" class=\"attachment-large size-large\" alt=\"\" srcset=\"https:\/\/www.m3srl.com\/wp-content\/uploads\/2024\/09\/adattatore-iso-24410-02-1024x1024.webp 1024w, https:\/\/www.m3srl.com\/wp-content\/uploads\/2024\/09\/adattatore-iso-24410-02-300x300.webp 300w, https:\/\/www.m3srl.com\/wp-content\/uploads\/2024\/09\/adattatore-iso-24410-02-150x150.webp 150w, https:\/\/www.m3srl.com\/wp-content\/uploads\/2024\/09\/adattatore-iso-24410-02-768x768.webp 768w, https:\/\/www.m3srl.com\/wp-content\/uploads\/2024\/09\/adattatore-iso-24410-02-650x650.webp 650w, https:\/\/www.m3srl.com\/wp-content\/uploads\/2024\/09\/adattatore-iso-24410-02-600x600.webp 600w, https:\/\/www.m3srl.com\/wp-content\/uploads\/2024\/09\/adattatore-iso-24410-02-100x100.webp 100w, https:\/\/www.m3srl.com\/wp-content\/uploads\/2024\/09\/adattatore-iso-24410-02.webp 1080w\" sizes=\"auto, (max-width: 1024px) 100vw, 1024px\" \/>\t\t\t\t\t\t\t\t\t\t\t<\/a>\n\t\t\t\t\t\t\t\t\t<\/div>\n\t\t\t<\/div>\n\t\t\t<\/div>\n<\/div>[vc_column_text]<\/p>\n<h3>VIDEO<\/h3>\n<p>[\/vc_column_text][vc_column_text]<iframe class=\"youtube-video\" title=\"YouTube video player\" src=\"https:\/\/www.youtube-nocookie.com\/embed\/bINbethSF2Y?si=vt_eVKFcUS5ROmUJ&amp;rel=0\" frameborder=\"0\" allowfullscreen=\"allowfullscreen\"><span data-mce-type=\"bookmark\" style=\"display: inline-block; width: 0px; overflow: hidden; line-height: 0;\" class=\"mce_SELRES_start\"><\/span><\/iframe>[\/vc_column_text][\/vc_column][\/vc_row]<\/p>\n<\/section>","protected":false},"excerpt":{"rendered":"<p><img loading=\"lazy\" decoding=\"async\" class=\"alignnone size-medium wp-image-3118\" src=\"https:\/\/www.m3srl.com\/wp-content\/uploads\/2022\/10\/ISO-24410-Adaptor-icons-300x56.png\" alt=\"\" width=\"300\" height=\"56\" srcset=\"https:\/\/www.m3srl.com\/wp-content\/uploads\/2022\/10\/ISO-24410-Adaptor-icons-300x56.png 300w, https:\/\/www.m3srl.com\/wp-content\/uploads\/2022\/10\/ISO-24410-Adaptor-icons.png 400w\" sizes=\"auto, (max-width: 300px) 100vw, 300px\" \/> El nuevo adaptador M3 es apto para todo implemento con enganche para cargadora. De forma sencilla y r\u00e1pida, se puede utilizar el mismo implemento de la cargadora a una excavadora, un manipulador telesc\u00f3pico, o un retrocargador.  La soluci\u00f3n para ahorrar tiempo y facilitarle el trabajo. Se suministra con un enganche soldado para cargadoras, retrocargadores y manipuladores telesc\u00f3picos, o con una placa atornillada donde se puede soldar el cabezal para excavadora. &nbsp;<\/p>\n","protected":false},"featured_media":6642,"template":"","meta":[],"product_brand":[],"product_cat":[176],"product_tag":[],"class_list":{"0":"post-6162","1":"product","2":"type-product","3":"status-publish","4":"has-post-thumbnail","6":"product_cat-otros-implementos","8":"first","9":"instock","10":"shipping-taxable","11":"product-type-grouped"},"_links":{"self":[{"href":"https:\/\/www.m3srl.com\/es\/wp-json\/wp\/v2\/product\/6162","targetHints":{"allow":["GET"]}}],"collection":[{"href":"https:\/\/www.m3srl.com\/es\/wp-json\/wp\/v2\/product"}],"about":[{"href":"https:\/\/www.m3srl.com\/es\/wp-json\/wp\/v2\/types\/product"}],"wp:featuredmedia":[{"embeddable":true,"href":"https:\/\/www.m3srl.com\/es\/wp-json\/wp\/v2\/media\/6642"}],"wp:attachment":[{"href":"https:\/\/www.m3srl.com\/es\/wp-json\/wp\/v2\/media?parent=6162"}],"wp:term":[{"taxonomy":"product_brand","embeddable":true,"href":"https:\/\/www.m3srl.com\/es\/wp-json\/wp\/v2\/product_brand?post=6162"},{"taxonomy":"product_cat","embeddable":true,"href":"https:\/\/www.m3srl.com\/es\/wp-json\/wp\/v2\/product_cat?post=6162"},{"taxonomy":"product_tag","embeddable":true,"href":"https:\/\/www.m3srl.com\/es\/wp-json\/wp\/v2\/product_tag?post=6162"}],"curies":[{"name":"wp","href":"https:\/\/api.w.org\/{rel}","templated":true}]}}