{"id":6167,"date":"2023-07-28T12:31:15","date_gmt":"2023-07-28T10:31:15","guid":{"rendered":"https:\/\/www.m3srl.com\/?post_type=product&#038;p=6167"},"modified":"2024-10-01T15:16:25","modified_gmt":"2024-10-01T13:16:25","slug":"zanjadora","status":"publish","type":"product","link":"https:\/\/www.m3srl.com\/es\/equipo\/otros-implementos\/zanjadora\/","title":{"rendered":"Zanjadora"},"content":{"rendered":"<section class=\"wpb-content-wrapper\"><p>[vc_row disable_background_image=&#8221;&#8221;][vc_column]<div class=\"mkdf-image-gallery mkdf-grid-list mkdf-disable-bottom-space  mkdf-ig-grid-type mkdf-six-columns mkdf-tiny-space  mkdf-image-behavior-lightbox \">\n\t<div class=\"mkdf-ig-inner mkdf-outer-space\">\n\t\t\t\t\t<div class=\"mkdf-ig-image mkdf-item-space\">\n\t\t\t\t<div class=\"mkdf-ig-image-inner\">\n\t\t\t\t\t\t\t\t\t\t\t<a itemprop=\"image\" class=\"mkdf-ig-lightbox\" href=\"https:\/\/www.m3srl.com\/wp-content\/uploads\/2023\/07\/catenaria-1.webp\" data-rel=\"prettyPhoto[image_gallery_pretty_photo-912]\" title=\"catenaria-1\">\n\t\t\t\t\t\t\t\t\t\t\t<img loading=\"lazy\" decoding=\"async\" width=\"1024\" height=\"1024\" src=\"https:\/\/www.m3srl.com\/wp-content\/uploads\/2023\/07\/catenaria-1-1024x1024.webp\" class=\"attachment-large size-large\" alt=\"\" srcset=\"https:\/\/www.m3srl.com\/wp-content\/uploads\/2023\/07\/catenaria-1-1024x1024.webp 1024w, https:\/\/www.m3srl.com\/wp-content\/uploads\/2023\/07\/catenaria-1-300x300.webp 300w, https:\/\/www.m3srl.com\/wp-content\/uploads\/2023\/07\/catenaria-1-150x150.webp 150w, https:\/\/www.m3srl.com\/wp-content\/uploads\/2023\/07\/catenaria-1-768x768.webp 768w, https:\/\/www.m3srl.com\/wp-content\/uploads\/2023\/07\/catenaria-1-650x650.webp 650w, https:\/\/www.m3srl.com\/wp-content\/uploads\/2023\/07\/catenaria-1-600x600.webp 600w, https:\/\/www.m3srl.com\/wp-content\/uploads\/2023\/07\/catenaria-1-100x100.webp 100w, https:\/\/www.m3srl.com\/wp-content\/uploads\/2023\/07\/catenaria-1.webp 1080w\" sizes=\"auto, (max-width: 1024px) 100vw, 1024px\" \/>\t\t\t\t\t\t\t\t\t\t\t<\/a>\n\t\t\t\t\t\t\t\t\t<\/div>\n\t\t\t<\/div>\n\t\t\t\t\t<div class=\"mkdf-ig-image mkdf-item-space\">\n\t\t\t\t<div class=\"mkdf-ig-image-inner\">\n\t\t\t\t\t\t\t\t\t\t\t<a itemprop=\"image\" class=\"mkdf-ig-lightbox\" href=\"https:\/\/www.m3srl.com\/wp-content\/uploads\/2023\/07\/catenaria-2.webp\" data-rel=\"prettyPhoto[image_gallery_pretty_photo-912]\" title=\"catenaria-2\">\n\t\t\t\t\t\t\t\t\t\t\t<img loading=\"lazy\" decoding=\"async\" width=\"1024\" height=\"1024\" src=\"https:\/\/www.m3srl.com\/wp-content\/uploads\/2023\/07\/catenaria-2-1024x1024.webp\" class=\"attachment-large size-large\" alt=\"\" srcset=\"https:\/\/www.m3srl.com\/wp-content\/uploads\/2023\/07\/catenaria-2-1024x1024.webp 1024w, https:\/\/www.m3srl.com\/wp-content\/uploads\/2023\/07\/catenaria-2-300x300.webp 300w, https:\/\/www.m3srl.com\/wp-content\/uploads\/2023\/07\/catenaria-2-150x150.webp 150w, https:\/\/www.m3srl.com\/wp-content\/uploads\/2023\/07\/catenaria-2-768x768.webp 768w, https:\/\/www.m3srl.com\/wp-content\/uploads\/2023\/07\/catenaria-2-650x650.webp 650w, https:\/\/www.m3srl.com\/wp-content\/uploads\/2023\/07\/catenaria-2-600x600.webp 600w, https:\/\/www.m3srl.com\/wp-content\/uploads\/2023\/07\/catenaria-2-100x100.webp 100w, https:\/\/www.m3srl.com\/wp-content\/uploads\/2023\/07\/catenaria-2.webp 1080w\" sizes=\"auto, (max-width: 1024px) 100vw, 1024px\" \/>\t\t\t\t\t\t\t\t\t\t\t<\/a>\n\t\t\t\t\t\t\t\t\t<\/div>\n\t\t\t<\/div>\n\t\t\t\t\t<div class=\"mkdf-ig-image mkdf-item-space\">\n\t\t\t\t<div class=\"mkdf-ig-image-inner\">\n\t\t\t\t\t\t\t\t\t\t\t<a itemprop=\"image\" class=\"mkdf-ig-lightbox\" href=\"https:\/\/www.m3srl.com\/wp-content\/uploads\/2023\/07\/catenaria-3.webp\" data-rel=\"prettyPhoto[image_gallery_pretty_photo-912]\" title=\"catenaria-3\">\n\t\t\t\t\t\t\t\t\t\t\t<img loading=\"lazy\" decoding=\"async\" width=\"1024\" height=\"1024\" src=\"https:\/\/www.m3srl.com\/wp-content\/uploads\/2023\/07\/catenaria-3-1024x1024.webp\" class=\"attachment-large size-large\" alt=\"\" srcset=\"https:\/\/www.m3srl.com\/wp-content\/uploads\/2023\/07\/catenaria-3-1024x1024.webp 1024w, https:\/\/www.m3srl.com\/wp-content\/uploads\/2023\/07\/catenaria-3-300x300.webp 300w, https:\/\/www.m3srl.com\/wp-content\/uploads\/2023\/07\/catenaria-3-150x150.webp 150w, https:\/\/www.m3srl.com\/wp-content\/uploads\/2023\/07\/catenaria-3-768x768.webp 768w, https:\/\/www.m3srl.com\/wp-content\/uploads\/2023\/07\/catenaria-3-650x650.webp 650w, https:\/\/www.m3srl.com\/wp-content\/uploads\/2023\/07\/catenaria-3-600x600.webp 600w, https:\/\/www.m3srl.com\/wp-content\/uploads\/2023\/07\/catenaria-3-100x100.webp 100w, https:\/\/www.m3srl.com\/wp-content\/uploads\/2023\/07\/catenaria-3.webp 1080w\" sizes=\"auto, (max-width: 1024px) 100vw, 1024px\" \/>\t\t\t\t\t\t\t\t\t\t\t<\/a>\n\t\t\t\t\t\t\t\t\t<\/div>\n\t\t\t<\/div>\n\t\t\t\t\t<div class=\"mkdf-ig-image mkdf-item-space\">\n\t\t\t\t<div class=\"mkdf-ig-image-inner\">\n\t\t\t\t\t\t\t\t\t\t\t<a itemprop=\"image\" class=\"mkdf-ig-lightbox\" href=\"https:\/\/www.m3srl.com\/wp-content\/uploads\/2023\/07\/catenaria-4.webp\" data-rel=\"prettyPhoto[image_gallery_pretty_photo-912]\" title=\"catenaria-4\">\n\t\t\t\t\t\t\t\t\t\t\t<img loading=\"lazy\" decoding=\"async\" width=\"1024\" height=\"1024\" src=\"https:\/\/www.m3srl.com\/wp-content\/uploads\/2023\/07\/catenaria-4-1024x1024.webp\" class=\"attachment-large size-large\" alt=\"\" srcset=\"https:\/\/www.m3srl.com\/wp-content\/uploads\/2023\/07\/catenaria-4-1024x1024.webp 1024w, https:\/\/www.m3srl.com\/wp-content\/uploads\/2023\/07\/catenaria-4-300x300.webp 300w, https:\/\/www.m3srl.com\/wp-content\/uploads\/2023\/07\/catenaria-4-150x150.webp 150w, https:\/\/www.m3srl.com\/wp-content\/uploads\/2023\/07\/catenaria-4-768x768.webp 768w, https:\/\/www.m3srl.com\/wp-content\/uploads\/2023\/07\/catenaria-4-650x650.webp 650w, https:\/\/www.m3srl.com\/wp-content\/uploads\/2023\/07\/catenaria-4-600x600.webp 600w, https:\/\/www.m3srl.com\/wp-content\/uploads\/2023\/07\/catenaria-4-100x100.webp 100w, https:\/\/www.m3srl.com\/wp-content\/uploads\/2023\/07\/catenaria-4.webp 1080w\" sizes=\"auto, (max-width: 1024px) 100vw, 1024px\" \/>\t\t\t\t\t\t\t\t\t\t\t<\/a>\n\t\t\t\t\t\t\t\t\t<\/div>\n\t\t\t<\/div>\n\t\t\t\t\t<div class=\"mkdf-ig-image mkdf-item-space\">\n\t\t\t\t<div class=\"mkdf-ig-image-inner\">\n\t\t\t\t\t\t\t\t\t\t\t<a itemprop=\"image\" class=\"mkdf-ig-lightbox\" href=\"https:\/\/www.m3srl.com\/wp-content\/uploads\/2023\/07\/catenaria-5.webp\" data-rel=\"prettyPhoto[image_gallery_pretty_photo-912]\" title=\"catenaria-5\">\n\t\t\t\t\t\t\t\t\t\t\t<img loading=\"lazy\" decoding=\"async\" width=\"1024\" height=\"1024\" src=\"https:\/\/www.m3srl.com\/wp-content\/uploads\/2023\/07\/catenaria-5-1024x1024.webp\" class=\"attachment-large size-large\" alt=\"\" srcset=\"https:\/\/www.m3srl.com\/wp-content\/uploads\/2023\/07\/catenaria-5-1024x1024.webp 1024w, https:\/\/www.m3srl.com\/wp-content\/uploads\/2023\/07\/catenaria-5-300x300.webp 300w, https:\/\/www.m3srl.com\/wp-content\/uploads\/2023\/07\/catenaria-5-150x150.webp 150w, https:\/\/www.m3srl.com\/wp-content\/uploads\/2023\/07\/catenaria-5-768x768.webp 768w, https:\/\/www.m3srl.com\/wp-content\/uploads\/2023\/07\/catenaria-5-650x650.webp 650w, https:\/\/www.m3srl.com\/wp-content\/uploads\/2023\/07\/catenaria-5-600x600.webp 600w, https:\/\/www.m3srl.com\/wp-content\/uploads\/2023\/07\/catenaria-5-100x100.webp 100w, https:\/\/www.m3srl.com\/wp-content\/uploads\/2023\/07\/catenaria-5.webp 1080w\" sizes=\"auto, (max-width: 1024px) 100vw, 1024px\" \/>\t\t\t\t\t\t\t\t\t\t\t<\/a>\n\t\t\t\t\t\t\t\t\t<\/div>\n\t\t\t<\/div>\n\t\t\t\t\t<div class=\"mkdf-ig-image mkdf-item-space\">\n\t\t\t\t<div class=\"mkdf-ig-image-inner\">\n\t\t\t\t\t\t\t\t\t\t\t<a itemprop=\"image\" class=\"mkdf-ig-lightbox\" href=\"https:\/\/www.m3srl.com\/wp-content\/uploads\/2023\/07\/catenaria-6.webp\" data-rel=\"prettyPhoto[image_gallery_pretty_photo-912]\" title=\"catenaria-6\">\n\t\t\t\t\t\t\t\t\t\t\t<img loading=\"lazy\" decoding=\"async\" width=\"1024\" height=\"1024\" src=\"https:\/\/www.m3srl.com\/wp-content\/uploads\/2023\/07\/catenaria-6-1024x1024.webp\" class=\"attachment-large size-large\" alt=\"\" srcset=\"https:\/\/www.m3srl.com\/wp-content\/uploads\/2023\/07\/catenaria-6-1024x1024.webp 1024w, https:\/\/www.m3srl.com\/wp-content\/uploads\/2023\/07\/catenaria-6-300x300.webp 300w, https:\/\/www.m3srl.com\/wp-content\/uploads\/2023\/07\/catenaria-6-150x150.webp 150w, https:\/\/www.m3srl.com\/wp-content\/uploads\/2023\/07\/catenaria-6-768x768.webp 768w, https:\/\/www.m3srl.com\/wp-content\/uploads\/2023\/07\/catenaria-6-650x650.webp 650w, https:\/\/www.m3srl.com\/wp-content\/uploads\/2023\/07\/catenaria-6-600x600.webp 600w, https:\/\/www.m3srl.com\/wp-content\/uploads\/2023\/07\/catenaria-6-100x100.webp 100w, https:\/\/www.m3srl.com\/wp-content\/uploads\/2023\/07\/catenaria-6.webp 1080w\" sizes=\"auto, (max-width: 1024px) 100vw, 1024px\" \/>\t\t\t\t\t\t\t\t\t\t\t<\/a>\n\t\t\t\t\t\t\t\t\t<\/div>\n\t\t\t<\/div>\n\t\t\t<\/div>\n<\/div>[\/vc_column][\/vc_row]<\/p>\n<\/section>","protected":false},"excerpt":{"rendered":"<p><img loading=\"lazy\" decoding=\"async\" class=\"alignnone size-medium wp-image-3136\" src=\"https:\/\/www.m3srl.com\/wp-content\/uploads\/2022\/10\/Trimmer-MC-Series-icons-300x56.png\" alt=\"\" width=\"300\" height=\"56\" srcset=\"https:\/\/www.m3srl.com\/wp-content\/uploads\/2022\/10\/Trimmer-MC-Series-icons-300x56.png 300w, https:\/\/www.m3srl.com\/wp-content\/uploads\/2022\/10\/Trimmer-MC-Series-icons.png 400w\" sizes=\"auto, (max-width: 300px) 100vw, 300px\" \/><\/p>\n<p>La zanjadora M3 es un equipo compacto pero potente, capaz de realizar excavaciones m\u00e1s estrechas a una mayor profundidad. Adecuada para la instalaci\u00f3n de tuber\u00edas para la irrigaci\u00f3n, l\u00edneas de comunicaci\u00f3n y electricidad subterr\u00e1neas, mantenimiento de carreteras y la industria de construcci\u00f3n. Los anchos diferentes de disposici\u00f3n permiten una excavaci\u00f3n no m\u00e1s de lo que se necesita. El fondo de la excavaci\u00f3n se queda limpio y liso. La zanjadora M3 est\u00e1 equipada con: reductor planetario, motor hidr\u00e1ulico Eaton, un pat\u00edn de apoyo ajustable (hasta 3 posiciones) y une h\u00e9lice \u00fanica para la extracci\u00f3n del material de excavaci\u00f3n. Nuestro dise\u00f1o particular permite al operador de excavar en profundidad de una manera homog\u00e9nea, de extraer el material de excavaci\u00f3n, el cual es triturado finamente, favoreciendo una compactaci\u00f3n eficaz durante el relleno de la excavaci\u00f3n. Eso garantiza une alteraci\u00f3n m\u00ednima de las condiciones del terreno circundante y por lo tanto un final limpio. Una zanjadora compacta y potente, equipada con: reductor planetario, motor hidr\u00e1ulico Eaton, un pat\u00edn de apoyo ajustable (hasta 3 posiciones) y une h\u00e9lice \u00fanica para la extracci\u00f3n del material de excavaci\u00f3n. Nuestro dise\u00f1o particular permite al operador de excavar en profundidad de una manera homog\u00e9nea, de extraer el material de excavaci\u00f3n, el cual es triturado finamente, favoreciendo una compactaci\u00f3n eficaz durante el relleno de la excavaci\u00f3n. Eso garantiza une alteraci\u00f3n m\u00ednima de las condiciones del terreno circundante y por lo tanto un final limpio. Adecuada para la instalaci\u00f3n de tuber\u00edas para la irrigaci\u00f3n, l\u00edneas de comunicaci\u00f3n y electricidad subterr\u00e1neas, mantenimiento de carreteras y la industria de construcci\u00f3n.<\/p>\n","protected":false},"featured_media":6121,"template":"","meta":[],"product_brand":[],"product_cat":[176],"product_tag":[],"class_list":{"0":"post-6167","1":"product","2":"type-product","3":"status-publish","4":"has-post-thumbnail","6":"product_cat-otros-implementos","8":"first","9":"instock","10":"shipping-taxable","11":"product-type-grouped"},"_links":{"self":[{"href":"https:\/\/www.m3srl.com\/es\/wp-json\/wp\/v2\/product\/6167","targetHints":{"allow":["GET"]}}],"collection":[{"href":"https:\/\/www.m3srl.com\/es\/wp-json\/wp\/v2\/product"}],"about":[{"href":"https:\/\/www.m3srl.com\/es\/wp-json\/wp\/v2\/types\/product"}],"wp:featuredmedia":[{"embeddable":true,"href":"https:\/\/www.m3srl.com\/es\/wp-json\/wp\/v2\/media\/6121"}],"wp:attachment":[{"href":"https:\/\/www.m3srl.com\/es\/wp-json\/wp\/v2\/media?parent=6167"}],"wp:term":[{"taxonomy":"product_brand","embeddable":true,"href":"https:\/\/www.m3srl.com\/es\/wp-json\/wp\/v2\/product_brand?post=6167"},{"taxonomy":"product_cat","embeddable":true,"href":"https:\/\/www.m3srl.com\/es\/wp-json\/wp\/v2\/product_cat?post=6167"},{"taxonomy":"product_tag","embeddable":true,"href":"https:\/\/www.m3srl.com\/es\/wp-json\/wp\/v2\/product_tag?post=6167"}],"curies":[{"name":"wp","href":"https:\/\/api.w.org\/{rel}","templated":true}]}}