{"id":6709,"date":"2024-04-03T15:31:05","date_gmt":"2024-04-03T13:31:05","guid":{"rendered":"https:\/\/www.m3srl.com\/?post_type=product&#038;p=6709"},"modified":"2024-09-06T19:05:17","modified_gmt":"2024-09-06T17:05:17","slug":"trituradora-hidraulica-hd2","status":"publish","type":"product","link":"https:\/\/www.m3srl.com\/es\/equipo\/trabajos-forestales\/trituradora-hidraulica-hd2\/","title":{"rendered":"Trituradora hidraulica HD2"},"content":{"rendered":"","protected":false},"excerpt":{"rendered":"<p><img loading=\"lazy\" decoding=\"async\" class=\"alignnone wp-image-5743 size-medium\" src=\"https:\/\/www.m3srl.com\/wp-content\/uploads\/2022\/10\/Excavator-Sweeper-icons-300x56.png\" alt=\"\" width=\"300\" height=\"56\" srcset=\"https:\/\/www.m3srl.com\/wp-content\/uploads\/2022\/10\/Excavator-Sweeper-icons-300x56.png 300w, https:\/\/www.m3srl.com\/wp-content\/uploads\/2022\/10\/Excavator-Sweeper-icons.png 400w\" sizes=\"auto, (max-width: 300px) 100vw, 300px\" \/><\/p>\n<p>La trituradora M3, robusta y fiable, se puede instalar en toda excavadora. Fabricada en diferentes modelos seg\u00fan las dimensiones de la excavadora, tiene un motor hidr\u00e1ulico (a pistones a partir de la serie MH15), bloque de v\u00e1lvulas anti-cavitaci\u00f3n\/anti-shock y patines de apoyo ajustables y placa plana perforada. <strong>Se recomienda el drenaje para contrapresi\u00f3n &gt; 5 bar.<\/strong> Velocidad de rotaci\u00f3n 2.200\/2.500 rpm.<\/p>\n","protected":false},"featured_media":6715,"template":"","meta":[],"product_brand":[],"product_cat":[215],"product_tag":[],"class_list":{"0":"post-6709","1":"product","2":"type-product","3":"status-publish","4":"has-post-thumbnail","6":"product_cat-trabajos-forestales","8":"first","9":"instock","10":"shipping-taxable","11":"product-type-grouped"},"_links":{"self":[{"href":"https:\/\/www.m3srl.com\/es\/wp-json\/wp\/v2\/product\/6709","targetHints":{"allow":["GET"]}}],"collection":[{"href":"https:\/\/www.m3srl.com\/es\/wp-json\/wp\/v2\/product"}],"about":[{"href":"https:\/\/www.m3srl.com\/es\/wp-json\/wp\/v2\/types\/product"}],"wp:featuredmedia":[{"embeddable":true,"href":"https:\/\/www.m3srl.com\/es\/wp-json\/wp\/v2\/media\/6715"}],"wp:attachment":[{"href":"https:\/\/www.m3srl.com\/es\/wp-json\/wp\/v2\/media?parent=6709"}],"wp:term":[{"taxonomy":"product_brand","embeddable":true,"href":"https:\/\/www.m3srl.com\/es\/wp-json\/wp\/v2\/product_brand?post=6709"},{"taxonomy":"product_cat","embeddable":true,"href":"https:\/\/www.m3srl.com\/es\/wp-json\/wp\/v2\/product_cat?post=6709"},{"taxonomy":"product_tag","embeddable":true,"href":"https:\/\/www.m3srl.com\/es\/wp-json\/wp\/v2\/product_tag?post=6709"}],"curies":[{"name":"wp","href":"https:\/\/api.w.org\/{rel}","templated":true}]}}