{"id":8984,"date":"2025-04-01T10:26:39","date_gmt":"2025-04-01T08:26:39","guid":{"rendered":"https:\/\/www.m3srl.com\/equipment\/sin%20categor\u00eda\/cuchara-cribadora-2\/"},"modified":"2025-04-01T11:24:01","modified_gmt":"2025-04-01T09:24:01","slug":"cuchara-cribadora","status":"publish","type":"product","link":"https:\/\/www.m3srl.com\/es\/equipo\/otros-implementos\/cuchara-cribadora\/","title":{"rendered":"Cuchara Cribadora Frontal"},"content":{"rendered":"","protected":false},"excerpt":{"rendered":"<p><img loading=\"lazy\" decoding=\"async\" class=\"alignnone size-medium wp-image-8962\" src=\"https:\/\/www.m3srl.com\/wp-content\/uploads\/2025\/04\/benna-selezionatrice-macchinari-300x56.png\" alt=\"\" width=\"300\" height=\"56\" srcset=\"https:\/\/www.m3srl.com\/wp-content\/uploads\/2025\/04\/benna-selezionatrice-macchinari-300x56.png 300w, https:\/\/www.m3srl.com\/wp-content\/uploads\/2025\/04\/benna-selezionatrice-macchinari.png 400w\" sizes=\"auto, (max-width: 300px) 100vw, 300px\" \/><\/p>\n<p>La cuchara cribadora para mini cargadoras M3 est\u00e1 dise\u00f1ada para cribar y separar todo tipo de material resultante de trabajos de demolici\u00f3n y excavaci\u00f3n, en una \u00fanica operaci\u00f3n y directamente in situ (reduciendo costos de cobre y de manejo de materiales). Adecuada para toda mini cargadora, se puede utilizar incluso para mezclar suelos con turba. Las cribas de serie en Hardox HBW450 permiten de cribar materiales de 0-20 mm. La cuchara cribadora M3 se suministra con v\u00e1lvula de m\u00e1xima y antichoque, cribas y estructura en acero anti- desgaste HBW450, mangueras hidr\u00e1ulicas y enganche para mini cargadora.<\/p>\n","protected":false},"featured_media":8973,"template":"","meta":[],"product_brand":[],"product_cat":[176],"product_tag":[],"class_list":{"0":"post-8984","1":"product","2":"type-product","3":"status-publish","4":"has-post-thumbnail","6":"product_cat-otros-implementos","8":"first","9":"instock","10":"shipping-taxable","11":"product-type-simple"},"_links":{"self":[{"href":"https:\/\/www.m3srl.com\/es\/wp-json\/wp\/v2\/product\/8984","targetHints":{"allow":["GET"]}}],"collection":[{"href":"https:\/\/www.m3srl.com\/es\/wp-json\/wp\/v2\/product"}],"about":[{"href":"https:\/\/www.m3srl.com\/es\/wp-json\/wp\/v2\/types\/product"}],"wp:featuredmedia":[{"embeddable":true,"href":"https:\/\/www.m3srl.com\/es\/wp-json\/wp\/v2\/media\/8973"}],"wp:attachment":[{"href":"https:\/\/www.m3srl.com\/es\/wp-json\/wp\/v2\/media?parent=8984"}],"wp:term":[{"taxonomy":"product_brand","embeddable":true,"href":"https:\/\/www.m3srl.com\/es\/wp-json\/wp\/v2\/product_brand?post=8984"},{"taxonomy":"product_cat","embeddable":true,"href":"https:\/\/www.m3srl.com\/es\/wp-json\/wp\/v2\/product_cat?post=8984"},{"taxonomy":"product_tag","embeddable":true,"href":"https:\/\/www.m3srl.com\/es\/wp-json\/wp\/v2\/product_tag?post=8984"}],"curies":[{"name":"wp","href":"https:\/\/api.w.org\/{rel}","templated":true}]}}