{"id":6206,"date":"2019-09-12T10:07:16","date_gmt":"2019-09-12T08:07:16","guid":{"rendered":"https:\/\/www.m3srl.com\/a-propos\/"},"modified":"2023-09-27T17:15:05","modified_gmt":"2023-09-27T15:15:05","slug":"a-propos","status":"publish","type":"page","link":"https:\/\/www.m3srl.com\/fr\/a-propos\/","title":{"rendered":"A propos"},"content":{"rendered":"<section class=\"wpb-content-wrapper\"><p>[vc_row row_content_width=&#8221;grid&#8221; disable_background_image=&#8221;1024&#8243; animated_text_position=&#8221;center&#8221; disable_animated_text=&#8221;&#8221; animated_text=&#8221;M3&#8243; animated_text_color=&#8221;#f5f5f5&#8243; css=&#8221;.vc_custom_1663944180236{padding-top: 130px !important;padding-bottom: 125px !important;}&#8221; animated_text_overlay_image=&#8221;2059&#8243;][vc_column css=&#8221;.vc_custom_1569240237669{padding-top: 0px !important;padding-bottom: 5px !important;}&#8221;][vc_row_inner row_content_width=&#8221;grid&#8221;][vc_column_inner css=&#8221;.vc_custom_1567499344778{padding-top: 0px !important;padding-bottom: 0px !important;}&#8221;]<div class=\"mkdf-item-showcase-specific-holder  mkdf-iss-text-left  mkdf-has-appear-animation\">\n\t<div class=\"mkdf-iss-content\">\n\t\t<div class=\"mkdf-iss-info-section\">\n\t\t\t\t\t\t\t<span class=\"mkdf-iss-tagline\" >A PROPOS<\/span>\n\t\t\t\t\t\t\t\t\t\t<h2 class=\"mkdf-iss-title\" >\n\t\t\t\t\tM3 METALMECCANICA MODERNA\t\t\t\t<\/h2>\n\t\t\t\t\t\t\t\t\t\t<p class=\"mkdf-is-text\" >M3 MetalmeccanicaModerna s.r.l. est une soci\u00e9t\u00e9 sp\u00e9cialis\u00e9e dans le secteur du BTP et du terrassement. Nos produits peuvent \u00eatre bien mont\u00e9s sur tout type de pelle, tractopelle, chargeuse et t\u00e9lescopique.<\/p>\n\t\t\t\t\t\t\t\t\t\t<\/div>\n\t\t<div class=\"mkdf-iss-media-section\">\n\t\t\t<div class=\"mkdf-iss-al-and-si-holder\">\n\t\t\t\t<div class=\"mkdf-iss-additional-link-holder\">\n\t\t\t\t\t\t\t\t\t<\/div>\n\t\t\t\t<div class=\"mkdf-iss-second-image-holder\">\n\t\t\t\t\t\t\t\t\t\t\t<div class=\"mkdf-iss-second-image\" style=\"top: 100px\">\n\t\t\t\t\t\t\t<img loading=\"lazy\" decoding=\"async\" width=\"200\" height=\"200\" src=\"https:\/\/www.m3srl.com\/wp-content\/uploads\/2022\/09\/m3-solar.png\" class=\"attachment-full size-full\" alt=\"\" srcset=\"https:\/\/www.m3srl.com\/wp-content\/uploads\/2022\/09\/m3-solar.png 200w, https:\/\/www.m3srl.com\/wp-content\/uploads\/2022\/09\/m3-solar-100x100.png 100w, https:\/\/www.m3srl.com\/wp-content\/uploads\/2022\/09\/m3-solar-150x150.png 150w\" sizes=\"auto, (max-width: 200px) 100vw, 200px\" \/>\t\t\t\t\t\t\t<span class=\"mkdf-angle one\"><\/span>\n\t\t\t\t\t\t\t<span class=\"mkdf-angle two\"><\/span>\n\t\t\t\t\t\t\t<span class=\"mkdf-angle three\"><\/span>\n\t\t\t\t\t\t\t<span class=\"mkdf-angle four\"><\/span>\n\t\t\t\t\t\t<\/div>\n\t\t\t\t\t\t\t\t\t<\/div>\n\t\t\t<\/div>\n\t\t\t<div class=\"mkdf-iss-main-image-holder\">\n\t\t\t\t<img loading=\"lazy\" decoding=\"async\" width=\"600\" height=\"213\" src=\"https:\/\/www.m3srl.com\/wp-content\/uploads\/2022\/09\/m3-building.png\" class=\"attachment-full size-full\" alt=\"\" style=\"transform: scale(1.8)\" srcset=\"https:\/\/www.m3srl.com\/wp-content\/uploads\/2022\/09\/m3-building.png 600w, https:\/\/www.m3srl.com\/wp-content\/uploads\/2022\/09\/m3-building-300x107.png 300w\" sizes=\"auto, (max-width: 600px) 100vw, 600px\" \/>\t\t\t<\/div>\n\t\t\t<div class=\"mkdf-iss-icon-holder\">\n\t\t\t\t\t\t\t<\/div>\n\t\t<\/div>\n\t<\/div>\n<\/div>[\/vc_column_inner][\/vc_row_inner][\/vc_column][\/vc_row][vc_row content_placement=&#8221;middle&#8221; disable_background_image=&#8221;&#8221; content_text_aligment=&#8221;center&#8221;][vc_column]<div class=\"mkdf-video-button-holder  mkdf-vb-has-img  mkdf-vb-tat-position-right\">\n\t\t\t<div class=\"mkdf-video-button-image\">\n\t\t\t<img loading=\"lazy\" decoding=\"async\" width=\"1920\" height=\"750\" src=\"https:\/\/www.m3srl.com\/wp-content\/uploads\/2022\/09\/video-m3-bg.jpg\" class=\"attachment-full size-full\" alt=\"\" srcset=\"https:\/\/www.m3srl.com\/wp-content\/uploads\/2022\/09\/video-m3-bg.jpg 1920w, https:\/\/www.m3srl.com\/wp-content\/uploads\/2022\/09\/video-m3-bg-600x234.jpg 600w, https:\/\/www.m3srl.com\/wp-content\/uploads\/2022\/09\/video-m3-bg-300x117.jpg 300w, https:\/\/www.m3srl.com\/wp-content\/uploads\/2022\/09\/video-m3-bg-1024x400.jpg 1024w, https:\/\/www.m3srl.com\/wp-content\/uploads\/2022\/09\/video-m3-bg-768x300.jpg 768w, https:\/\/www.m3srl.com\/wp-content\/uploads\/2022\/09\/video-m3-bg-1536x600.jpg 1536w\" sizes=\"auto, (max-width: 1920px) 100vw, 1920px\" \/>\t\t<\/div>\n\t\t\t\t<span class=\"mkdf-video-button-play\" >\n\t\t\t<span class=\"mkdf-video-button-play-inner\">\n\t\t\t\t<span class=\"mkdf-video-button-play-holder\">\n\t\t\t\t\t<span class=\"mkdf-video-button-play-text\">\n\t\t\t            <span class=\"mkdf-btn-line-hidden\"><\/span>\n\t\t\t            <span class=\"mkdf-btn-text\">Play<\/span>\n\t\t\t\t        <span class=\"mkdf-btn-line\"><\/span>\n\t\t\t            <i class=\"mkdf-icon-ion-icon ion-ios-play \"><\/i>\n\t\t\t        <\/span>\n\t\t\t        <span class=\"mkdf-video-button-svg\">\n\t\t\t\t\t\t<svg x=\"0px\" y=\"0px\" width=\"78px\" height=\"80px\" viewBox=\"0 0 78 80\" style=\"enable-background:new 0 0 78 80;\">\n\t\t\t\t\t\t\t<path fill=\"CurrentColor\" d=\"M38.2,0C20.1,0,4.8,12.3,0,29h1C5.8,12.8,20.7,1,38.2,1C59.6,1,77,18.5,77,40c0,21.5-17.4,39-38.8,39\n\t\tC21,79,6.4,67.6,1.3,52H0.3c5.1,16.2,20.1,28,37.9,28C60.2,80,78,62.1,78,40C78,17.9,60.2,0,38.2,0z\"><\/path>\n\t\t\t\t\t\t<\/svg>\n\t\t\t\t\t<\/span>\n\t\t\t\t\t\t\t\t\t\t\t<a class=\"mkdf-video-button-link\" href=\"https:\/\/youtu.be\/fxlm14K31rg\" data-rel=\"prettyPhoto[video_button_pretty_photo_36]\"><\/a>\n\t\t\t\t\t\t\t\t\t<\/span>\n\t\t\t<\/span>\n\t\t<\/span>\n\t\t\t\t<div class=\"mkdf-video-button-outer mkdf-content-in-grid\">\n\t\t\t<div class=\"mkdf-video-button-inner mkdf-grid\">\n\t\t\t\t<div class=\"mkdf-vb-tat-holder\">\n\t\t\t\t\t\t\t\t\t\t\t<span class=\"mkdf-vb-tagline\" >\n\t\t\t\t\t\t\tVIDEO\t\t\t\t\t\t<\/span>\n\t\t\t\t\t\t\t\t\t\t\t\t\t\t\t\t<h1 class=\"mkdf-vb-title\" >\n\t\t\t\t\t\tNOTRE ENTREPRISE<br \/>\t\t\t\t\t<\/h1>\n\t\t\t\t\t\t\t\t\t<\/div>\n\t\t\t<\/div>\n\t\t<\/div>\n\t<\/div>[\/vc_column][\/vc_row][vc_row equal_height=&#8221;yes&#8221; row_content_width=&#8221;grid&#8221; disable_background_image=&#8221;&#8221; css=&#8221;.vc_custom_1663944186971{padding-top: 100px !important;padding-bottom: 100px !important;}&#8221;][vc_column width=&#8221;1\/2&#8243;]<div class=\"mkdf-section-title-holder    mkdf-has-appear-animation\" >\n\t<div class=\"mkdf-st-inner\">\n\t\t\t<span class=\"mkdf-st-tagline\" >\n\t\t\tM3 METALMECCANICAMODERNA\t\t<\/span>\n\t\t\t\t\t\t<h2 class=\"mkdf-st-title\" >\n\t\t\t\t\t\t\t\t\tA PROPOS\t\t\t\t\t\t\t<\/h2>\n\t\t\t\t\t\t\t<\/div>\n<\/div>[vc_empty_space height=&#8221;30px&#8221;][vc_single_image image=&#8221;2805&#8243; img_size=&#8221;full&#8221;][\/vc_column][vc_column width=&#8221;1\/2&#8243;][vc_column_text]Le succ\u00e8s et l\u2019image acquise par M3 sont fortement li\u00e9s aux produits \u00e0 haute qualit\u00e9 et aux efforts continus de toute l\u2019\u00e9quipe dans l\u2019\u00e9tude et le d\u00e9veloppement, ainsi que l\u2019innovation technologique.<\/p>\n<p>Apr\u00e8s avoir invent\u00e9 et d\u00e9pos\u00e9 le premier <strong>godet malaxeur<\/strong> en 1974, on a continu \u00e0 introduire sur le march\u00e9 d\u2019autres mod\u00e8les innovatives. En plus, on a d\u00e9velopp\u00e9 une vaste gamme d\u2019autres produits :<\/p>\n<ul>\n<li>balayeuse<\/li>\n<li>balayeuse orientable<\/li>\n<li>balayeuse industrielle<\/li>\n<li>attache rapide<\/li>\n<li>adapteur ISO<\/li>\n<li>fourche palette<\/li>\n<li>lame niveleuse<\/li>\n<li>lame dozer<\/li>\n<li>lame \u00e0 neige<\/li>\n<li>turbine \u00e0 neige<\/li>\n<li>d\u00e9broussailleuse hydraulique<\/li>\n<li>broyeur forestier hydraulique<\/li>\n<li>taille haie<\/li>\n<li>godet industriel avec grappin<\/li>\n<li>godet standard<\/li>\n<li>tari\u00e8re<\/li>\n<li>godet cribleur frontal<\/li>\n<\/ul>\n<p>[\/vc_column_text][\/vc_column][\/vc_row][vc_row equal_height=&#8221;yes&#8221; content_placement=&#8221;middle&#8221; disable_background_image=&#8221;&#8221; css=&#8221;.vc_custom_1663944373703{padding-top: 50px !important;padding-bottom: 50px !important;}&#8221; simple_background_color=&#8221;#dddddd&#8221;][vc_column][vc_icon icon_fontawesome=&#8221;fas fa-leaf&#8221; color=&#8221;green&#8221; size=&#8221;xl&#8221; align=&#8221;center&#8221;]<div class=\"mkdf-section-title-holder    mkdf-has-appear-animation\" style=\"text-align: center\">\n\t<div class=\"mkdf-st-inner\">\n\t\t\t\t\t\t<h2 class=\"mkdf-st-title\" >\n\t\t\t\t\t\t\t\t\tNOUS UTILISONS UNIQUEMENT DE L\u2019\u00c9NERGIE VERTE\t\t\t\t\t\t\t<\/h2>\n\t\t\t\t\t\t\t<\/div>\n<\/div>[\/vc_column][\/vc_row]<\/p>\n<\/section>","protected":false},"excerpt":{"rendered":"<p> [&hellip;]<\/p>\n","protected":false},"author":1,"featured_media":0,"parent":0,"menu_order":0,"comment_status":"closed","ping_status":"closed","template":"full-width.php","meta":{"footnotes":""},"class_list":["post-6206","page","type-page","status-publish","hentry"],"_links":{"self":[{"href":"https:\/\/www.m3srl.com\/fr\/wp-json\/wp\/v2\/pages\/6206","targetHints":{"allow":["GET"]}}],"collection":[{"href":"https:\/\/www.m3srl.com\/fr\/wp-json\/wp\/v2\/pages"}],"about":[{"href":"https:\/\/www.m3srl.com\/fr\/wp-json\/wp\/v2\/types\/page"}],"author":[{"embeddable":true,"href":"https:\/\/www.m3srl.com\/fr\/wp-json\/wp\/v2\/users\/1"}],"replies":[{"embeddable":true,"href":"https:\/\/www.m3srl.com\/fr\/wp-json\/wp\/v2\/comments?post=6206"}],"version-history":[{"count":6,"href":"https:\/\/www.m3srl.com\/fr\/wp-json\/wp\/v2\/pages\/6206\/revisions"}],"predecessor-version":[{"id":6308,"href":"https:\/\/www.m3srl.com\/fr\/wp-json\/wp\/v2\/pages\/6206\/revisions\/6308"}],"wp:attachment":[{"href":"https:\/\/www.m3srl.com\/fr\/wp-json\/wp\/v2\/media?parent=6206"}],"curies":[{"name":"wp","href":"https:\/\/api.w.org\/{rel}","templated":true}]}}