{"id":6219,"date":"2019-09-12T13:44:37","date_gmt":"2019-09-12T11:44:37","guid":{"rendered":"https:\/\/www.m3srl.com\/contactez-nous\/"},"modified":"2023-09-29T14:35:08","modified_gmt":"2023-09-29T12:35:08","slug":"contactez-nous","status":"publish","type":"page","link":"https:\/\/www.m3srl.com\/fr\/contactez-nous\/","title":{"rendered":"Contactez-nous"},"content":{"rendered":"<section class=\"wpb-content-wrapper\"><p>[vc_row disable_background_image=&#8221;&#8221;][vc_column offset=&#8221;vc_hidden-md vc_hidden-sm vc_hidden-xs&#8221;][vc_empty_space height=&#8221;105px&#8221;][\/vc_column][\/vc_row][vc_row row_content_width=&#8221;grid&#8221; disable_background_image=&#8221;&#8221; vertical_lines=&#8221;yes&#8221; css=&#8221;.vc_custom_1568375152289{padding-top: 119px !important;padding-bottom: 130px !important;}&#8221;][vc_column css=&#8221;.vc_custom_1568375291782{padding-top: 0px !important;}&#8221; offset=&#8221;vc_col-lg-6&#8243;][vc_single_image image=&#8221;2744&#8243; img_size=&#8221;medium&#8221;][vc_empty_space height=&#8221;40px&#8221;]<div class=\"mkdf-section-title-holder    mkdf-has-appear-animation\" style=\"padding: 0 0 20% 0 0\">\n\t<div class=\"mkdf-st-inner\">\n\t\t\t\t\t\t<h2 class=\"mkdf-st-title\" >\n\t\t\t\t\t\t\t\t\tCONTACT\t\t\t\t\t\t\t<\/h2>\n\t\t\t\t\t\t\t<p class=\"mkdf-st-text\" >\n\t\t\t\tM3 MetalmeccanicaModerna s.r.l. est une soci\u00e9t\u00e9 sp\u00e9cialis\u00e9e dans le secteur du BTP et du terrassement. Nos produits peuvent \u00eatre bien mont\u00e9s sur tout type de pelle, tractopelle, chargeuse et t\u00e9lescopique.\t\t\t<\/p>\n\t\t\t\t\t<\/div>\n<\/div>[vc_empty_space height=&#8221;40px&#8221;]<div class=\"mkdf-iwt clearfix  mkdf-iwt-icon-left mkdf-iwt-icon-tiny mkdf-has-appear-animation\">\n\t\t\t<a itemprop=\"url\" href=\"https:\/\/www.google.com\/maps\/place\/7300+Colonial+Rd,+Brooklyn,+NY+11209,+USA\/@40.634123,-74.0347961,17z\/data=!3m1!4b1!4m5!3m4!1s0x89c24ff82ba70fed:0x9510b406c4651972!8m2!3d40.634123!4d-74.0326074\" target=\"_blank\" >\n\t\t\t\t\t\t<div class=\"mkdf-iwt-icon\">\n\t\t\t\t\t\t\t\t\t\t\t\t\t\t\t    <span class=\"mkdf-icon-shortcode mkdf-normal   mkdf-icon-tiny\"  data-color=\"#ed1d24\">\n                    <span aria-hidden=\"true\" class=\"mkdf-icon-font-elegant icon_pin_alt mkdf-icon-element\" style=\"color: #ed1d24\" ><\/span>            <\/span>\n\t\t\t\t\t\t\t\t<\/div>\n\t\t\t<div class=\"mkdf-iwt-content\" style=\"padding-left: 16px\">\n\t\t\t\t\t\t\t\t\t\t\t<p class=\"mkdf-iwt-text\" style=\"margin-top: 0px\">Strada della Pace, 23, 43058 Sorbolo Mezzani (PR) - ITALY<\/p>\n\t\t\t\t\t<\/div>\n\t\t\t\t\t<\/a>\n<\/div>\n[vc_empty_space height=&#8221;16px&#8221;]<div class=\"mkdf-iwt clearfix  mkdf-iwt-icon-left mkdf-iwt-icon-tiny mkdf-has-appear-animation\">\n\t\t\t<a itemprop=\"url\" href=\"tel:1231245678901\" target=\"_self\" >\n\t\t\t\t\t\t<div class=\"mkdf-iwt-icon\">\n\t\t\t\t\t\t\t\t\t\t\t\t\t\t\t    <span class=\"mkdf-icon-shortcode mkdf-normal   mkdf-icon-tiny\"  data-color=\"#ed1d24\">\n                    <i class=\"mkdf-icon-simple-line-icon icon-phone mkdf-icon-element\" style=\"color: #ed1d24\" ><\/i>            <\/span>\n\t\t\t\t\t\t\t\t<\/div>\n\t\t\t<div class=\"mkdf-iwt-content\" style=\"padding-left: 16px\">\n\t\t\t\t\t\t\t\t\t\t\t<p class=\"mkdf-iwt-text\" style=\"margin-top: 0px\">+ 39 0521 316053<\/p>\n\t\t\t\t\t<\/div>\n\t\t\t\t\t<\/a>\n<\/div>\n[vc_empty_space height=&#8221;11px&#8221;]<div class=\"mkdf-iwt clearfix  mkdf-iwt-icon-left mkdf-iwt-icon-tiny mkdf-has-appear-animation\">\n\t\t\t<a itemprop=\"url\" href=\"mailto:carrier@qodeinteractive.com\" target=\"_self\" >\n\t\t\t\t\t\t<div class=\"mkdf-iwt-icon\">\n\t\t\t\t\t\t\t\t\t\t\t\t\t\t\t    <span class=\"mkdf-icon-shortcode mkdf-normal   mkdf-icon-tiny\"  data-color=\"#ed1d24\">\n                    <span aria-hidden=\"true\" class=\"mkdf-icon-font-elegant icon_mail_alt mkdf-icon-element\" style=\"color: #ed1d24\" ><\/span>            <\/span>\n\t\t\t\t\t\t\t\t<\/div>\n\t\t\t<div class=\"mkdf-iwt-content\" style=\"padding-left: 16px\">\n\t\t\t\t\t\t\t\t\t\t\t<p class=\"mkdf-iwt-text\" style=\"margin-top: 4px\">info@m3srl.com<\/p>\n\t\t\t\t\t<\/div>\n\t\t\t\t\t<\/a>\n<\/div>\n[\/vc_column][vc_column css=&#8221;.vc_custom_1568375299030{padding-top: 0px !important;}&#8221; offset=&#8221;vc_col-lg-6&#8243;]<div class=\"mkdf-elements-holder   mkdf-one-column  mkdf-responsive-mode-768 \" ><div class=\"mkdf-eh-item    \"  data-item-class=\"mkdf-eh-custom-8297\" data-769-1024=\"50px 0 0\" data-681-768=\"50px 0 0\" data-680=\"50px 0 0\">\n\t<div class=\"mkdf-eh-item-inner\">\n\t\t<div class=\"mkdf-eh-item-content mkdf-eh-custom-8297\" style=\"padding: 0px 0 0 36px\">\n\t\t\t\n<div class=\"wpcf7 no-js\" id=\"wpcf7-f6378-o1\" lang=\"en-US\" dir=\"ltr\" data-wpcf7-id=\"6378\">\n<div class=\"screen-reader-response\"><p role=\"status\" aria-live=\"polite\" aria-atomic=\"true\"><\/p> <ul><\/ul><\/div>\n<form action=\"\/fr\/wp-json\/wp\/v2\/pages\/6219#wpcf7-f6378-o1\" method=\"post\" class=\"wpcf7-form init\" aria-label=\"Contact form\" novalidate=\"novalidate\" data-status=\"init\">\n<fieldset class=\"hidden-fields-container\"><input type=\"hidden\" name=\"_wpcf7\" value=\"6378\" \/><input type=\"hidden\" name=\"_wpcf7_version\" value=\"6.1.2\" \/><input type=\"hidden\" name=\"_wpcf7_locale\" value=\"en_US\" \/><input type=\"hidden\" name=\"_wpcf7_unit_tag\" value=\"wpcf7-f6378-o1\" \/><input type=\"hidden\" name=\"_wpcf7_container_post\" value=\"0\" \/><input type=\"hidden\" name=\"_wpcf7_posted_data_hash\" value=\"\" \/><input type=\"hidden\" name=\"_wpcf7dtx_version\" value=\"5.0.3\" \/><input type=\"hidden\" name=\"_wpcf7_recaptcha_response\" value=\"\" \/>\n<\/fieldset>\n<div class=\"mkdf-cf7-custom-style\">\n\t<p><label> Nom<br \/>\n<span class=\"wpcf7-form-control-wrap\" data-name=\"your-name\"><input size=\"40\" maxlength=\"400\" class=\"wpcf7-form-control wpcf7-text wpcf7-validates-as-required\" aria-required=\"true\" aria-invalid=\"false\" value=\"\" type=\"text\" name=\"your-name\" \/><\/span> <\/label><br \/>\n<label> E-mail<br \/>\n<span class=\"wpcf7-form-control-wrap\" data-name=\"your-email\"><input size=\"40\" maxlength=\"400\" class=\"wpcf7-form-control wpcf7-email wpcf7-validates-as-required wpcf7-text wpcf7-validates-as-email\" aria-required=\"true\" aria-invalid=\"false\" value=\"\" type=\"email\" name=\"your-email\" \/><\/span> <\/label><br \/>\n<label> Message<br \/>\n<span class=\"wpcf7-form-control-wrap\" data-name=\"your-message\"><textarea cols=\"40\" rows=\"5\" maxlength=\"2000\" class=\"wpcf7-form-control wpcf7-textarea\" aria-invalid=\"false\" name=\"your-message\"><\/textarea><\/span> <\/label><button class=\"wpcf7-form-control wpcf7-submit mkdf-btn mkdf-btn-medium mkdf-btn-solid\" type=\"submit\"><span class=\"mkdf-btn-text\">Envoyer message<\/span><\/button>\n\t<\/p>\n\t<p><span class=\"wpcf7-form-control-wrap\" data-name=\"privacy\"><span class=\"wpcf7-form-control wpcf7-acceptance\"><span class=\"wpcf7-list-item\"><label><input type=\"checkbox\" name=\"privacy\" value=\"1\" aria-invalid=\"false\" \/><span class=\"wpcf7-list-item-label\">Je d\u00e9clare avoir lu les informations conform\u00e9ment \u00e0 l'art. 13 du gdpr \u00e0 la politique de confidentialit\u00e9 <a href=\"https:\/\/www.m3srl.com\/fr\/privacy-policy\/\">privacy policy<\/a><\/span><\/label><\/span><\/span><\/span>\n\t<\/p>\n<\/div><div class=\"wpcf7-response-output\" aria-hidden=\"true\"><\/div>\n<\/form>\n<\/div>\n\t\t<\/div>\n\t<\/div>\n<\/div><\/div>[\/vc_column][\/vc_row][vc_row equal_height=&#8221;yes&#8221; content_placement=&#8221;top&#8221; row_content_width=&#8221;grid&#8221; disable_background_image=&#8221;&#8221;][vc_column width=&#8221;1\/2&#8243;][vc_column_text css=&#8221;.vc_custom_1687955186986{padding-right: 5px !important;padding-bottom: 5px !important;padding-left: 5px !important;background-color: #f2f2f2 !important;}&#8221;]<\/p>\n<h4>DIRECTEUR DES VENTES<\/h4>\n<p style=\"text-align: right;\"><strong>Massimo Boschi<\/strong><br \/>\n<a href=\"mailto:mboschi@m3srl.com\">mboschi@m3srl.com<\/a><\/p>\n<p>[\/vc_column_text][vc_column_text css=&#8221;.vc_custom_1687955285370{padding-right: 5px !important;padding-bottom: 5px !important;padding-left: 5px !important;background-color: #f2f2f2 !important;}&#8221;]<\/p>\n<h4>VENTES EUROPE ORIENTALE<\/h4>\n<p>Albania, Bosnia and Herzegovina, Bulgaria, Croatia, Estonia, Hungary, Kosovo, Latvia, Lithuania, Macedonia, Montenegro, Poland, Romania, Serbia, Slovakia, Slovenia, The Czech Republic.<\/p>\n<h4>VENTES PAYS CIS<\/h4>\n<p style=\"text-align: right;\"><strong>Tatiana Cocimariuc<\/strong><br \/>\n<a href=\"mailto:sales@m3srl.com\">sales@m3srl.com<\/a><\/p>\n<p>[\/vc_column_text][vc_column_text css=&#8221;.vc_custom_1687955049517{padding-right: 5px !important;padding-bottom: 5px !important;padding-left: 5px !important;background-color: #f2f2f2 !important;}&#8221;]<\/p>\n<h4>VENTES EUROPE OCCIDENTALE<\/h4>\n<p>Austria, Belgium, Denmark, Finland, France, Germany, Greece, Iceland, Ireland, Malta, Norway, Portugal, Spain, Sweden, Switzerland, The Netherlands, United Kingdom.<\/p>\n<h4>VENTES D\u2019AUTRES PAYS<\/h4>\n<p style=\"text-align: right;\"><strong>Alessandra Lombardi<\/strong><br \/>\n<a href=\"mailto:export@m3srl.com\">export@m3srl.com<\/a><\/p>\n<p>[\/vc_column_text][vc_column_text css=&#8221;.vc_custom_1687539185391{padding-right: 5px !important;padding-bottom: 5px !important;padding-left: 5px !important;background-color: #f2f2f2 !important;}&#8221;]<\/p>\n<h4>VENTES ITALIE<\/h4>\n<p style=\"text-align: right;\"><strong>Michele Torri<\/strong><br \/>\n<a href=\"mailto:mtorri@m3srl.com\">mtorri@m3srl.com<\/a><\/p>\n<p>[\/vc_column_text][\/vc_column][vc_column width=&#8221;1\/2&#8243;][vc_column_text css=&#8221;.vc_custom_1687955423518{padding-right: 5px !important;padding-bottom: 5px !important;padding-left: 5px !important;background-color: #f2f2f2 !important;}&#8221;]<\/p>\n<h4>RESPONSABLE LOGISTIQUE ET TRANSPORT<\/h4>\n<p style=\"text-align: right;\"><strong>Monica Moretti<\/strong><br \/>\n<a href=\"mailto:mmoretti@m3srl.com\">mmoretti@m3srl.com<\/a><\/p>\n<p>[\/vc_column_text][vc_empty_space height=&#8221;20px&#8221;][vc_column_text css=&#8221;.vc_custom_1687955824239{padding-right: 5px !important;padding-bottom: 5px !important;padding-left: 5px !important;background-color: #f2f2f2 !important;}&#8221;]<\/p>\n<h4>RESPONSABLE COMPTABILITE<\/h4>\n<p style=\"text-align: right;\"><strong>Francesco Oliva<\/strong><br \/>\n<a href=\"mailto:foliva@m3srl.com\">foliva@m3srl.com<\/a><\/p>\n<p>[\/vc_column_text][vc_empty_space height=&#8221;20px&#8221;][vc_column_text css=&#8221;.vc_custom_1687955913159{padding-right: 5px !important;padding-bottom: 5px !important;padding-left: 5px !important;background-color: #f2f2f2 !important;}&#8221;]<\/p>\n<h4>RESPONSABLE TECHNIQUE DU PRODUIT<\/h4>\n<p style=\"text-align: right;\"><strong>Roberto Boschi<\/strong><br \/>\n<a href=\"mailto:rboschi@m3srl.com\">rboschi@m3srl.com<\/a><\/p>\n<p>[\/vc_column_text][vc_empty_space height=&#8221;20px&#8221;][vc_column_text css=&#8221;.vc_custom_1687955948243{padding-right: 5px !important;padding-bottom: 5px !important;padding-left: 5px !important;background-color: #f2f2f2 !important;}&#8221;]<\/p>\n<h4>RESPONSABLE ACHATS<\/h4>\n<p style=\"text-align: right;\"><strong>Andrea Ghezzi<\/strong><br \/>\n<a href=\"mailto:aghezzi@m3srl.com\">aghezzi@m3srl.com<\/a><\/p>\n<p>[\/vc_column_text][vc_empty_space height=&#8221;20px&#8221;][vc_column_text css=&#8221;.vc_custom_1687956003176{padding-right: 5px !important;padding-bottom: 5px !important;padding-left: 5px !important;background-color: #f2f2f2 !important;}&#8221;]<\/p>\n<h4>RESPONSABLE APRES-VENTE &amp; PIECES DETACHEES<\/h4>\n<p style=\"text-align: right;\"><strong>Andrea Ghezzi<\/strong><br \/>\n<a href=\"mailto:aghezzi@m3srl.com\">aghezzi@m3srl.com<\/a><\/p>\n<p>[\/vc_column_text][\/vc_column][\/vc_row][vc_row disable_background_image=&#8221;&#8221; css=&#8221;.vc_custom_1568634188480{padding-top: 36px !important;}&#8221;][vc_column][vc_gmaps link=&#8221;#E-8_JTNDaWZyYW1lJTIwc3JjJTNEJTIyaHR0cHMlM0ElMkYlMkZ3d3cuZ29vZ2xlLmNvbSUyRm1hcHMlMkZlbWJlZCUzRnBiJTNEJTIxMW0xNCUyMTFtOCUyMTFtMyUyMTFkMTEzMDEuNTkwMzA5ODIyNTclMjEyZDEwLjQyNjE0ODclMjEzZDQ0LjkxNTI0OTglMjEzbTIlMjExaTEwMjQlMjEyaTc2OCUyMTRmMTMuMSUyMTNtMyUyMTFtMiUyMTFzMHgwJTI1M0EweDEwYTI1MmZiM2QxZGM4MWElMjEyc00zJTI1MjBNZXRhbG1lY2NhbmljYSUyNTIwTW9kZXJuYSUyNTIwcy5yLmwuJTIxNWUwJTIxM20yJTIxMXNpdCUyMTJzaXQlMjE0djE2NjM5MzkxNjQ0ODMlMjE1bTIlMjExc2l0JTIxMnNpdCUyMiUyMHdpZHRoJTNEJTIyNjAwJTIyJTIwaGVpZ2h0JTNEJTIyNDUwJTIyJTIwc3R5bGUlM0QlMjJib3JkZXIlM0EwJTNCJTIyJTIwYWxsb3dmdWxsc2NyZWVuJTNEJTIyJTIyJTIwbG9hZGluZyUzRCUyMmxhenklMjIlMjByZWZlcnJlcnBvbGljeSUzRCUyMm5vLXJlZmVycmVyLXdoZW4tZG93bmdyYWRlJTIyJTNFJTNDJTJGaWZyYW1lJTNF&#8221;][\/vc_column][\/vc_row][vc_row disable_element=&#8221;yes&#8221; row_content_width=&#8221;grid&#8221; disable_background_image=&#8221;&#8221; vertical_lines=&#8221;yes&#8221; css=&#8221;.vc_custom_1568373063042{padding-top: 124px !important;padding-bottom: 72px !important;}&#8221;][vc_column width=&#8221;1\/2&#8243;]<div class=\"mkdf-section-title-holder    mkdf-has-appear-animation\" style=\"padding: 0 0 20% 0 0\">\n\t<div class=\"mkdf-st-inner\">\n\t\t\t<span class=\"mkdf-st-tagline\" >\n\t\t\tadrenaline\t\t<\/span>\n\t\t\t\t\t\t<h2 class=\"mkdf-st-title\" >\n\t\t\t\t\t\t\t\t\timprove general rideability\t\t\t\t\t\t\t<\/h2>\n\t\t\t\t\t\t\t<p class=\"mkdf-st-text\" >\n\t\t\t\tLorem ipsum dolor sit amet, consectetur adipiscing elit. Etiam aliquet mi sapien, a malesuada tellus vehicula ac. Aliquam accumsan sapien sit amet lectus varius, vel lobortis urna tempus. Aliquam hendrerit felis eget ultrices tempus onec consequat mattis ullamcorper.\t\t\t<\/p>\n\t\t\t\t\t<\/div>\n<\/div>[vc_empty_space height=&#8221;70px&#8221;][vc_column_text]<\/p>\n<h4>Office in New York<\/h4>\n<p>[\/vc_column_text][vc_column_text]<img loading=\"lazy\" decoding=\"async\" class=\"alignmiddle wp-image-1217 size-full alignleft\" src=\"https:\/\/grandprix.qodeinteractive.com\/wp-content\/uploads\/2019\/09\/p3-iwt-img-1.png\" alt=\"d\" width=\"16\" height=\"21\"> <a href=\"https:\/\/www.google.com\/maps\/place\/7300+Colonial+Rd,+Brooklyn,+NY+11209,+USA\/@40.6341271,-74.0347961,17z\/data=!3m1!4b1!4m5!3m4!1s0x89c24ff82ba70fed:0x9510b406c4651972!8m2!3d40.634123!4d-74.0326074\" target=\"_blank\" rel=\"noopener noreferrer\"><span style=\"color: #808080;\">7300-7398 Colonial Rd, NY, USA<\/span><\/a>[\/vc_column_text][vc_empty_space height=&#8221;9px&#8221;][vc_column_text]<img loading=\"lazy\" decoding=\"async\" class=\"mkdf-mrgn-center wp-image-1218 size-full alignleft\" src=\"https:\/\/grandprix.qodeinteractive.com\/wp-content\/uploads\/2019\/09\/p3-iwt-img-2.png\" alt=\"j\" width=\"19\" height=\"19\"><a href=\"tel:1231245678901\">+ (123) 12,4-567-8901<\/a>[\/vc_column_text][vc_empty_space height=&#8221;6px&#8221;][vc_column_text]<img loading=\"lazy\" decoding=\"async\" class=\"mkdf-mrgn-center wp-image-1219 size-full alignleft\" src=\"https:\/\/grandprix.qodeinteractive.com\/wp-content\/uploads\/2019\/09\/p3-iwt-img-3.png\" alt=\"g\" width=\"18\" height=\"18\"><a href=\"mailto:grandprix@qodeinteractive.com\">grandprix@qodeinteractive.com<\/a>[\/vc_column_text][\/vc_column][vc_column width=&#8221;1\/2&#8243;]\n<div class=\"wpcf7 no-js\" id=\"wpcf7-f420-o2\" lang=\"en-US\" dir=\"ltr\" data-wpcf7-id=\"420\">\n<div class=\"screen-reader-response\"><p role=\"status\" aria-live=\"polite\" aria-atomic=\"true\"><\/p> <ul><\/ul><\/div>\n<form action=\"\/fr\/wp-json\/wp\/v2\/pages\/6219#wpcf7-f420-o2\" method=\"post\" class=\"wpcf7-form init\" aria-label=\"Contact form\" novalidate=\"novalidate\" data-status=\"init\">\n<fieldset class=\"hidden-fields-container\"><input type=\"hidden\" name=\"_wpcf7\" value=\"420\" \/><input type=\"hidden\" name=\"_wpcf7_version\" value=\"6.1.2\" \/><input type=\"hidden\" name=\"_wpcf7_locale\" value=\"en_US\" \/><input type=\"hidden\" name=\"_wpcf7_unit_tag\" value=\"wpcf7-f420-o2\" \/><input type=\"hidden\" name=\"_wpcf7_container_post\" value=\"0\" \/><input type=\"hidden\" name=\"_wpcf7_posted_data_hash\" value=\"\" \/><input type=\"hidden\" name=\"_wpcf7dtx_version\" value=\"5.0.3\" \/><input type=\"hidden\" name=\"_wpcf7_recaptcha_response\" value=\"\" \/>\n<\/fieldset>\n<div class=\"mkdf-cf7-custom-style\">\n\t<p><label> Name<br \/>\n<span class=\"wpcf7-form-control-wrap\" data-name=\"your-name\"><input size=\"40\" maxlength=\"400\" class=\"wpcf7-form-control wpcf7-text wpcf7-validates-as-required\" aria-required=\"true\" aria-invalid=\"false\" value=\"\" type=\"text\" name=\"your-name\" \/><\/span> <\/label><br \/>\n<label> E-mail<br \/>\n<span class=\"wpcf7-form-control-wrap\" data-name=\"your-email\"><input size=\"40\" maxlength=\"400\" class=\"wpcf7-form-control wpcf7-email wpcf7-validates-as-required wpcf7-text wpcf7-validates-as-email\" aria-required=\"true\" aria-invalid=\"false\" value=\"\" type=\"email\" name=\"your-email\" \/><\/span> <\/label><br \/>\n<label> Message<br \/>\n<span class=\"wpcf7-form-control-wrap\" data-name=\"your-message\"><textarea cols=\"40\" rows=\"5\" maxlength=\"2000\" class=\"wpcf7-form-control wpcf7-textarea\" aria-invalid=\"false\" name=\"your-message\"><\/textarea><\/span> <\/label><button class=\"wpcf7-form-control wpcf7-submit mkdf-btn mkdf-btn-medium mkdf-btn-solid\" type=\"submit\"><span class=\"mkdf-btn-text\">Send message<\/span><\/button>\n\t<\/p>\n\t<p><span class=\"wpcf7-form-control-wrap\" data-name=\"privacy\"><span class=\"wpcf7-form-control wpcf7-acceptance\"><span class=\"wpcf7-list-item\"><label><input type=\"checkbox\" name=\"privacy\" value=\"1\" aria-invalid=\"false\" \/><span class=\"wpcf7-list-item-label\">I declare that I have read the information pursuant to art. 13 of the GDPR at the following <a href=\"https:\/\/www.m3srl.com\/privacy-policy\">privacy policy<\/a><\/span><\/label><\/span><\/span><\/span>\n\t<\/p>\n<\/div><div class=\"wpcf7-response-output\" aria-hidden=\"true\"><\/div>\n<\/form>\n<\/div>\n[\/vc_column][\/vc_row]<\/p>\n<\/section>","protected":false},"excerpt":{"rendered":"<p> [&hellip;]<\/p>\n","protected":false},"author":1,"featured_media":0,"parent":0,"menu_order":0,"comment_status":"closed","ping_status":"closed","template":"full-width.php","meta":{"footnotes":""},"class_list":["post-6219","page","type-page","status-publish","hentry"],"_links":{"self":[{"href":"https:\/\/www.m3srl.com\/fr\/wp-json\/wp\/v2\/pages\/6219","targetHints":{"allow":["GET"]}}],"collection":[{"href":"https:\/\/www.m3srl.com\/fr\/wp-json\/wp\/v2\/pages"}],"about":[{"href":"https:\/\/www.m3srl.com\/fr\/wp-json\/wp\/v2\/types\/page"}],"author":[{"embeddable":true,"href":"https:\/\/www.m3srl.com\/fr\/wp-json\/wp\/v2\/users\/1"}],"replies":[{"embeddable":true,"href":"https:\/\/www.m3srl.com\/fr\/wp-json\/wp\/v2\/comments?post=6219"}],"version-history":[{"count":5,"href":"https:\/\/www.m3srl.com\/fr\/wp-json\/wp\/v2\/pages\/6219\/revisions"}],"predecessor-version":[{"id":6385,"href":"https:\/\/www.m3srl.com\/fr\/wp-json\/wp\/v2\/pages\/6219\/revisions\/6385"}],"wp:attachment":[{"href":"https:\/\/www.m3srl.com\/fr\/wp-json\/wp\/v2\/media?parent=6219"}],"curies":[{"name":"wp","href":"https:\/\/api.w.org\/{rel}","templated":true}]}}