{"id":3867,"date":"2022-10-20T16:02:14","date_gmt":"2022-10-20T14:02:14","guid":{"rendered":"https:\/\/www.m3srl.com\/equipment\/uncategorized\/taille-haie\/"},"modified":"2024-10-03T15:43:15","modified_gmt":"2024-10-03T13:43:15","slug":"taille-haie-mc","status":"publish","type":"product","link":"https:\/\/www.m3srl.com\/fr\/equipment\/tailler\/taille-haie-mc\/","title":{"rendered":"Taille Haie MC"},"content":{"rendered":"<section class=\"wpb-content-wrapper\"><p>[vc_row disable_background_image=&#8221;&#8221;][vc_column][vc_column_text]<\/p>\n<h3>GALERIE<\/h3>\n<p>[\/vc_column_text]<div class=\"mkdf-image-gallery mkdf-grid-list mkdf-disable-bottom-space  mkdf-ig-grid-type mkdf-four-columns mkdf-tiny-space  mkdf-image-behavior-lightbox \">\n\t<div class=\"mkdf-ig-inner mkdf-outer-space\">\n\t\t\t\t\t<div class=\"mkdf-ig-image mkdf-item-space\">\n\t\t\t\t<div class=\"mkdf-ig-image-inner\">\n\t\t\t\t\t\t\t\t\t\t\t<a itemprop=\"image\" class=\"mkdf-ig-lightbox\" href=\"https:\/\/www.m3srl.com\/wp-content\/uploads\/2022\/10\/cimatrice-mc-1.webp\" data-rel=\"prettyPhoto[image_gallery_pretty_photo-357]\" title=\"cimatrice-mc-1\">\n\t\t\t\t\t\t\t\t\t\t\t<img loading=\"lazy\" decoding=\"async\" width=\"1024\" height=\"1024\" src=\"https:\/\/www.m3srl.com\/wp-content\/uploads\/2022\/10\/cimatrice-mc-1-1024x1024.webp\" class=\"attachment-large size-large\" alt=\"\" srcset=\"https:\/\/www.m3srl.com\/wp-content\/uploads\/2022\/10\/cimatrice-mc-1-1024x1024.webp 1024w, https:\/\/www.m3srl.com\/wp-content\/uploads\/2022\/10\/cimatrice-mc-1-300x300.webp 300w, https:\/\/www.m3srl.com\/wp-content\/uploads\/2022\/10\/cimatrice-mc-1-150x150.webp 150w, https:\/\/www.m3srl.com\/wp-content\/uploads\/2022\/10\/cimatrice-mc-1-768x768.webp 768w, https:\/\/www.m3srl.com\/wp-content\/uploads\/2022\/10\/cimatrice-mc-1-650x650.webp 650w, https:\/\/www.m3srl.com\/wp-content\/uploads\/2022\/10\/cimatrice-mc-1-600x600.webp 600w, https:\/\/www.m3srl.com\/wp-content\/uploads\/2022\/10\/cimatrice-mc-1-100x100.webp 100w, https:\/\/www.m3srl.com\/wp-content\/uploads\/2022\/10\/cimatrice-mc-1.webp 1080w\" sizes=\"auto, (max-width: 1024px) 100vw, 1024px\" \/>\t\t\t\t\t\t\t\t\t\t\t<\/a>\n\t\t\t\t\t\t\t\t\t<\/div>\n\t\t\t<\/div>\n\t\t\t\t\t<div class=\"mkdf-ig-image mkdf-item-space\">\n\t\t\t\t<div class=\"mkdf-ig-image-inner\">\n\t\t\t\t\t\t\t\t\t\t\t<a itemprop=\"image\" class=\"mkdf-ig-lightbox\" href=\"https:\/\/www.m3srl.com\/wp-content\/uploads\/2022\/10\/cimatrice-mc-2.webp\" data-rel=\"prettyPhoto[image_gallery_pretty_photo-357]\" title=\"cimatrice-mc-2\">\n\t\t\t\t\t\t\t\t\t\t\t<img loading=\"lazy\" decoding=\"async\" width=\"1024\" height=\"1024\" src=\"https:\/\/www.m3srl.com\/wp-content\/uploads\/2022\/10\/cimatrice-mc-2-1024x1024.webp\" class=\"attachment-large size-large\" alt=\"\" srcset=\"https:\/\/www.m3srl.com\/wp-content\/uploads\/2022\/10\/cimatrice-mc-2-1024x1024.webp 1024w, https:\/\/www.m3srl.com\/wp-content\/uploads\/2022\/10\/cimatrice-mc-2-300x300.webp 300w, https:\/\/www.m3srl.com\/wp-content\/uploads\/2022\/10\/cimatrice-mc-2-150x150.webp 150w, https:\/\/www.m3srl.com\/wp-content\/uploads\/2022\/10\/cimatrice-mc-2-768x768.webp 768w, https:\/\/www.m3srl.com\/wp-content\/uploads\/2022\/10\/cimatrice-mc-2-650x650.webp 650w, https:\/\/www.m3srl.com\/wp-content\/uploads\/2022\/10\/cimatrice-mc-2-600x600.webp 600w, https:\/\/www.m3srl.com\/wp-content\/uploads\/2022\/10\/cimatrice-mc-2-100x100.webp 100w, https:\/\/www.m3srl.com\/wp-content\/uploads\/2022\/10\/cimatrice-mc-2.webp 1080w\" sizes=\"auto, (max-width: 1024px) 100vw, 1024px\" \/>\t\t\t\t\t\t\t\t\t\t\t<\/a>\n\t\t\t\t\t\t\t\t\t<\/div>\n\t\t\t<\/div>\n\t\t\t\t\t<div class=\"mkdf-ig-image mkdf-item-space\">\n\t\t\t\t<div class=\"mkdf-ig-image-inner\">\n\t\t\t\t\t\t\t\t\t\t\t<a itemprop=\"image\" class=\"mkdf-ig-lightbox\" href=\"https:\/\/www.m3srl.com\/wp-content\/uploads\/2022\/10\/cimatrice-mc-3.webp\" data-rel=\"prettyPhoto[image_gallery_pretty_photo-357]\" title=\"cimatrice-mc-3\">\n\t\t\t\t\t\t\t\t\t\t\t<img loading=\"lazy\" decoding=\"async\" width=\"1024\" height=\"1024\" src=\"https:\/\/www.m3srl.com\/wp-content\/uploads\/2022\/10\/cimatrice-mc-3-1024x1024.webp\" class=\"attachment-large size-large\" alt=\"\" srcset=\"https:\/\/www.m3srl.com\/wp-content\/uploads\/2022\/10\/cimatrice-mc-3-1024x1024.webp 1024w, https:\/\/www.m3srl.com\/wp-content\/uploads\/2022\/10\/cimatrice-mc-3-300x300.webp 300w, https:\/\/www.m3srl.com\/wp-content\/uploads\/2022\/10\/cimatrice-mc-3-150x150.webp 150w, https:\/\/www.m3srl.com\/wp-content\/uploads\/2022\/10\/cimatrice-mc-3-768x768.webp 768w, https:\/\/www.m3srl.com\/wp-content\/uploads\/2022\/10\/cimatrice-mc-3-650x650.webp 650w, https:\/\/www.m3srl.com\/wp-content\/uploads\/2022\/10\/cimatrice-mc-3-600x600.webp 600w, https:\/\/www.m3srl.com\/wp-content\/uploads\/2022\/10\/cimatrice-mc-3-100x100.webp 100w, https:\/\/www.m3srl.com\/wp-content\/uploads\/2022\/10\/cimatrice-mc-3.webp 1080w\" sizes=\"auto, (max-width: 1024px) 100vw, 1024px\" \/>\t\t\t\t\t\t\t\t\t\t\t<\/a>\n\t\t\t\t\t\t\t\t\t<\/div>\n\t\t\t<\/div>\n\t\t\t\t\t<div class=\"mkdf-ig-image mkdf-item-space\">\n\t\t\t\t<div class=\"mkdf-ig-image-inner\">\n\t\t\t\t\t\t\t\t\t\t\t<a itemprop=\"image\" class=\"mkdf-ig-lightbox\" href=\"https:\/\/www.m3srl.com\/wp-content\/uploads\/2022\/10\/cimatrice-mc-4.webp\" data-rel=\"prettyPhoto[image_gallery_pretty_photo-357]\" title=\"cimatrice-mc-4\">\n\t\t\t\t\t\t\t\t\t\t\t<img loading=\"lazy\" decoding=\"async\" width=\"1024\" height=\"1024\" src=\"https:\/\/www.m3srl.com\/wp-content\/uploads\/2022\/10\/cimatrice-mc-4-1024x1024.webp\" class=\"attachment-large size-large\" alt=\"\" srcset=\"https:\/\/www.m3srl.com\/wp-content\/uploads\/2022\/10\/cimatrice-mc-4-1024x1024.webp 1024w, https:\/\/www.m3srl.com\/wp-content\/uploads\/2022\/10\/cimatrice-mc-4-300x300.webp 300w, https:\/\/www.m3srl.com\/wp-content\/uploads\/2022\/10\/cimatrice-mc-4-150x150.webp 150w, https:\/\/www.m3srl.com\/wp-content\/uploads\/2022\/10\/cimatrice-mc-4-768x768.webp 768w, https:\/\/www.m3srl.com\/wp-content\/uploads\/2022\/10\/cimatrice-mc-4-650x650.webp 650w, https:\/\/www.m3srl.com\/wp-content\/uploads\/2022\/10\/cimatrice-mc-4-600x600.webp 600w, https:\/\/www.m3srl.com\/wp-content\/uploads\/2022\/10\/cimatrice-mc-4-100x100.webp 100w, https:\/\/www.m3srl.com\/wp-content\/uploads\/2022\/10\/cimatrice-mc-4.webp 1080w\" sizes=\"auto, (max-width: 1024px) 100vw, 1024px\" \/>\t\t\t\t\t\t\t\t\t\t\t<\/a>\n\t\t\t\t\t\t\t\t\t<\/div>\n\t\t\t<\/div>\n\t\t\t<\/div>\n<\/div>[vc_column_text]<\/p>\n<h3>VIDEO<\/h3>\n<p>[\/vc_column_text][vc_column_text]<iframe class=\"youtube-video\" title=\"YouTube video player\" src=\"https:\/\/www.youtube-nocookie.com\/embed\/J5m8VPvAp-0?si=hhZmLxsSzW3MrZgC&amp;rel=0\" frameborder=\"0\" allowfullscreen=\"allowfullscreen\"><span data-mce-type=\"bookmark\" style=\"display: inline-block; width: 0px; overflow: hidden; line-height: 0;\" class=\"mce_SELRES_start\"><\/span><\/iframe>[\/vc_column_text][\/vc_column][\/vc_row]<\/p>\n<\/section>","protected":false},"excerpt":{"rendered":"<p><img loading=\"lazy\" decoding=\"async\" class=\"alignnone size-medium wp-image-3136\" src=\"https:\/\/www.m3srl.com\/wp-content\/uploads\/2022\/10\/Trimmer-MC-Series-icons-300x56.png\" alt=\"\" width=\"300\" height=\"56\" srcset=\"https:\/\/www.m3srl.com\/wp-content\/uploads\/2022\/10\/Trimmer-MC-Series-icons-300x56.png 300w, https:\/\/www.m3srl.com\/wp-content\/uploads\/2022\/10\/Trimmer-MC-Series-icons.png 400w\" sizes=\"auto, (max-width: 300px) 100vw, 300px\" \/> Le taille haie MC peut \u00eatre appliqu\u00e9 sur mini pelles et il est apte \u00e0 la coupe des haies jusqu\u2019\u00e0 un \u00d8 maxi de 3 cm.<br \/>Il est \u00e9quip\u00e9 de lames en acier anti-usure, d\u2019un accouplement hirth, de moteur orbital prot\u00e9g\u00e9 par vannes antichoc et anti-cavitation, d\u2019amortisseur m\u00e9canique et de protection pour les lames.   <\/p>\n","protected":false},"featured_media":3719,"template":"","meta":[],"product_brand":[],"product_cat":[166],"product_tag":[],"class_list":{"0":"post-3867","1":"product","2":"type-product","3":"status-publish","4":"has-post-thumbnail","6":"product_cat-tailler","8":"first","9":"instock","10":"shipping-taxable","11":"product-type-grouped"},"_links":{"self":[{"href":"https:\/\/www.m3srl.com\/fr\/wp-json\/wp\/v2\/product\/3867","targetHints":{"allow":["GET"]}}],"collection":[{"href":"https:\/\/www.m3srl.com\/fr\/wp-json\/wp\/v2\/product"}],"about":[{"href":"https:\/\/www.m3srl.com\/fr\/wp-json\/wp\/v2\/types\/product"}],"wp:featuredmedia":[{"embeddable":true,"href":"https:\/\/www.m3srl.com\/fr\/wp-json\/wp\/v2\/media\/3719"}],"wp:attachment":[{"href":"https:\/\/www.m3srl.com\/fr\/wp-json\/wp\/v2\/media?parent=3867"}],"wp:term":[{"taxonomy":"product_brand","embeddable":true,"href":"https:\/\/www.m3srl.com\/fr\/wp-json\/wp\/v2\/product_brand?post=3867"},{"taxonomy":"product_cat","embeddable":true,"href":"https:\/\/www.m3srl.com\/fr\/wp-json\/wp\/v2\/product_cat?post=3867"},{"taxonomy":"product_tag","embeddable":true,"href":"https:\/\/www.m3srl.com\/fr\/wp-json\/wp\/v2\/product_tag?post=3867"}],"curies":[{"name":"wp","href":"https:\/\/api.w.org\/{rel}","templated":true}]}}