{"id":3871,"date":"2022-10-20T16:02:13","date_gmt":"2022-10-20T14:02:13","guid":{"rendered":"https:\/\/www.m3srl.com\/equipment\/uncategorized\/broyeur-forestier-std\/"},"modified":"2024-09-06T19:13:09","modified_gmt":"2024-09-06T17:13:09","slug":"broyeur-forestier-std","status":"publish","type":"product","link":"https:\/\/www.m3srl.com\/fr\/equipment\/debroussailler\/broyeur-forestier-std\/","title":{"rendered":"Broyeur Forestier STD"},"content":{"rendered":"<section class=\"wpb-content-wrapper\"><p>[vc_row disable_background_image=&#8221;&#8221;][vc_column]<div class=\"mkdf-image-gallery mkdf-grid-list mkdf-disable-bottom-space  mkdf-ig-grid-type mkdf-four-columns mkdf-tiny-space  mkdf-image-behavior-lightbox \">\n\t<div class=\"mkdf-ig-inner mkdf-outer-space\">\n\t\t\t\t\t<div class=\"mkdf-ig-image mkdf-item-space\">\n\t\t\t\t<div class=\"mkdf-ig-image-inner\">\n\t\t\t\t\t\t\t\t\t\t\t<a itemprop=\"image\" class=\"mkdf-ig-lightbox\" href=\"https:\/\/www.m3srl.com\/wp-content\/uploads\/2022\/10\/testata-trinciante-std-1.webp\" data-rel=\"prettyPhoto[image_gallery_pretty_photo-240]\" title=\"testata-trinciante-std-1\">\n\t\t\t\t\t\t\t\t\t\t\t<img loading=\"lazy\" decoding=\"async\" width=\"1024\" height=\"1024\" src=\"https:\/\/www.m3srl.com\/wp-content\/uploads\/2022\/10\/testata-trinciante-std-1-1024x1024.webp\" class=\"attachment-large size-large\" alt=\"\" srcset=\"https:\/\/www.m3srl.com\/wp-content\/uploads\/2022\/10\/testata-trinciante-std-1-1024x1024.webp 1024w, https:\/\/www.m3srl.com\/wp-content\/uploads\/2022\/10\/testata-trinciante-std-1-300x300.webp 300w, https:\/\/www.m3srl.com\/wp-content\/uploads\/2022\/10\/testata-trinciante-std-1-150x150.webp 150w, https:\/\/www.m3srl.com\/wp-content\/uploads\/2022\/10\/testata-trinciante-std-1-768x768.webp 768w, https:\/\/www.m3srl.com\/wp-content\/uploads\/2022\/10\/testata-trinciante-std-1-650x650.webp 650w, https:\/\/www.m3srl.com\/wp-content\/uploads\/2022\/10\/testata-trinciante-std-1-600x600.webp 600w, https:\/\/www.m3srl.com\/wp-content\/uploads\/2022\/10\/testata-trinciante-std-1-100x100.webp 100w, https:\/\/www.m3srl.com\/wp-content\/uploads\/2022\/10\/testata-trinciante-std-1.webp 1080w\" sizes=\"auto, (max-width: 1024px) 100vw, 1024px\" \/>\t\t\t\t\t\t\t\t\t\t\t<\/a>\n\t\t\t\t\t\t\t\t\t<\/div>\n\t\t\t<\/div>\n\t\t\t\t\t<div class=\"mkdf-ig-image mkdf-item-space\">\n\t\t\t\t<div class=\"mkdf-ig-image-inner\">\n\t\t\t\t\t\t\t\t\t\t\t<a itemprop=\"image\" class=\"mkdf-ig-lightbox\" href=\"https:\/\/www.m3srl.com\/wp-content\/uploads\/2022\/10\/testata-trinciante-std-2.webp\" data-rel=\"prettyPhoto[image_gallery_pretty_photo-240]\" title=\"testata-trinciante-std-2\">\n\t\t\t\t\t\t\t\t\t\t\t<img loading=\"lazy\" decoding=\"async\" width=\"1024\" height=\"1024\" src=\"https:\/\/www.m3srl.com\/wp-content\/uploads\/2022\/10\/testata-trinciante-std-2-1024x1024.webp\" class=\"attachment-large size-large\" alt=\"\" srcset=\"https:\/\/www.m3srl.com\/wp-content\/uploads\/2022\/10\/testata-trinciante-std-2-1024x1024.webp 1024w, https:\/\/www.m3srl.com\/wp-content\/uploads\/2022\/10\/testata-trinciante-std-2-300x300.webp 300w, https:\/\/www.m3srl.com\/wp-content\/uploads\/2022\/10\/testata-trinciante-std-2-150x150.webp 150w, https:\/\/www.m3srl.com\/wp-content\/uploads\/2022\/10\/testata-trinciante-std-2-768x768.webp 768w, https:\/\/www.m3srl.com\/wp-content\/uploads\/2022\/10\/testata-trinciante-std-2-650x650.webp 650w, https:\/\/www.m3srl.com\/wp-content\/uploads\/2022\/10\/testata-trinciante-std-2-600x600.webp 600w, https:\/\/www.m3srl.com\/wp-content\/uploads\/2022\/10\/testata-trinciante-std-2-100x100.webp 100w, https:\/\/www.m3srl.com\/wp-content\/uploads\/2022\/10\/testata-trinciante-std-2.webp 1080w\" sizes=\"auto, (max-width: 1024px) 100vw, 1024px\" \/>\t\t\t\t\t\t\t\t\t\t\t<\/a>\n\t\t\t\t\t\t\t\t\t<\/div>\n\t\t\t<\/div>\n\t\t\t\t\t<div class=\"mkdf-ig-image mkdf-item-space\">\n\t\t\t\t<div class=\"mkdf-ig-image-inner\">\n\t\t\t\t\t\t\t\t\t\t\t<a itemprop=\"image\" class=\"mkdf-ig-lightbox\" href=\"https:\/\/www.m3srl.com\/wp-content\/uploads\/2022\/10\/testata-trinciante-std-3.webp\" data-rel=\"prettyPhoto[image_gallery_pretty_photo-240]\" title=\"testata-trinciante-std-3\">\n\t\t\t\t\t\t\t\t\t\t\t<img loading=\"lazy\" decoding=\"async\" width=\"1024\" height=\"1024\" src=\"https:\/\/www.m3srl.com\/wp-content\/uploads\/2022\/10\/testata-trinciante-std-3-1024x1024.webp\" class=\"attachment-large size-large\" alt=\"\" srcset=\"https:\/\/www.m3srl.com\/wp-content\/uploads\/2022\/10\/testata-trinciante-std-3-1024x1024.webp 1024w, https:\/\/www.m3srl.com\/wp-content\/uploads\/2022\/10\/testata-trinciante-std-3-300x300.webp 300w, https:\/\/www.m3srl.com\/wp-content\/uploads\/2022\/10\/testata-trinciante-std-3-150x150.webp 150w, https:\/\/www.m3srl.com\/wp-content\/uploads\/2022\/10\/testata-trinciante-std-3-768x768.webp 768w, https:\/\/www.m3srl.com\/wp-content\/uploads\/2022\/10\/testata-trinciante-std-3-650x650.webp 650w, https:\/\/www.m3srl.com\/wp-content\/uploads\/2022\/10\/testata-trinciante-std-3-600x600.webp 600w, https:\/\/www.m3srl.com\/wp-content\/uploads\/2022\/10\/testata-trinciante-std-3-100x100.webp 100w, https:\/\/www.m3srl.com\/wp-content\/uploads\/2022\/10\/testata-trinciante-std-3.webp 1080w\" sizes=\"auto, (max-width: 1024px) 100vw, 1024px\" \/>\t\t\t\t\t\t\t\t\t\t\t<\/a>\n\t\t\t\t\t\t\t\t\t<\/div>\n\t\t\t<\/div>\n\t\t\t\t\t<div class=\"mkdf-ig-image mkdf-item-space\">\n\t\t\t\t<div class=\"mkdf-ig-image-inner\">\n\t\t\t\t\t\t\t\t\t\t\t<a itemprop=\"image\" class=\"mkdf-ig-lightbox\" href=\"https:\/\/www.m3srl.com\/wp-content\/uploads\/2022\/10\/testata-trinciante-std-4.webp\" data-rel=\"prettyPhoto[image_gallery_pretty_photo-240]\" title=\"testata-trinciante-std-4\">\n\t\t\t\t\t\t\t\t\t\t\t<img loading=\"lazy\" decoding=\"async\" width=\"1024\" height=\"1024\" src=\"https:\/\/www.m3srl.com\/wp-content\/uploads\/2022\/10\/testata-trinciante-std-4-1024x1024.webp\" class=\"attachment-large size-large\" alt=\"\" srcset=\"https:\/\/www.m3srl.com\/wp-content\/uploads\/2022\/10\/testata-trinciante-std-4-1024x1024.webp 1024w, https:\/\/www.m3srl.com\/wp-content\/uploads\/2022\/10\/testata-trinciante-std-4-300x300.webp 300w, https:\/\/www.m3srl.com\/wp-content\/uploads\/2022\/10\/testata-trinciante-std-4-150x150.webp 150w, https:\/\/www.m3srl.com\/wp-content\/uploads\/2022\/10\/testata-trinciante-std-4-768x768.webp 768w, https:\/\/www.m3srl.com\/wp-content\/uploads\/2022\/10\/testata-trinciante-std-4-650x650.webp 650w, https:\/\/www.m3srl.com\/wp-content\/uploads\/2022\/10\/testata-trinciante-std-4-600x600.webp 600w, https:\/\/www.m3srl.com\/wp-content\/uploads\/2022\/10\/testata-trinciante-std-4-100x100.webp 100w, https:\/\/www.m3srl.com\/wp-content\/uploads\/2022\/10\/testata-trinciante-std-4.webp 1080w\" sizes=\"auto, (max-width: 1024px) 100vw, 1024px\" \/>\t\t\t\t\t\t\t\t\t\t\t<\/a>\n\t\t\t\t\t\t\t\t\t<\/div>\n\t\t\t<\/div>\n\t\t\t\t\t<div class=\"mkdf-ig-image mkdf-item-space\">\n\t\t\t\t<div class=\"mkdf-ig-image-inner\">\n\t\t\t\t\t\t\t\t\t\t\t<a itemprop=\"image\" class=\"mkdf-ig-lightbox\" href=\"https:\/\/www.m3srl.com\/wp-content\/uploads\/2022\/10\/testata-trinciante-std-5.webp\" data-rel=\"prettyPhoto[image_gallery_pretty_photo-240]\" title=\"testata-trinciante-std-5\">\n\t\t\t\t\t\t\t\t\t\t\t<img loading=\"lazy\" decoding=\"async\" width=\"1024\" height=\"1024\" src=\"https:\/\/www.m3srl.com\/wp-content\/uploads\/2022\/10\/testata-trinciante-std-5-1024x1024.webp\" class=\"attachment-large size-large\" alt=\"\" srcset=\"https:\/\/www.m3srl.com\/wp-content\/uploads\/2022\/10\/testata-trinciante-std-5-1024x1024.webp 1024w, https:\/\/www.m3srl.com\/wp-content\/uploads\/2022\/10\/testata-trinciante-std-5-300x300.webp 300w, https:\/\/www.m3srl.com\/wp-content\/uploads\/2022\/10\/testata-trinciante-std-5-150x150.webp 150w, https:\/\/www.m3srl.com\/wp-content\/uploads\/2022\/10\/testata-trinciante-std-5-768x768.webp 768w, https:\/\/www.m3srl.com\/wp-content\/uploads\/2022\/10\/testata-trinciante-std-5-650x650.webp 650w, https:\/\/www.m3srl.com\/wp-content\/uploads\/2022\/10\/testata-trinciante-std-5-600x600.webp 600w, https:\/\/www.m3srl.com\/wp-content\/uploads\/2022\/10\/testata-trinciante-std-5-100x100.webp 100w, https:\/\/www.m3srl.com\/wp-content\/uploads\/2022\/10\/testata-trinciante-std-5.webp 1080w\" sizes=\"auto, (max-width: 1024px) 100vw, 1024px\" \/>\t\t\t\t\t\t\t\t\t\t\t<\/a>\n\t\t\t\t\t\t\t\t\t<\/div>\n\t\t\t<\/div>\n\t\t\t\t\t<div class=\"mkdf-ig-image mkdf-item-space\">\n\t\t\t\t<div class=\"mkdf-ig-image-inner\">\n\t\t\t\t\t\t\t\t\t\t\t<a itemprop=\"image\" class=\"mkdf-ig-lightbox\" href=\"https:\/\/www.m3srl.com\/wp-content\/uploads\/2022\/10\/testata-trinciante-std-6.webp\" data-rel=\"prettyPhoto[image_gallery_pretty_photo-240]\" title=\"testata-trinciante-std-6\">\n\t\t\t\t\t\t\t\t\t\t\t<img loading=\"lazy\" decoding=\"async\" width=\"1024\" height=\"1024\" src=\"https:\/\/www.m3srl.com\/wp-content\/uploads\/2022\/10\/testata-trinciante-std-6-1024x1024.webp\" class=\"attachment-large size-large\" alt=\"\" srcset=\"https:\/\/www.m3srl.com\/wp-content\/uploads\/2022\/10\/testata-trinciante-std-6-1024x1024.webp 1024w, https:\/\/www.m3srl.com\/wp-content\/uploads\/2022\/10\/testata-trinciante-std-6-300x300.webp 300w, https:\/\/www.m3srl.com\/wp-content\/uploads\/2022\/10\/testata-trinciante-std-6-150x150.webp 150w, https:\/\/www.m3srl.com\/wp-content\/uploads\/2022\/10\/testata-trinciante-std-6-768x768.webp 768w, https:\/\/www.m3srl.com\/wp-content\/uploads\/2022\/10\/testata-trinciante-std-6-650x650.webp 650w, https:\/\/www.m3srl.com\/wp-content\/uploads\/2022\/10\/testata-trinciante-std-6-600x600.webp 600w, https:\/\/www.m3srl.com\/wp-content\/uploads\/2022\/10\/testata-trinciante-std-6-100x100.webp 100w, https:\/\/www.m3srl.com\/wp-content\/uploads\/2022\/10\/testata-trinciante-std-6.webp 1080w\" sizes=\"auto, (max-width: 1024px) 100vw, 1024px\" \/>\t\t\t\t\t\t\t\t\t\t\t<\/a>\n\t\t\t\t\t\t\t\t\t<\/div>\n\t\t\t<\/div>\n\t\t\t\t\t<div class=\"mkdf-ig-image mkdf-item-space\">\n\t\t\t\t<div class=\"mkdf-ig-image-inner\">\n\t\t\t\t\t\t\t\t\t\t\t<a itemprop=\"image\" class=\"mkdf-ig-lightbox\" href=\"https:\/\/www.m3srl.com\/wp-content\/uploads\/2022\/10\/testata-trinciante-std-7.webp\" data-rel=\"prettyPhoto[image_gallery_pretty_photo-240]\" title=\"testata-trinciante-std-7\">\n\t\t\t\t\t\t\t\t\t\t\t<img loading=\"lazy\" decoding=\"async\" width=\"1024\" height=\"1024\" src=\"https:\/\/www.m3srl.com\/wp-content\/uploads\/2022\/10\/testata-trinciante-std-7-1024x1024.webp\" class=\"attachment-large size-large\" alt=\"\" srcset=\"https:\/\/www.m3srl.com\/wp-content\/uploads\/2022\/10\/testata-trinciante-std-7-1024x1024.webp 1024w, https:\/\/www.m3srl.com\/wp-content\/uploads\/2022\/10\/testata-trinciante-std-7-300x300.webp 300w, https:\/\/www.m3srl.com\/wp-content\/uploads\/2022\/10\/testata-trinciante-std-7-150x150.webp 150w, https:\/\/www.m3srl.com\/wp-content\/uploads\/2022\/10\/testata-trinciante-std-7-768x768.webp 768w, https:\/\/www.m3srl.com\/wp-content\/uploads\/2022\/10\/testata-trinciante-std-7-650x650.webp 650w, https:\/\/www.m3srl.com\/wp-content\/uploads\/2022\/10\/testata-trinciante-std-7-600x600.webp 600w, https:\/\/www.m3srl.com\/wp-content\/uploads\/2022\/10\/testata-trinciante-std-7-100x100.webp 100w, https:\/\/www.m3srl.com\/wp-content\/uploads\/2022\/10\/testata-trinciante-std-7.webp 1080w\" sizes=\"auto, (max-width: 1024px) 100vw, 1024px\" \/>\t\t\t\t\t\t\t\t\t\t\t<\/a>\n\t\t\t\t\t\t\t\t\t<\/div>\n\t\t\t<\/div>\n\t\t\t\t\t<div class=\"mkdf-ig-image mkdf-item-space\">\n\t\t\t\t<div class=\"mkdf-ig-image-inner\">\n\t\t\t\t\t\t\t\t\t\t\t<a itemprop=\"image\" class=\"mkdf-ig-lightbox\" href=\"https:\/\/www.m3srl.com\/wp-content\/uploads\/2022\/10\/testata-trinciante-std-8.webp\" data-rel=\"prettyPhoto[image_gallery_pretty_photo-240]\" title=\"testata-trinciante-std-8\">\n\t\t\t\t\t\t\t\t\t\t\t<img loading=\"lazy\" decoding=\"async\" width=\"1024\" height=\"1024\" src=\"https:\/\/www.m3srl.com\/wp-content\/uploads\/2022\/10\/testata-trinciante-std-8-1024x1024.webp\" class=\"attachment-large size-large\" alt=\"\" srcset=\"https:\/\/www.m3srl.com\/wp-content\/uploads\/2022\/10\/testata-trinciante-std-8-1024x1024.webp 1024w, https:\/\/www.m3srl.com\/wp-content\/uploads\/2022\/10\/testata-trinciante-std-8-300x300.webp 300w, https:\/\/www.m3srl.com\/wp-content\/uploads\/2022\/10\/testata-trinciante-std-8-150x150.webp 150w, https:\/\/www.m3srl.com\/wp-content\/uploads\/2022\/10\/testata-trinciante-std-8-768x768.webp 768w, https:\/\/www.m3srl.com\/wp-content\/uploads\/2022\/10\/testata-trinciante-std-8-650x650.webp 650w, https:\/\/www.m3srl.com\/wp-content\/uploads\/2022\/10\/testata-trinciante-std-8-600x600.webp 600w, https:\/\/www.m3srl.com\/wp-content\/uploads\/2022\/10\/testata-trinciante-std-8-100x100.webp 100w, https:\/\/www.m3srl.com\/wp-content\/uploads\/2022\/10\/testata-trinciante-std-8.webp 1080w\" sizes=\"auto, (max-width: 1024px) 100vw, 1024px\" \/>\t\t\t\t\t\t\t\t\t\t\t<\/a>\n\t\t\t\t\t\t\t\t\t<\/div>\n\t\t\t<\/div>\n\t\t\t<\/div>\n<\/div>[\/vc_column][\/vc_row]<\/p>\n<\/section>","protected":false},"excerpt":{"rendered":"<p><img loading=\"lazy\" decoding=\"async\" class=\"alignnone size-medium wp-image-3116\" src=\"https:\/\/www.m3srl.com\/wp-content\/uploads\/2022\/10\/Hydraulic-Mulching-Head-STD-icons-300x56.png\" alt=\"\" width=\"300\" height=\"56\" srcset=\"https:\/\/www.m3srl.com\/wp-content\/uploads\/2022\/10\/Hydraulic-Mulching-Head-STD-icons-300x56.png 300w, https:\/\/www.m3srl.com\/wp-content\/uploads\/2022\/10\/Hydraulic-Mulching-Head-STD-icons.png 400w\" sizes=\"auto, (max-width: 300px) 100vw, 300px\" \/><\/p>\n<p>Le broyeur M3 a une structure robuste et fiable et il est facilement applicable \u00e0 tous les types de pelles. Diff\u00e9rentes mod\u00e8les sont disponibles en fonction de l\u2019utilisation et aux dimensions de la pelle. Il est fourni compl\u00e8te d\u2019un moteur hydraulique, rouleau de nivellement (mod\u00e8les MH3\/ 5\/7 uniquement) r\u00e9glable en hauteur, transmission directe (jusqu\u2019\u00e0 MH7) ou par chaine, bloc de soupapes anti-cavitation et antichoc , patins de support r\u00e9glables et une plaque de base perfor\u00e9e.<\/p>\n","protected":false},"featured_media":6674,"template":"","meta":[],"product_brand":[],"product_cat":[211],"product_tag":[],"class_list":{"0":"post-3871","1":"product","2":"type-product","3":"status-publish","4":"has-post-thumbnail","6":"product_cat-debroussailler","8":"first","9":"instock","10":"shipping-taxable","11":"product-type-grouped"},"_links":{"self":[{"href":"https:\/\/www.m3srl.com\/fr\/wp-json\/wp\/v2\/product\/3871","targetHints":{"allow":["GET"]}}],"collection":[{"href":"https:\/\/www.m3srl.com\/fr\/wp-json\/wp\/v2\/product"}],"about":[{"href":"https:\/\/www.m3srl.com\/fr\/wp-json\/wp\/v2\/types\/product"}],"wp:featuredmedia":[{"embeddable":true,"href":"https:\/\/www.m3srl.com\/fr\/wp-json\/wp\/v2\/media\/6674"}],"wp:attachment":[{"href":"https:\/\/www.m3srl.com\/fr\/wp-json\/wp\/v2\/media?parent=3871"}],"wp:term":[{"taxonomy":"product_brand","embeddable":true,"href":"https:\/\/www.m3srl.com\/fr\/wp-json\/wp\/v2\/product_brand?post=3871"},{"taxonomy":"product_cat","embeddable":true,"href":"https:\/\/www.m3srl.com\/fr\/wp-json\/wp\/v2\/product_cat?post=3871"},{"taxonomy":"product_tag","embeddable":true,"href":"https:\/\/www.m3srl.com\/fr\/wp-json\/wp\/v2\/product_tag?post=3871"}],"curies":[{"name":"wp","href":"https:\/\/api.w.org\/{rel}","templated":true}]}}