{"id":3879,"date":"2022-10-20T16:02:13","date_gmt":"2022-10-20T14:02:13","guid":{"rendered":"https:\/\/www.m3srl.com\/equipment\/uncategorized\/balayeuse-serie-d\/"},"modified":"2024-10-01T14:33:18","modified_gmt":"2024-10-01T12:33:18","slug":"balayeuse-serie-d","status":"publish","type":"product","link":"https:\/\/www.m3srl.com\/fr\/equipment\/balayer\/balayeuse-serie-d\/","title":{"rendered":"Balayeuse Serie D"},"content":{"rendered":"","protected":false},"excerpt":{"rendered":"<p><img loading=\"lazy\" decoding=\"async\" class=\"alignnone size-medium wp-image-3128\" src=\"https:\/\/www.m3srl.com\/wp-content\/uploads\/2022\/10\/Sweeper-Bucket-D-icons-300x56.png\" alt=\"\" width=\"300\" height=\"56\" srcset=\"https:\/\/www.m3srl.com\/wp-content\/uploads\/2022\/10\/Sweeper-Bucket-D-icons-300x56.png 300w, https:\/\/www.m3srl.com\/wp-content\/uploads\/2022\/10\/Sweeper-Bucket-D-icons.png 400w\" sizes=\"auto, (max-width: 300px) 100vw, 300px\" \/> Le godet balayeur M3 s\u00e9rie D s\u2019adresse aux clients qui travaillent soit dans l\u2019installation de c\u00e2blage \u00e9lectrique ou t\u00e9l\u00e9phonique soit dans l\u2019entretien des routes. Applicable \u00e0 tout chargeur, il est \u00e9quip\u00e9 de: bac de ramassage \u00e0 d\u00e9charge hydraulique, brosse en polypropyl\u00e8ne \u00d8 590 mm, 2 roues de support \u00d8250x50mm., flexibles hydrauliques, moteur hydraulique int\u00e9gr\u00e9, syst\u00e8me d\u2019attache auto-nivelant en option, et r\u00e9glage m\u00e9canique de l\u2019angle de travail.<\/p>\n","protected":false},"featured_media":3759,"template":"","meta":[],"product_brand":[],"product_cat":[162],"product_tag":[],"class_list":{"0":"post-3879","1":"product","2":"type-product","3":"status-publish","4":"has-post-thumbnail","6":"product_cat-balayer","8":"first","9":"instock","10":"shipping-taxable","11":"product-type-grouped"},"_links":{"self":[{"href":"https:\/\/www.m3srl.com\/fr\/wp-json\/wp\/v2\/product\/3879","targetHints":{"allow":["GET"]}}],"collection":[{"href":"https:\/\/www.m3srl.com\/fr\/wp-json\/wp\/v2\/product"}],"about":[{"href":"https:\/\/www.m3srl.com\/fr\/wp-json\/wp\/v2\/types\/product"}],"wp:featuredmedia":[{"embeddable":true,"href":"https:\/\/www.m3srl.com\/fr\/wp-json\/wp\/v2\/media\/3759"}],"wp:attachment":[{"href":"https:\/\/www.m3srl.com\/fr\/wp-json\/wp\/v2\/media?parent=3879"}],"wp:term":[{"taxonomy":"product_brand","embeddable":true,"href":"https:\/\/www.m3srl.com\/fr\/wp-json\/wp\/v2\/product_brand?post=3879"},{"taxonomy":"product_cat","embeddable":true,"href":"https:\/\/www.m3srl.com\/fr\/wp-json\/wp\/v2\/product_cat?post=3879"},{"taxonomy":"product_tag","embeddable":true,"href":"https:\/\/www.m3srl.com\/fr\/wp-json\/wp\/v2\/product_tag?post=3879"}],"curies":[{"name":"wp","href":"https:\/\/api.w.org\/{rel}","templated":true}]}}