{"id":4922,"date":"2022-10-19T12:45:44","date_gmt":"2022-10-19T10:45:44","guid":{"rendered":"https:\/\/www.m3srl.com\/equipment\/uncategorized\/godet-malaxeur-a-vidange-central\/"},"modified":"2024-10-03T15:57:12","modified_gmt":"2024-10-03T13:57:12","slug":"godet-malaxeur-a-vidange-central","status":"publish","type":"product","link":"https:\/\/www.m3srl.com\/fr\/equipment\/melanger\/godet-malaxeur-a-vidange-central\/","title":{"rendered":"Godet malaxeur \u00e0 vidange central"},"content":{"rendered":"<section class=\"wpb-content-wrapper\"><p>[vc_row disable_background_image=&#8221;&#8221;][vc_column][vc_column_text]<\/p>\n<h3>GALERIE<\/h3>\n<p>[\/vc_column_text]<div class=\"mkdf-image-gallery mkdf-grid-list mkdf-disable-bottom-space  mkdf-ig-grid-type mkdf-five-columns mkdf-tiny-space  mkdf-image-behavior-lightbox \">\n\t<div class=\"mkdf-ig-inner mkdf-outer-space\">\n\t\t\t\t\t<div class=\"mkdf-ig-image mkdf-item-space\">\n\t\t\t\t<div class=\"mkdf-ig-image-inner\">\n\t\t\t\t\t\t\t\t\t\t\t<a itemprop=\"image\" class=\"mkdf-ig-lightbox\" href=\"https:\/\/www.m3srl.com\/wp-content\/uploads\/2022\/10\/benna-miscelatrice-scarico-centrale-1.webp\" data-rel=\"prettyPhoto[image_gallery_pretty_photo-564]\" title=\"benna-miscelatrice-scarico-centrale-1\">\n\t\t\t\t\t\t\t\t\t\t\t<img loading=\"lazy\" decoding=\"async\" width=\"1024\" height=\"1024\" src=\"https:\/\/www.m3srl.com\/wp-content\/uploads\/2022\/10\/benna-miscelatrice-scarico-centrale-1-1024x1024.webp\" class=\"attachment-large size-large\" alt=\"\" srcset=\"https:\/\/www.m3srl.com\/wp-content\/uploads\/2022\/10\/benna-miscelatrice-scarico-centrale-1-1024x1024.webp 1024w, https:\/\/www.m3srl.com\/wp-content\/uploads\/2022\/10\/benna-miscelatrice-scarico-centrale-1-300x300.webp 300w, https:\/\/www.m3srl.com\/wp-content\/uploads\/2022\/10\/benna-miscelatrice-scarico-centrale-1-150x150.webp 150w, https:\/\/www.m3srl.com\/wp-content\/uploads\/2022\/10\/benna-miscelatrice-scarico-centrale-1-768x768.webp 768w, https:\/\/www.m3srl.com\/wp-content\/uploads\/2022\/10\/benna-miscelatrice-scarico-centrale-1-650x650.webp 650w, https:\/\/www.m3srl.com\/wp-content\/uploads\/2022\/10\/benna-miscelatrice-scarico-centrale-1-600x600.webp 600w, https:\/\/www.m3srl.com\/wp-content\/uploads\/2022\/10\/benna-miscelatrice-scarico-centrale-1-100x100.webp 100w, https:\/\/www.m3srl.com\/wp-content\/uploads\/2022\/10\/benna-miscelatrice-scarico-centrale-1.webp 1080w\" sizes=\"auto, (max-width: 1024px) 100vw, 1024px\" \/>\t\t\t\t\t\t\t\t\t\t\t<\/a>\n\t\t\t\t\t\t\t\t\t<\/div>\n\t\t\t<\/div>\n\t\t\t\t\t<div class=\"mkdf-ig-image mkdf-item-space\">\n\t\t\t\t<div class=\"mkdf-ig-image-inner\">\n\t\t\t\t\t\t\t\t\t\t\t<a itemprop=\"image\" class=\"mkdf-ig-lightbox\" href=\"https:\/\/www.m3srl.com\/wp-content\/uploads\/2022\/10\/benna-miscelatrice-scarico-centrale-2.webp\" data-rel=\"prettyPhoto[image_gallery_pretty_photo-564]\" title=\"benna-miscelatrice-scarico-centrale-2\">\n\t\t\t\t\t\t\t\t\t\t\t<img loading=\"lazy\" decoding=\"async\" width=\"1024\" height=\"1024\" src=\"https:\/\/www.m3srl.com\/wp-content\/uploads\/2022\/10\/benna-miscelatrice-scarico-centrale-2-1024x1024.webp\" class=\"attachment-large size-large\" alt=\"\" srcset=\"https:\/\/www.m3srl.com\/wp-content\/uploads\/2022\/10\/benna-miscelatrice-scarico-centrale-2-1024x1024.webp 1024w, https:\/\/www.m3srl.com\/wp-content\/uploads\/2022\/10\/benna-miscelatrice-scarico-centrale-2-300x300.webp 300w, https:\/\/www.m3srl.com\/wp-content\/uploads\/2022\/10\/benna-miscelatrice-scarico-centrale-2-150x150.webp 150w, https:\/\/www.m3srl.com\/wp-content\/uploads\/2022\/10\/benna-miscelatrice-scarico-centrale-2-768x768.webp 768w, https:\/\/www.m3srl.com\/wp-content\/uploads\/2022\/10\/benna-miscelatrice-scarico-centrale-2-650x650.webp 650w, https:\/\/www.m3srl.com\/wp-content\/uploads\/2022\/10\/benna-miscelatrice-scarico-centrale-2-600x600.webp 600w, https:\/\/www.m3srl.com\/wp-content\/uploads\/2022\/10\/benna-miscelatrice-scarico-centrale-2-100x100.webp 100w, https:\/\/www.m3srl.com\/wp-content\/uploads\/2022\/10\/benna-miscelatrice-scarico-centrale-2.webp 1080w\" sizes=\"auto, (max-width: 1024px) 100vw, 1024px\" \/>\t\t\t\t\t\t\t\t\t\t\t<\/a>\n\t\t\t\t\t\t\t\t\t<\/div>\n\t\t\t<\/div>\n\t\t\t\t\t<div class=\"mkdf-ig-image mkdf-item-space\">\n\t\t\t\t<div class=\"mkdf-ig-image-inner\">\n\t\t\t\t\t\t\t\t\t\t\t<a itemprop=\"image\" class=\"mkdf-ig-lightbox\" href=\"https:\/\/www.m3srl.com\/wp-content\/uploads\/2022\/10\/benna-miscelatrice-scarico-centrale-3.webp\" data-rel=\"prettyPhoto[image_gallery_pretty_photo-564]\" title=\"benna-miscelatrice-scarico-centrale-3\">\n\t\t\t\t\t\t\t\t\t\t\t<img loading=\"lazy\" decoding=\"async\" width=\"1024\" height=\"1024\" src=\"https:\/\/www.m3srl.com\/wp-content\/uploads\/2022\/10\/benna-miscelatrice-scarico-centrale-3-1024x1024.webp\" class=\"attachment-large size-large\" alt=\"\" srcset=\"https:\/\/www.m3srl.com\/wp-content\/uploads\/2022\/10\/benna-miscelatrice-scarico-centrale-3-1024x1024.webp 1024w, https:\/\/www.m3srl.com\/wp-content\/uploads\/2022\/10\/benna-miscelatrice-scarico-centrale-3-300x300.webp 300w, https:\/\/www.m3srl.com\/wp-content\/uploads\/2022\/10\/benna-miscelatrice-scarico-centrale-3-150x150.webp 150w, https:\/\/www.m3srl.com\/wp-content\/uploads\/2022\/10\/benna-miscelatrice-scarico-centrale-3-768x768.webp 768w, https:\/\/www.m3srl.com\/wp-content\/uploads\/2022\/10\/benna-miscelatrice-scarico-centrale-3-650x650.webp 650w, https:\/\/www.m3srl.com\/wp-content\/uploads\/2022\/10\/benna-miscelatrice-scarico-centrale-3-600x600.webp 600w, https:\/\/www.m3srl.com\/wp-content\/uploads\/2022\/10\/benna-miscelatrice-scarico-centrale-3-100x100.webp 100w, https:\/\/www.m3srl.com\/wp-content\/uploads\/2022\/10\/benna-miscelatrice-scarico-centrale-3.webp 1080w\" sizes=\"auto, (max-width: 1024px) 100vw, 1024px\" \/>\t\t\t\t\t\t\t\t\t\t\t<\/a>\n\t\t\t\t\t\t\t\t\t<\/div>\n\t\t\t<\/div>\n\t\t\t\t\t<div class=\"mkdf-ig-image mkdf-item-space\">\n\t\t\t\t<div class=\"mkdf-ig-image-inner\">\n\t\t\t\t\t\t\t\t\t\t\t<a itemprop=\"image\" class=\"mkdf-ig-lightbox\" href=\"https:\/\/www.m3srl.com\/wp-content\/uploads\/2022\/10\/benna-miscelatrice-scarico-centrale-4.webp\" data-rel=\"prettyPhoto[image_gallery_pretty_photo-564]\" title=\"benna-miscelatrice-scarico-centrale-4\">\n\t\t\t\t\t\t\t\t\t\t\t<img loading=\"lazy\" decoding=\"async\" width=\"1024\" height=\"1024\" src=\"https:\/\/www.m3srl.com\/wp-content\/uploads\/2022\/10\/benna-miscelatrice-scarico-centrale-4-1024x1024.webp\" class=\"attachment-large size-large\" alt=\"\" srcset=\"https:\/\/www.m3srl.com\/wp-content\/uploads\/2022\/10\/benna-miscelatrice-scarico-centrale-4-1024x1024.webp 1024w, https:\/\/www.m3srl.com\/wp-content\/uploads\/2022\/10\/benna-miscelatrice-scarico-centrale-4-300x300.webp 300w, https:\/\/www.m3srl.com\/wp-content\/uploads\/2022\/10\/benna-miscelatrice-scarico-centrale-4-150x150.webp 150w, https:\/\/www.m3srl.com\/wp-content\/uploads\/2022\/10\/benna-miscelatrice-scarico-centrale-4-768x768.webp 768w, https:\/\/www.m3srl.com\/wp-content\/uploads\/2022\/10\/benna-miscelatrice-scarico-centrale-4-650x650.webp 650w, https:\/\/www.m3srl.com\/wp-content\/uploads\/2022\/10\/benna-miscelatrice-scarico-centrale-4-600x600.webp 600w, https:\/\/www.m3srl.com\/wp-content\/uploads\/2022\/10\/benna-miscelatrice-scarico-centrale-4-100x100.webp 100w, https:\/\/www.m3srl.com\/wp-content\/uploads\/2022\/10\/benna-miscelatrice-scarico-centrale-4.webp 1080w\" sizes=\"auto, (max-width: 1024px) 100vw, 1024px\" \/>\t\t\t\t\t\t\t\t\t\t\t<\/a>\n\t\t\t\t\t\t\t\t\t<\/div>\n\t\t\t<\/div>\n\t\t\t\t\t<div class=\"mkdf-ig-image mkdf-item-space\">\n\t\t\t\t<div class=\"mkdf-ig-image-inner\">\n\t\t\t\t\t\t\t\t\t\t\t<a itemprop=\"image\" class=\"mkdf-ig-lightbox\" href=\"https:\/\/www.m3srl.com\/wp-content\/uploads\/2022\/10\/benna-miscelatrice-scarico-centrale-5.webp\" data-rel=\"prettyPhoto[image_gallery_pretty_photo-564]\" title=\"benna-miscelatrice-scarico-centrale-5\">\n\t\t\t\t\t\t\t\t\t\t\t<img loading=\"lazy\" decoding=\"async\" width=\"1024\" height=\"1024\" src=\"https:\/\/www.m3srl.com\/wp-content\/uploads\/2022\/10\/benna-miscelatrice-scarico-centrale-5-1024x1024.webp\" class=\"attachment-large size-large\" alt=\"\" srcset=\"https:\/\/www.m3srl.com\/wp-content\/uploads\/2022\/10\/benna-miscelatrice-scarico-centrale-5-1024x1024.webp 1024w, https:\/\/www.m3srl.com\/wp-content\/uploads\/2022\/10\/benna-miscelatrice-scarico-centrale-5-300x300.webp 300w, https:\/\/www.m3srl.com\/wp-content\/uploads\/2022\/10\/benna-miscelatrice-scarico-centrale-5-150x150.webp 150w, https:\/\/www.m3srl.com\/wp-content\/uploads\/2022\/10\/benna-miscelatrice-scarico-centrale-5-768x768.webp 768w, https:\/\/www.m3srl.com\/wp-content\/uploads\/2022\/10\/benna-miscelatrice-scarico-centrale-5-650x650.webp 650w, https:\/\/www.m3srl.com\/wp-content\/uploads\/2022\/10\/benna-miscelatrice-scarico-centrale-5-600x600.webp 600w, https:\/\/www.m3srl.com\/wp-content\/uploads\/2022\/10\/benna-miscelatrice-scarico-centrale-5-100x100.webp 100w, https:\/\/www.m3srl.com\/wp-content\/uploads\/2022\/10\/benna-miscelatrice-scarico-centrale-5.webp 1080w\" sizes=\"auto, (max-width: 1024px) 100vw, 1024px\" \/>\t\t\t\t\t\t\t\t\t\t\t<\/a>\n\t\t\t\t\t\t\t\t\t<\/div>\n\t\t\t<\/div>\n\t\t\t\t\t<div class=\"mkdf-ig-image mkdf-item-space\">\n\t\t\t\t<div class=\"mkdf-ig-image-inner\">\n\t\t\t\t\t\t\t\t\t\t\t<a itemprop=\"image\" class=\"mkdf-ig-lightbox\" href=\"https:\/\/www.m3srl.com\/wp-content\/uploads\/2022\/10\/benna-miscelatrice-scarico-centrale-6.webp\" data-rel=\"prettyPhoto[image_gallery_pretty_photo-564]\" title=\"benna-miscelatrice-scarico-centrale-6\">\n\t\t\t\t\t\t\t\t\t\t\t<img loading=\"lazy\" decoding=\"async\" width=\"1024\" height=\"1024\" src=\"https:\/\/www.m3srl.com\/wp-content\/uploads\/2022\/10\/benna-miscelatrice-scarico-centrale-6-1024x1024.webp\" class=\"attachment-large size-large\" alt=\"\" srcset=\"https:\/\/www.m3srl.com\/wp-content\/uploads\/2022\/10\/benna-miscelatrice-scarico-centrale-6-1024x1024.webp 1024w, https:\/\/www.m3srl.com\/wp-content\/uploads\/2022\/10\/benna-miscelatrice-scarico-centrale-6-300x300.webp 300w, https:\/\/www.m3srl.com\/wp-content\/uploads\/2022\/10\/benna-miscelatrice-scarico-centrale-6-150x150.webp 150w, https:\/\/www.m3srl.com\/wp-content\/uploads\/2022\/10\/benna-miscelatrice-scarico-centrale-6-768x768.webp 768w, https:\/\/www.m3srl.com\/wp-content\/uploads\/2022\/10\/benna-miscelatrice-scarico-centrale-6-650x650.webp 650w, https:\/\/www.m3srl.com\/wp-content\/uploads\/2022\/10\/benna-miscelatrice-scarico-centrale-6-600x600.webp 600w, https:\/\/www.m3srl.com\/wp-content\/uploads\/2022\/10\/benna-miscelatrice-scarico-centrale-6-100x100.webp 100w, https:\/\/www.m3srl.com\/wp-content\/uploads\/2022\/10\/benna-miscelatrice-scarico-centrale-6.webp 1080w\" sizes=\"auto, (max-width: 1024px) 100vw, 1024px\" \/>\t\t\t\t\t\t\t\t\t\t\t<\/a>\n\t\t\t\t\t\t\t\t\t<\/div>\n\t\t\t<\/div>\n\t\t\t\t\t<div class=\"mkdf-ig-image mkdf-item-space\">\n\t\t\t\t<div class=\"mkdf-ig-image-inner\">\n\t\t\t\t\t\t\t\t\t\t\t<a itemprop=\"image\" class=\"mkdf-ig-lightbox\" href=\"https:\/\/www.m3srl.com\/wp-content\/uploads\/2022\/10\/benna-miscelatrice-scarico-centrale-7.webp\" data-rel=\"prettyPhoto[image_gallery_pretty_photo-564]\" title=\"benna-miscelatrice-scarico-centrale-7\">\n\t\t\t\t\t\t\t\t\t\t\t<img loading=\"lazy\" decoding=\"async\" width=\"1024\" height=\"1024\" src=\"https:\/\/www.m3srl.com\/wp-content\/uploads\/2022\/10\/benna-miscelatrice-scarico-centrale-7-1024x1024.webp\" class=\"attachment-large size-large\" alt=\"\" srcset=\"https:\/\/www.m3srl.com\/wp-content\/uploads\/2022\/10\/benna-miscelatrice-scarico-centrale-7-1024x1024.webp 1024w, https:\/\/www.m3srl.com\/wp-content\/uploads\/2022\/10\/benna-miscelatrice-scarico-centrale-7-300x300.webp 300w, https:\/\/www.m3srl.com\/wp-content\/uploads\/2022\/10\/benna-miscelatrice-scarico-centrale-7-150x150.webp 150w, https:\/\/www.m3srl.com\/wp-content\/uploads\/2022\/10\/benna-miscelatrice-scarico-centrale-7-768x768.webp 768w, https:\/\/www.m3srl.com\/wp-content\/uploads\/2022\/10\/benna-miscelatrice-scarico-centrale-7-650x650.webp 650w, https:\/\/www.m3srl.com\/wp-content\/uploads\/2022\/10\/benna-miscelatrice-scarico-centrale-7-600x600.webp 600w, https:\/\/www.m3srl.com\/wp-content\/uploads\/2022\/10\/benna-miscelatrice-scarico-centrale-7-100x100.webp 100w, https:\/\/www.m3srl.com\/wp-content\/uploads\/2022\/10\/benna-miscelatrice-scarico-centrale-7.webp 1080w\" sizes=\"auto, (max-width: 1024px) 100vw, 1024px\" \/>\t\t\t\t\t\t\t\t\t\t\t<\/a>\n\t\t\t\t\t\t\t\t\t<\/div>\n\t\t\t<\/div>\n\t\t\t\t\t<div class=\"mkdf-ig-image mkdf-item-space\">\n\t\t\t\t<div class=\"mkdf-ig-image-inner\">\n\t\t\t\t\t\t\t\t\t\t\t<a itemprop=\"image\" class=\"mkdf-ig-lightbox\" href=\"https:\/\/www.m3srl.com\/wp-content\/uploads\/2022\/10\/benna-miscelatrice-scarico-centrale-8.webp\" data-rel=\"prettyPhoto[image_gallery_pretty_photo-564]\" title=\"benna-miscelatrice-scarico-centrale-8\">\n\t\t\t\t\t\t\t\t\t\t\t<img loading=\"lazy\" decoding=\"async\" width=\"1024\" height=\"1024\" src=\"https:\/\/www.m3srl.com\/wp-content\/uploads\/2022\/10\/benna-miscelatrice-scarico-centrale-8-1024x1024.webp\" class=\"attachment-large size-large\" alt=\"\" srcset=\"https:\/\/www.m3srl.com\/wp-content\/uploads\/2022\/10\/benna-miscelatrice-scarico-centrale-8-1024x1024.webp 1024w, https:\/\/www.m3srl.com\/wp-content\/uploads\/2022\/10\/benna-miscelatrice-scarico-centrale-8-300x300.webp 300w, https:\/\/www.m3srl.com\/wp-content\/uploads\/2022\/10\/benna-miscelatrice-scarico-centrale-8-150x150.webp 150w, https:\/\/www.m3srl.com\/wp-content\/uploads\/2022\/10\/benna-miscelatrice-scarico-centrale-8-768x768.webp 768w, https:\/\/www.m3srl.com\/wp-content\/uploads\/2022\/10\/benna-miscelatrice-scarico-centrale-8-650x650.webp 650w, https:\/\/www.m3srl.com\/wp-content\/uploads\/2022\/10\/benna-miscelatrice-scarico-centrale-8-600x600.webp 600w, https:\/\/www.m3srl.com\/wp-content\/uploads\/2022\/10\/benna-miscelatrice-scarico-centrale-8-100x100.webp 100w, https:\/\/www.m3srl.com\/wp-content\/uploads\/2022\/10\/benna-miscelatrice-scarico-centrale-8.webp 1080w\" sizes=\"auto, (max-width: 1024px) 100vw, 1024px\" \/>\t\t\t\t\t\t\t\t\t\t\t<\/a>\n\t\t\t\t\t\t\t\t\t<\/div>\n\t\t\t<\/div>\n\t\t\t\t\t<div class=\"mkdf-ig-image mkdf-item-space\">\n\t\t\t\t<div class=\"mkdf-ig-image-inner\">\n\t\t\t\t\t\t\t\t\t\t\t<a itemprop=\"image\" class=\"mkdf-ig-lightbox\" href=\"https:\/\/www.m3srl.com\/wp-content\/uploads\/2022\/10\/benna-miscelatrice-scarico-centrale-9.webp\" data-rel=\"prettyPhoto[image_gallery_pretty_photo-564]\" title=\"benna-miscelatrice-scarico-centrale-9\">\n\t\t\t\t\t\t\t\t\t\t\t<img loading=\"lazy\" decoding=\"async\" width=\"1024\" height=\"1024\" src=\"https:\/\/www.m3srl.com\/wp-content\/uploads\/2022\/10\/benna-miscelatrice-scarico-centrale-9-1024x1024.webp\" class=\"attachment-large size-large\" alt=\"\" srcset=\"https:\/\/www.m3srl.com\/wp-content\/uploads\/2022\/10\/benna-miscelatrice-scarico-centrale-9-1024x1024.webp 1024w, https:\/\/www.m3srl.com\/wp-content\/uploads\/2022\/10\/benna-miscelatrice-scarico-centrale-9-300x300.webp 300w, https:\/\/www.m3srl.com\/wp-content\/uploads\/2022\/10\/benna-miscelatrice-scarico-centrale-9-150x150.webp 150w, https:\/\/www.m3srl.com\/wp-content\/uploads\/2022\/10\/benna-miscelatrice-scarico-centrale-9-768x768.webp 768w, https:\/\/www.m3srl.com\/wp-content\/uploads\/2022\/10\/benna-miscelatrice-scarico-centrale-9-650x650.webp 650w, https:\/\/www.m3srl.com\/wp-content\/uploads\/2022\/10\/benna-miscelatrice-scarico-centrale-9-600x600.webp 600w, https:\/\/www.m3srl.com\/wp-content\/uploads\/2022\/10\/benna-miscelatrice-scarico-centrale-9-100x100.webp 100w, https:\/\/www.m3srl.com\/wp-content\/uploads\/2022\/10\/benna-miscelatrice-scarico-centrale-9.webp 1080w\" sizes=\"auto, (max-width: 1024px) 100vw, 1024px\" \/>\t\t\t\t\t\t\t\t\t\t\t<\/a>\n\t\t\t\t\t\t\t\t\t<\/div>\n\t\t\t<\/div>\n\t\t\t\t\t<div class=\"mkdf-ig-image mkdf-item-space\">\n\t\t\t\t<div class=\"mkdf-ig-image-inner\">\n\t\t\t\t\t\t\t\t\t\t\t<a itemprop=\"image\" class=\"mkdf-ig-lightbox\" href=\"https:\/\/www.m3srl.com\/wp-content\/uploads\/2022\/10\/benna-miscelatrice-scarico-centrale-10.webp\" data-rel=\"prettyPhoto[image_gallery_pretty_photo-564]\" title=\"benna-miscelatrice-scarico-centrale-10\">\n\t\t\t\t\t\t\t\t\t\t\t<img loading=\"lazy\" decoding=\"async\" width=\"1024\" height=\"1024\" src=\"https:\/\/www.m3srl.com\/wp-content\/uploads\/2022\/10\/benna-miscelatrice-scarico-centrale-10-1024x1024.webp\" class=\"attachment-large size-large\" alt=\"\" srcset=\"https:\/\/www.m3srl.com\/wp-content\/uploads\/2022\/10\/benna-miscelatrice-scarico-centrale-10-1024x1024.webp 1024w, https:\/\/www.m3srl.com\/wp-content\/uploads\/2022\/10\/benna-miscelatrice-scarico-centrale-10-300x300.webp 300w, https:\/\/www.m3srl.com\/wp-content\/uploads\/2022\/10\/benna-miscelatrice-scarico-centrale-10-150x150.webp 150w, https:\/\/www.m3srl.com\/wp-content\/uploads\/2022\/10\/benna-miscelatrice-scarico-centrale-10-768x768.webp 768w, https:\/\/www.m3srl.com\/wp-content\/uploads\/2022\/10\/benna-miscelatrice-scarico-centrale-10-650x650.webp 650w, https:\/\/www.m3srl.com\/wp-content\/uploads\/2022\/10\/benna-miscelatrice-scarico-centrale-10-600x600.webp 600w, https:\/\/www.m3srl.com\/wp-content\/uploads\/2022\/10\/benna-miscelatrice-scarico-centrale-10-100x100.webp 100w, https:\/\/www.m3srl.com\/wp-content\/uploads\/2022\/10\/benna-miscelatrice-scarico-centrale-10.webp 1080w\" sizes=\"auto, (max-width: 1024px) 100vw, 1024px\" \/>\t\t\t\t\t\t\t\t\t\t\t<\/a>\n\t\t\t\t\t\t\t\t\t<\/div>\n\t\t\t<\/div>\n\t\t\t<\/div>\n<\/div>[vc_column_text]<\/p>\n<h3>VIDEO<\/h3>\n<p>[\/vc_column_text][vc_column_text]<iframe class=\"youtube-video\" title=\"YouTube video player\" src=\"https:\/\/www.youtube-nocookie.com\/embed\/KlOqKBPp5Ww?si=ql2f8BtlHdvNqqLD&amp;rel=0\" frameborder=\"0\" allowfullscreen=\"allowfullscreen\"><\/iframe>[\/vc_column_text][\/vc_column][\/vc_row]<\/p>\n<\/section>","protected":false},"excerpt":{"rendered":"<p><img loading=\"lazy\" decoding=\"async\" class=\"alignnone size-medium wp-image-3120\" src=\"https:\/\/www.m3srl.com\/wp-content\/uploads\/2022\/10\/Mixer-Bucket-with-central-discharge-icons-300x56.png\" alt=\"\" width=\"300\" height=\"56\" srcset=\"https:\/\/www.m3srl.com\/wp-content\/uploads\/2022\/10\/Mixer-Bucket-with-central-discharge-icons-300x56.png 300w, https:\/\/www.m3srl.com\/wp-content\/uploads\/2022\/10\/Mixer-Bucket-with-central-discharge-icons.png 400w\" sizes=\"auto, (max-width: 300px) 100vw, 300px\" \/> Le godet malaxeur M3 est \u00e9quip\u00e9 de: <\/p>\n<ul>\n<li>BOTTOM AND HELIX made of wear resistant STEEL 450 HBW<\/li>\n<li>Grille de protection fixe avec coupe sac<\/li>\n<li>\u00e9lectrovanne<\/li>\n<li>moteur hydraulique compl\u00e8tement prot\u00e9g\u00e9<\/li>\n<li>Kit de contr\u00f4le \u00e9lectrique<\/li>\n<li>coupleurs rapides (seulement pour SSL) \u00e0 face plane<\/li>\n<li>ouverture hydraulique de la trappe par un v\u00e9rin hydraulique avec biellette prot\u00e9g\u00e9e<\/li>\n<li>tendeur de chaine<\/li>\n<li>goulotte de d\u00e9chargement longueur 1500 mm<\/li>\n<li>fixation d\u2019accouplement \u00e0 la machine<\/li>\n<\/ul>\n<h4 class=\"p1\">APTE POUR TOUT TYPE D\u2019ENGIN BTP<\/h4>\n<ul>\n<li class=\"p1\"><strong>Mini-chargeuse<\/strong>: de 100 \u00e0 450 litres<\/li>\n<li class=\"p1\"><strong>Tractopelle<\/strong>: de 450 \u00e0 700 litres<\/li>\n<li class=\"p1\"><strong>Chargeuse sur pneus:<\/strong> de 450 \u00e0 600 litres<\/li>\n<li class=\"p1\"><strong>T\u00e9l\u00e9sco<\/strong>\n<ul>\n<li class=\"p1\">2-2,5 T de 350 \u00e0 450 litres<\/li>\n<li class=\"p1\">3-4 T 600 litres<\/li>\n<\/ul>\n<\/li>\n<li><strong>Excavatrice<\/strong>\n<ul>\n<li>3-4T 100 litres<\/li>\n<li>4-5T 150 litres<\/li>\n<li>5-7T 200 litres<\/li>\n<li>9-7T 250 litres<\/li>\n<li>9-12T de 350 \u00e0 400 litres<\/li>\n<li>12-15T 450 litres<\/li>\n<li>15-18T de 500 \u00e0 600 litres<\/li>\n<li>18-24T 700 litres<\/li>\n<li>24T-30T 1100 litres<\/li>\n<li>&gt;30T de 1500 \u00e0 2000 litres<\/li>\n<\/ul>\n<\/li>\n<\/ul>\n","protected":false},"featured_media":7036,"template":"","meta":[],"product_brand":[],"product_cat":[161,194],"product_tag":[],"class_list":{"0":"post-4922","1":"product","2":"type-product","3":"status-publish","4":"has-post-thumbnail","6":"product_cat-melanger","7":"product_cat-194","9":"first","10":"instock","11":"shipping-taxable","12":"product-type-grouped"},"_links":{"self":[{"href":"https:\/\/www.m3srl.com\/fr\/wp-json\/wp\/v2\/product\/4922","targetHints":{"allow":["GET"]}}],"collection":[{"href":"https:\/\/www.m3srl.com\/fr\/wp-json\/wp\/v2\/product"}],"about":[{"href":"https:\/\/www.m3srl.com\/fr\/wp-json\/wp\/v2\/types\/product"}],"wp:featuredmedia":[{"embeddable":true,"href":"https:\/\/www.m3srl.com\/fr\/wp-json\/wp\/v2\/media\/7036"}],"wp:attachment":[{"href":"https:\/\/www.m3srl.com\/fr\/wp-json\/wp\/v2\/media?parent=4922"}],"wp:term":[{"taxonomy":"product_brand","embeddable":true,"href":"https:\/\/www.m3srl.com\/fr\/wp-json\/wp\/v2\/product_brand?post=4922"},{"taxonomy":"product_cat","embeddable":true,"href":"https:\/\/www.m3srl.com\/fr\/wp-json\/wp\/v2\/product_cat?post=4922"},{"taxonomy":"product_tag","embeddable":true,"href":"https:\/\/www.m3srl.com\/fr\/wp-json\/wp\/v2\/product_tag?post=4922"}],"curies":[{"name":"wp","href":"https:\/\/api.w.org\/{rel}","templated":true}]}}