{"id":5547,"date":"2023-07-28T12:31:15","date_gmt":"2023-07-28T10:31:15","guid":{"rendered":"https:\/\/www.m3srl.com\/?post_type=product&#038;p=5547"},"modified":"2024-09-13T17:01:38","modified_gmt":"2024-09-13T15:01:38","slug":"trancheuse","status":"publish","type":"product","link":"https:\/\/www.m3srl.com\/fr\/equipment\/autres-equipements\/trancheuse\/","title":{"rendered":"TRANCHEUSE"},"content":{"rendered":"<section class=\"wpb-content-wrapper\"><p>[vc_row disable_background_image=&#8221;&#8221;][vc_column]<div class=\"mkdf-image-gallery mkdf-grid-list mkdf-disable-bottom-space  mkdf-ig-grid-type mkdf-six-columns mkdf-tiny-space  mkdf-image-behavior-lightbox \">\n\t<div class=\"mkdf-ig-inner mkdf-outer-space\">\n\t\t\t\t\t<div class=\"mkdf-ig-image mkdf-item-space\">\n\t\t\t\t<div class=\"mkdf-ig-image-inner\">\n\t\t\t\t\t\t\t\t\t\t\t<a itemprop=\"image\" class=\"mkdf-ig-lightbox\" href=\"https:\/\/www.m3srl.com\/wp-content\/uploads\/2023\/07\/catenaria-1.webp\" data-rel=\"prettyPhoto[image_gallery_pretty_photo-864]\" title=\"catenaria-1\">\n\t\t\t\t\t\t\t\t\t\t\t<img loading=\"lazy\" decoding=\"async\" width=\"1024\" height=\"1024\" src=\"https:\/\/www.m3srl.com\/wp-content\/uploads\/2023\/07\/catenaria-1-1024x1024.webp\" class=\"attachment-large size-large\" alt=\"\" srcset=\"https:\/\/www.m3srl.com\/wp-content\/uploads\/2023\/07\/catenaria-1-1024x1024.webp 1024w, https:\/\/www.m3srl.com\/wp-content\/uploads\/2023\/07\/catenaria-1-300x300.webp 300w, https:\/\/www.m3srl.com\/wp-content\/uploads\/2023\/07\/catenaria-1-150x150.webp 150w, https:\/\/www.m3srl.com\/wp-content\/uploads\/2023\/07\/catenaria-1-768x768.webp 768w, https:\/\/www.m3srl.com\/wp-content\/uploads\/2023\/07\/catenaria-1-650x650.webp 650w, https:\/\/www.m3srl.com\/wp-content\/uploads\/2023\/07\/catenaria-1-600x600.webp 600w, https:\/\/www.m3srl.com\/wp-content\/uploads\/2023\/07\/catenaria-1-100x100.webp 100w, https:\/\/www.m3srl.com\/wp-content\/uploads\/2023\/07\/catenaria-1.webp 1080w\" sizes=\"auto, (max-width: 1024px) 100vw, 1024px\" \/>\t\t\t\t\t\t\t\t\t\t\t<\/a>\n\t\t\t\t\t\t\t\t\t<\/div>\n\t\t\t<\/div>\n\t\t\t\t\t<div class=\"mkdf-ig-image mkdf-item-space\">\n\t\t\t\t<div class=\"mkdf-ig-image-inner\">\n\t\t\t\t\t\t\t\t\t\t\t<a itemprop=\"image\" class=\"mkdf-ig-lightbox\" href=\"https:\/\/www.m3srl.com\/wp-content\/uploads\/2023\/07\/catenaria-2.webp\" data-rel=\"prettyPhoto[image_gallery_pretty_photo-864]\" title=\"catenaria-2\">\n\t\t\t\t\t\t\t\t\t\t\t<img loading=\"lazy\" decoding=\"async\" width=\"1024\" height=\"1024\" src=\"https:\/\/www.m3srl.com\/wp-content\/uploads\/2023\/07\/catenaria-2-1024x1024.webp\" class=\"attachment-large size-large\" alt=\"\" srcset=\"https:\/\/www.m3srl.com\/wp-content\/uploads\/2023\/07\/catenaria-2-1024x1024.webp 1024w, https:\/\/www.m3srl.com\/wp-content\/uploads\/2023\/07\/catenaria-2-300x300.webp 300w, https:\/\/www.m3srl.com\/wp-content\/uploads\/2023\/07\/catenaria-2-150x150.webp 150w, https:\/\/www.m3srl.com\/wp-content\/uploads\/2023\/07\/catenaria-2-768x768.webp 768w, https:\/\/www.m3srl.com\/wp-content\/uploads\/2023\/07\/catenaria-2-650x650.webp 650w, https:\/\/www.m3srl.com\/wp-content\/uploads\/2023\/07\/catenaria-2-600x600.webp 600w, https:\/\/www.m3srl.com\/wp-content\/uploads\/2023\/07\/catenaria-2-100x100.webp 100w, https:\/\/www.m3srl.com\/wp-content\/uploads\/2023\/07\/catenaria-2.webp 1080w\" sizes=\"auto, (max-width: 1024px) 100vw, 1024px\" \/>\t\t\t\t\t\t\t\t\t\t\t<\/a>\n\t\t\t\t\t\t\t\t\t<\/div>\n\t\t\t<\/div>\n\t\t\t\t\t<div class=\"mkdf-ig-image mkdf-item-space\">\n\t\t\t\t<div class=\"mkdf-ig-image-inner\">\n\t\t\t\t\t\t\t\t\t\t\t<a itemprop=\"image\" class=\"mkdf-ig-lightbox\" href=\"https:\/\/www.m3srl.com\/wp-content\/uploads\/2023\/07\/catenaria-3.webp\" data-rel=\"prettyPhoto[image_gallery_pretty_photo-864]\" title=\"catenaria-3\">\n\t\t\t\t\t\t\t\t\t\t\t<img loading=\"lazy\" decoding=\"async\" width=\"1024\" height=\"1024\" src=\"https:\/\/www.m3srl.com\/wp-content\/uploads\/2023\/07\/catenaria-3-1024x1024.webp\" class=\"attachment-large size-large\" alt=\"\" srcset=\"https:\/\/www.m3srl.com\/wp-content\/uploads\/2023\/07\/catenaria-3-1024x1024.webp 1024w, https:\/\/www.m3srl.com\/wp-content\/uploads\/2023\/07\/catenaria-3-300x300.webp 300w, https:\/\/www.m3srl.com\/wp-content\/uploads\/2023\/07\/catenaria-3-150x150.webp 150w, https:\/\/www.m3srl.com\/wp-content\/uploads\/2023\/07\/catenaria-3-768x768.webp 768w, https:\/\/www.m3srl.com\/wp-content\/uploads\/2023\/07\/catenaria-3-650x650.webp 650w, https:\/\/www.m3srl.com\/wp-content\/uploads\/2023\/07\/catenaria-3-600x600.webp 600w, https:\/\/www.m3srl.com\/wp-content\/uploads\/2023\/07\/catenaria-3-100x100.webp 100w, https:\/\/www.m3srl.com\/wp-content\/uploads\/2023\/07\/catenaria-3.webp 1080w\" sizes=\"auto, (max-width: 1024px) 100vw, 1024px\" \/>\t\t\t\t\t\t\t\t\t\t\t<\/a>\n\t\t\t\t\t\t\t\t\t<\/div>\n\t\t\t<\/div>\n\t\t\t\t\t<div class=\"mkdf-ig-image mkdf-item-space\">\n\t\t\t\t<div class=\"mkdf-ig-image-inner\">\n\t\t\t\t\t\t\t\t\t\t\t<a itemprop=\"image\" class=\"mkdf-ig-lightbox\" href=\"https:\/\/www.m3srl.com\/wp-content\/uploads\/2023\/07\/catenaria-4.webp\" data-rel=\"prettyPhoto[image_gallery_pretty_photo-864]\" title=\"catenaria-4\">\n\t\t\t\t\t\t\t\t\t\t\t<img loading=\"lazy\" decoding=\"async\" width=\"1024\" height=\"1024\" src=\"https:\/\/www.m3srl.com\/wp-content\/uploads\/2023\/07\/catenaria-4-1024x1024.webp\" class=\"attachment-large size-large\" alt=\"\" srcset=\"https:\/\/www.m3srl.com\/wp-content\/uploads\/2023\/07\/catenaria-4-1024x1024.webp 1024w, https:\/\/www.m3srl.com\/wp-content\/uploads\/2023\/07\/catenaria-4-300x300.webp 300w, https:\/\/www.m3srl.com\/wp-content\/uploads\/2023\/07\/catenaria-4-150x150.webp 150w, https:\/\/www.m3srl.com\/wp-content\/uploads\/2023\/07\/catenaria-4-768x768.webp 768w, https:\/\/www.m3srl.com\/wp-content\/uploads\/2023\/07\/catenaria-4-650x650.webp 650w, https:\/\/www.m3srl.com\/wp-content\/uploads\/2023\/07\/catenaria-4-600x600.webp 600w, https:\/\/www.m3srl.com\/wp-content\/uploads\/2023\/07\/catenaria-4-100x100.webp 100w, https:\/\/www.m3srl.com\/wp-content\/uploads\/2023\/07\/catenaria-4.webp 1080w\" sizes=\"auto, (max-width: 1024px) 100vw, 1024px\" \/>\t\t\t\t\t\t\t\t\t\t\t<\/a>\n\t\t\t\t\t\t\t\t\t<\/div>\n\t\t\t<\/div>\n\t\t\t\t\t<div class=\"mkdf-ig-image mkdf-item-space\">\n\t\t\t\t<div class=\"mkdf-ig-image-inner\">\n\t\t\t\t\t\t\t\t\t\t\t<a itemprop=\"image\" class=\"mkdf-ig-lightbox\" href=\"https:\/\/www.m3srl.com\/wp-content\/uploads\/2023\/07\/catenaria-5.webp\" data-rel=\"prettyPhoto[image_gallery_pretty_photo-864]\" title=\"catenaria-5\">\n\t\t\t\t\t\t\t\t\t\t\t<img loading=\"lazy\" decoding=\"async\" width=\"1024\" height=\"1024\" src=\"https:\/\/www.m3srl.com\/wp-content\/uploads\/2023\/07\/catenaria-5-1024x1024.webp\" class=\"attachment-large size-large\" alt=\"\" srcset=\"https:\/\/www.m3srl.com\/wp-content\/uploads\/2023\/07\/catenaria-5-1024x1024.webp 1024w, https:\/\/www.m3srl.com\/wp-content\/uploads\/2023\/07\/catenaria-5-300x300.webp 300w, https:\/\/www.m3srl.com\/wp-content\/uploads\/2023\/07\/catenaria-5-150x150.webp 150w, https:\/\/www.m3srl.com\/wp-content\/uploads\/2023\/07\/catenaria-5-768x768.webp 768w, https:\/\/www.m3srl.com\/wp-content\/uploads\/2023\/07\/catenaria-5-650x650.webp 650w, https:\/\/www.m3srl.com\/wp-content\/uploads\/2023\/07\/catenaria-5-600x600.webp 600w, https:\/\/www.m3srl.com\/wp-content\/uploads\/2023\/07\/catenaria-5-100x100.webp 100w, https:\/\/www.m3srl.com\/wp-content\/uploads\/2023\/07\/catenaria-5.webp 1080w\" sizes=\"auto, (max-width: 1024px) 100vw, 1024px\" \/>\t\t\t\t\t\t\t\t\t\t\t<\/a>\n\t\t\t\t\t\t\t\t\t<\/div>\n\t\t\t<\/div>\n\t\t\t\t\t<div class=\"mkdf-ig-image mkdf-item-space\">\n\t\t\t\t<div class=\"mkdf-ig-image-inner\">\n\t\t\t\t\t\t\t\t\t\t\t<a itemprop=\"image\" class=\"mkdf-ig-lightbox\" href=\"https:\/\/www.m3srl.com\/wp-content\/uploads\/2023\/07\/catenaria-6.webp\" data-rel=\"prettyPhoto[image_gallery_pretty_photo-864]\" title=\"catenaria-6\">\n\t\t\t\t\t\t\t\t\t\t\t<img loading=\"lazy\" decoding=\"async\" width=\"1024\" height=\"1024\" src=\"https:\/\/www.m3srl.com\/wp-content\/uploads\/2023\/07\/catenaria-6-1024x1024.webp\" class=\"attachment-large size-large\" alt=\"\" srcset=\"https:\/\/www.m3srl.com\/wp-content\/uploads\/2023\/07\/catenaria-6-1024x1024.webp 1024w, https:\/\/www.m3srl.com\/wp-content\/uploads\/2023\/07\/catenaria-6-300x300.webp 300w, https:\/\/www.m3srl.com\/wp-content\/uploads\/2023\/07\/catenaria-6-150x150.webp 150w, https:\/\/www.m3srl.com\/wp-content\/uploads\/2023\/07\/catenaria-6-768x768.webp 768w, https:\/\/www.m3srl.com\/wp-content\/uploads\/2023\/07\/catenaria-6-650x650.webp 650w, https:\/\/www.m3srl.com\/wp-content\/uploads\/2023\/07\/catenaria-6-600x600.webp 600w, https:\/\/www.m3srl.com\/wp-content\/uploads\/2023\/07\/catenaria-6-100x100.webp 100w, https:\/\/www.m3srl.com\/wp-content\/uploads\/2023\/07\/catenaria-6.webp 1080w\" sizes=\"auto, (max-width: 1024px) 100vw, 1024px\" \/>\t\t\t\t\t\t\t\t\t\t\t<\/a>\n\t\t\t\t\t\t\t\t\t<\/div>\n\t\t\t<\/div>\n\t\t\t<\/div>\n<\/div>[\/vc_column][\/vc_row]<\/p>\n<\/section>","protected":false},"excerpt":{"rendered":"<p><img loading=\"lazy\" decoding=\"async\" class=\"alignnone size-medium wp-image-3136\" src=\"https:\/\/www.m3srl.com\/wp-content\/uploads\/2022\/10\/Trimmer-MC-Series-icons-300x56.png\" alt=\"\" width=\"300\" height=\"56\" srcset=\"https:\/\/www.m3srl.com\/wp-content\/uploads\/2022\/10\/Trimmer-MC-Series-icons-300x56.png 300w, https:\/\/www.m3srl.com\/wp-content\/uploads\/2022\/10\/Trimmer-MC-Series-icons.png 400w\" sizes=\"auto, (max-width: 300px) 100vw, 300px\" \/> La trancheuse M3 est un \u00e9quipement compact mais puissant, capable de r\u00e9aliser des excavations \u00e9troites \u00e0 plus grande profondeur. Elle est particuli\u00e8rement adapt\u00e9e pour travaux d\u2019enfouissement de tube d\u2019irrigation, pose souterraine de c\u00e2bles ou t\u00e9l\u00e9communication, r\u00e9paration de route enl\u00e8vement d\u2019arbre et construction g\u00e9n\u00e9rale. Les diff\u00e9rentes largeurs \u00e0 disposition permettent de ne pas creuser plus que n\u00e9cessaire, pendant que le fond de l\u2019excavation reste lisse et propre. Le trencher M3 est \u00e9quip\u00e9 de transmission avec r\u00e9ducteur plan\u00e9taire et moteur EATON hydraulique, patin de support r\u00e9glable en trois positions et une h\u00e9lice unique pour l\u2019\u00e9limination du mat\u00e9riel excav\u00e9. Notre design unique permet \u00e0 l\u2019utilisateur d\u2019excaver en profondeur et dans une mani\u00e8re homog\u00e8ne, et d\u2019\u00e9liminer le mat\u00e9riel excav\u00e9, qui est finement tritur\u00e9, permettant un compactage efficace pendant le remplissage de l\u2019excavation. \u00c7a garantit une alt\u00e9ration minimale des conditions du sol environnant et donc une finition propre.         <\/p>\n","protected":false},"featured_media":5539,"template":"","meta":[],"product_brand":[],"product_cat":[168],"product_tag":[],"class_list":{"0":"post-5547","1":"product","2":"type-product","3":"status-publish","4":"has-post-thumbnail","6":"product_cat-autres-equipements","8":"first","9":"instock","10":"shipping-taxable","11":"product-type-grouped"},"_links":{"self":[{"href":"https:\/\/www.m3srl.com\/fr\/wp-json\/wp\/v2\/product\/5547","targetHints":{"allow":["GET"]}}],"collection":[{"href":"https:\/\/www.m3srl.com\/fr\/wp-json\/wp\/v2\/product"}],"about":[{"href":"https:\/\/www.m3srl.com\/fr\/wp-json\/wp\/v2\/types\/product"}],"wp:featuredmedia":[{"embeddable":true,"href":"https:\/\/www.m3srl.com\/fr\/wp-json\/wp\/v2\/media\/5539"}],"wp:attachment":[{"href":"https:\/\/www.m3srl.com\/fr\/wp-json\/wp\/v2\/media?parent=5547"}],"wp:term":[{"taxonomy":"product_brand","embeddable":true,"href":"https:\/\/www.m3srl.com\/fr\/wp-json\/wp\/v2\/product_brand?post=5547"},{"taxonomy":"product_cat","embeddable":true,"href":"https:\/\/www.m3srl.com\/fr\/wp-json\/wp\/v2\/product_cat?post=5547"},{"taxonomy":"product_tag","embeddable":true,"href":"https:\/\/www.m3srl.com\/fr\/wp-json\/wp\/v2\/product_tag?post=5547"}],"curies":[{"name":"wp","href":"https:\/\/api.w.org\/{rel}","templated":true}]}}