{"id":6686,"date":"2024-04-03T15:03:27","date_gmt":"2024-04-03T13:03:27","guid":{"rendered":"https:\/\/www.m3srl.com\/?post_type=product&#038;p=6686"},"modified":"2024-10-03T16:20:20","modified_gmt":"2024-10-03T14:20:20","slug":"broyeur-std-rev","status":"publish","type":"product","link":"https:\/\/www.m3srl.com\/fr\/equipment\/debroussailler\/broyeur-std-rev\/","title":{"rendered":"Broyeur STD-REV"},"content":{"rendered":"<section class=\"wpb-content-wrapper\"><p>[vc_row disable_background_image=&#8221;&#8221;][vc_column][vc_column_text]<\/p>\n<h3>GALERIE<\/h3>\n<p>[\/vc_column_text]<div class=\"mkdf-image-gallery mkdf-grid-list mkdf-disable-bottom-space  mkdf-ig-grid-type mkdf-four-columns mkdf-tiny-space  mkdf-image-behavior-lightbox \">\n\t<div class=\"mkdf-ig-inner mkdf-outer-space\">\n\t\t\t\t\t<div class=\"mkdf-ig-image mkdf-item-space\">\n\t\t\t\t<div class=\"mkdf-ig-image-inner\">\n\t\t\t\t\t\t\t\t\t\t\t<a itemprop=\"image\" class=\"mkdf-ig-lightbox\" href=\"https:\/\/www.m3srl.com\/wp-content\/uploads\/2024\/04\/testata-trinciante-rev-1.webp\" data-rel=\"prettyPhoto[image_gallery_pretty_photo-428]\" title=\"testata-trinciante-rev-1\">\n\t\t\t\t\t\t\t\t\t\t\t<img loading=\"lazy\" decoding=\"async\" width=\"1024\" height=\"1024\" src=\"https:\/\/www.m3srl.com\/wp-content\/uploads\/2024\/04\/testata-trinciante-rev-1-1024x1024.webp\" class=\"attachment-large size-large\" alt=\"\" srcset=\"https:\/\/www.m3srl.com\/wp-content\/uploads\/2024\/04\/testata-trinciante-rev-1-1024x1024.webp 1024w, https:\/\/www.m3srl.com\/wp-content\/uploads\/2024\/04\/testata-trinciante-rev-1-300x300.webp 300w, https:\/\/www.m3srl.com\/wp-content\/uploads\/2024\/04\/testata-trinciante-rev-1-150x150.webp 150w, https:\/\/www.m3srl.com\/wp-content\/uploads\/2024\/04\/testata-trinciante-rev-1-768x768.webp 768w, https:\/\/www.m3srl.com\/wp-content\/uploads\/2024\/04\/testata-trinciante-rev-1-650x650.webp 650w, https:\/\/www.m3srl.com\/wp-content\/uploads\/2024\/04\/testata-trinciante-rev-1-600x600.webp 600w, https:\/\/www.m3srl.com\/wp-content\/uploads\/2024\/04\/testata-trinciante-rev-1-100x100.webp 100w, https:\/\/www.m3srl.com\/wp-content\/uploads\/2024\/04\/testata-trinciante-rev-1.webp 1080w\" sizes=\"auto, (max-width: 1024px) 100vw, 1024px\" \/>\t\t\t\t\t\t\t\t\t\t\t<\/a>\n\t\t\t\t\t\t\t\t\t<\/div>\n\t\t\t<\/div>\n\t\t\t\t\t<div class=\"mkdf-ig-image mkdf-item-space\">\n\t\t\t\t<div class=\"mkdf-ig-image-inner\">\n\t\t\t\t\t\t\t\t\t\t\t<a itemprop=\"image\" class=\"mkdf-ig-lightbox\" href=\"https:\/\/www.m3srl.com\/wp-content\/uploads\/2024\/04\/testata-trinciante-rev-2.webp\" data-rel=\"prettyPhoto[image_gallery_pretty_photo-428]\" title=\"testata-trinciante-rev-2\">\n\t\t\t\t\t\t\t\t\t\t\t<img loading=\"lazy\" decoding=\"async\" width=\"1024\" height=\"1024\" src=\"https:\/\/www.m3srl.com\/wp-content\/uploads\/2024\/04\/testata-trinciante-rev-2-1024x1024.webp\" class=\"attachment-large size-large\" alt=\"\" srcset=\"https:\/\/www.m3srl.com\/wp-content\/uploads\/2024\/04\/testata-trinciante-rev-2-1024x1024.webp 1024w, https:\/\/www.m3srl.com\/wp-content\/uploads\/2024\/04\/testata-trinciante-rev-2-300x300.webp 300w, https:\/\/www.m3srl.com\/wp-content\/uploads\/2024\/04\/testata-trinciante-rev-2-150x150.webp 150w, https:\/\/www.m3srl.com\/wp-content\/uploads\/2024\/04\/testata-trinciante-rev-2-768x768.webp 768w, https:\/\/www.m3srl.com\/wp-content\/uploads\/2024\/04\/testata-trinciante-rev-2-650x650.webp 650w, https:\/\/www.m3srl.com\/wp-content\/uploads\/2024\/04\/testata-trinciante-rev-2-600x600.webp 600w, https:\/\/www.m3srl.com\/wp-content\/uploads\/2024\/04\/testata-trinciante-rev-2-100x100.webp 100w, https:\/\/www.m3srl.com\/wp-content\/uploads\/2024\/04\/testata-trinciante-rev-2.webp 1080w\" sizes=\"auto, (max-width: 1024px) 100vw, 1024px\" \/>\t\t\t\t\t\t\t\t\t\t\t<\/a>\n\t\t\t\t\t\t\t\t\t<\/div>\n\t\t\t<\/div>\n\t\t\t\t\t<div class=\"mkdf-ig-image mkdf-item-space\">\n\t\t\t\t<div class=\"mkdf-ig-image-inner\">\n\t\t\t\t\t\t\t\t\t\t\t<a itemprop=\"image\" class=\"mkdf-ig-lightbox\" href=\"https:\/\/www.m3srl.com\/wp-content\/uploads\/2024\/04\/testata-trinciante-rev-3.webp\" data-rel=\"prettyPhoto[image_gallery_pretty_photo-428]\" title=\"testata-trinciante-rev-3\">\n\t\t\t\t\t\t\t\t\t\t\t<img loading=\"lazy\" decoding=\"async\" width=\"1024\" height=\"1024\" src=\"https:\/\/www.m3srl.com\/wp-content\/uploads\/2024\/04\/testata-trinciante-rev-3-1024x1024.webp\" class=\"attachment-large size-large\" alt=\"\" srcset=\"https:\/\/www.m3srl.com\/wp-content\/uploads\/2024\/04\/testata-trinciante-rev-3-1024x1024.webp 1024w, https:\/\/www.m3srl.com\/wp-content\/uploads\/2024\/04\/testata-trinciante-rev-3-300x300.webp 300w, https:\/\/www.m3srl.com\/wp-content\/uploads\/2024\/04\/testata-trinciante-rev-3-150x150.webp 150w, https:\/\/www.m3srl.com\/wp-content\/uploads\/2024\/04\/testata-trinciante-rev-3-768x768.webp 768w, https:\/\/www.m3srl.com\/wp-content\/uploads\/2024\/04\/testata-trinciante-rev-3-650x650.webp 650w, https:\/\/www.m3srl.com\/wp-content\/uploads\/2024\/04\/testata-trinciante-rev-3-600x600.webp 600w, https:\/\/www.m3srl.com\/wp-content\/uploads\/2024\/04\/testata-trinciante-rev-3-100x100.webp 100w, https:\/\/www.m3srl.com\/wp-content\/uploads\/2024\/04\/testata-trinciante-rev-3.webp 1080w\" sizes=\"auto, (max-width: 1024px) 100vw, 1024px\" \/>\t\t\t\t\t\t\t\t\t\t\t<\/a>\n\t\t\t\t\t\t\t\t\t<\/div>\n\t\t\t<\/div>\n\t\t\t\t\t<div class=\"mkdf-ig-image mkdf-item-space\">\n\t\t\t\t<div class=\"mkdf-ig-image-inner\">\n\t\t\t\t\t\t\t\t\t\t\t<a itemprop=\"image\" class=\"mkdf-ig-lightbox\" href=\"https:\/\/www.m3srl.com\/wp-content\/uploads\/2024\/04\/testata-trinciante-rev-4.webp\" data-rel=\"prettyPhoto[image_gallery_pretty_photo-428]\" title=\"testata-trinciante-rev-4\">\n\t\t\t\t\t\t\t\t\t\t\t<img loading=\"lazy\" decoding=\"async\" width=\"1024\" height=\"1024\" src=\"https:\/\/www.m3srl.com\/wp-content\/uploads\/2024\/04\/testata-trinciante-rev-4-1024x1024.webp\" class=\"attachment-large size-large\" alt=\"\" srcset=\"https:\/\/www.m3srl.com\/wp-content\/uploads\/2024\/04\/testata-trinciante-rev-4-1024x1024.webp 1024w, https:\/\/www.m3srl.com\/wp-content\/uploads\/2024\/04\/testata-trinciante-rev-4-300x300.webp 300w, https:\/\/www.m3srl.com\/wp-content\/uploads\/2024\/04\/testata-trinciante-rev-4-150x150.webp 150w, https:\/\/www.m3srl.com\/wp-content\/uploads\/2024\/04\/testata-trinciante-rev-4-768x768.webp 768w, https:\/\/www.m3srl.com\/wp-content\/uploads\/2024\/04\/testata-trinciante-rev-4-650x650.webp 650w, https:\/\/www.m3srl.com\/wp-content\/uploads\/2024\/04\/testata-trinciante-rev-4-600x600.webp 600w, https:\/\/www.m3srl.com\/wp-content\/uploads\/2024\/04\/testata-trinciante-rev-4-100x100.webp 100w, https:\/\/www.m3srl.com\/wp-content\/uploads\/2024\/04\/testata-trinciante-rev-4.webp 1080w\" sizes=\"auto, (max-width: 1024px) 100vw, 1024px\" \/>\t\t\t\t\t\t\t\t\t\t\t<\/a>\n\t\t\t\t\t\t\t\t\t<\/div>\n\t\t\t<\/div>\n\t\t\t\t\t<div class=\"mkdf-ig-image mkdf-item-space\">\n\t\t\t\t<div class=\"mkdf-ig-image-inner\">\n\t\t\t\t\t\t\t\t\t\t\t<a itemprop=\"image\" class=\"mkdf-ig-lightbox\" href=\"https:\/\/www.m3srl.com\/wp-content\/uploads\/2024\/04\/testata-trinciante-rev-5.webp\" data-rel=\"prettyPhoto[image_gallery_pretty_photo-428]\" title=\"testata-trinciante-rev-5\">\n\t\t\t\t\t\t\t\t\t\t\t<img loading=\"lazy\" decoding=\"async\" width=\"1024\" height=\"1024\" src=\"https:\/\/www.m3srl.com\/wp-content\/uploads\/2024\/04\/testata-trinciante-rev-5-1024x1024.webp\" class=\"attachment-large size-large\" alt=\"\" srcset=\"https:\/\/www.m3srl.com\/wp-content\/uploads\/2024\/04\/testata-trinciante-rev-5-1024x1024.webp 1024w, https:\/\/www.m3srl.com\/wp-content\/uploads\/2024\/04\/testata-trinciante-rev-5-300x300.webp 300w, https:\/\/www.m3srl.com\/wp-content\/uploads\/2024\/04\/testata-trinciante-rev-5-150x150.webp 150w, https:\/\/www.m3srl.com\/wp-content\/uploads\/2024\/04\/testata-trinciante-rev-5-768x768.webp 768w, https:\/\/www.m3srl.com\/wp-content\/uploads\/2024\/04\/testata-trinciante-rev-5-650x650.webp 650w, https:\/\/www.m3srl.com\/wp-content\/uploads\/2024\/04\/testata-trinciante-rev-5-600x600.webp 600w, https:\/\/www.m3srl.com\/wp-content\/uploads\/2024\/04\/testata-trinciante-rev-5-100x100.webp 100w, https:\/\/www.m3srl.com\/wp-content\/uploads\/2024\/04\/testata-trinciante-rev-5.webp 1080w\" sizes=\"auto, (max-width: 1024px) 100vw, 1024px\" \/>\t\t\t\t\t\t\t\t\t\t\t<\/a>\n\t\t\t\t\t\t\t\t\t<\/div>\n\t\t\t<\/div>\n\t\t\t\t\t<div class=\"mkdf-ig-image mkdf-item-space\">\n\t\t\t\t<div class=\"mkdf-ig-image-inner\">\n\t\t\t\t\t\t\t\t\t\t\t<a itemprop=\"image\" class=\"mkdf-ig-lightbox\" href=\"https:\/\/www.m3srl.com\/wp-content\/uploads\/2024\/04\/testata-trinciante-rev-6.webp\" data-rel=\"prettyPhoto[image_gallery_pretty_photo-428]\" title=\"testata-trinciante-rev-6\">\n\t\t\t\t\t\t\t\t\t\t\t<img loading=\"lazy\" decoding=\"async\" width=\"1024\" height=\"1024\" src=\"https:\/\/www.m3srl.com\/wp-content\/uploads\/2024\/04\/testata-trinciante-rev-6-1024x1024.webp\" class=\"attachment-large size-large\" alt=\"\" srcset=\"https:\/\/www.m3srl.com\/wp-content\/uploads\/2024\/04\/testata-trinciante-rev-6-1024x1024.webp 1024w, https:\/\/www.m3srl.com\/wp-content\/uploads\/2024\/04\/testata-trinciante-rev-6-300x300.webp 300w, https:\/\/www.m3srl.com\/wp-content\/uploads\/2024\/04\/testata-trinciante-rev-6-150x150.webp 150w, https:\/\/www.m3srl.com\/wp-content\/uploads\/2024\/04\/testata-trinciante-rev-6-768x768.webp 768w, https:\/\/www.m3srl.com\/wp-content\/uploads\/2024\/04\/testata-trinciante-rev-6-650x650.webp 650w, https:\/\/www.m3srl.com\/wp-content\/uploads\/2024\/04\/testata-trinciante-rev-6-600x600.webp 600w, https:\/\/www.m3srl.com\/wp-content\/uploads\/2024\/04\/testata-trinciante-rev-6-100x100.webp 100w, https:\/\/www.m3srl.com\/wp-content\/uploads\/2024\/04\/testata-trinciante-rev-6.webp 1080w\" sizes=\"auto, (max-width: 1024px) 100vw, 1024px\" \/>\t\t\t\t\t\t\t\t\t\t\t<\/a>\n\t\t\t\t\t\t\t\t\t<\/div>\n\t\t\t<\/div>\n\t\t\t\t\t<div class=\"mkdf-ig-image mkdf-item-space\">\n\t\t\t\t<div class=\"mkdf-ig-image-inner\">\n\t\t\t\t\t\t\t\t\t\t\t<a itemprop=\"image\" class=\"mkdf-ig-lightbox\" href=\"https:\/\/www.m3srl.com\/wp-content\/uploads\/2024\/04\/testata-trinciante-rev-7.webp\" data-rel=\"prettyPhoto[image_gallery_pretty_photo-428]\" title=\"testata-trinciante-rev-7\">\n\t\t\t\t\t\t\t\t\t\t\t<img loading=\"lazy\" decoding=\"async\" width=\"1024\" height=\"1024\" src=\"https:\/\/www.m3srl.com\/wp-content\/uploads\/2024\/04\/testata-trinciante-rev-7-1024x1024.webp\" class=\"attachment-large size-large\" alt=\"\" srcset=\"https:\/\/www.m3srl.com\/wp-content\/uploads\/2024\/04\/testata-trinciante-rev-7-1024x1024.webp 1024w, https:\/\/www.m3srl.com\/wp-content\/uploads\/2024\/04\/testata-trinciante-rev-7-300x300.webp 300w, https:\/\/www.m3srl.com\/wp-content\/uploads\/2024\/04\/testata-trinciante-rev-7-150x150.webp 150w, https:\/\/www.m3srl.com\/wp-content\/uploads\/2024\/04\/testata-trinciante-rev-7-768x768.webp 768w, https:\/\/www.m3srl.com\/wp-content\/uploads\/2024\/04\/testata-trinciante-rev-7-650x650.webp 650w, https:\/\/www.m3srl.com\/wp-content\/uploads\/2024\/04\/testata-trinciante-rev-7-600x600.webp 600w, https:\/\/www.m3srl.com\/wp-content\/uploads\/2024\/04\/testata-trinciante-rev-7-100x100.webp 100w, https:\/\/www.m3srl.com\/wp-content\/uploads\/2024\/04\/testata-trinciante-rev-7.webp 1080w\" sizes=\"auto, (max-width: 1024px) 100vw, 1024px\" \/>\t\t\t\t\t\t\t\t\t\t\t<\/a>\n\t\t\t\t\t\t\t\t\t<\/div>\n\t\t\t<\/div>\n\t\t\t\t\t<div class=\"mkdf-ig-image mkdf-item-space\">\n\t\t\t\t<div class=\"mkdf-ig-image-inner\">\n\t\t\t\t\t\t\t\t\t\t\t<a itemprop=\"image\" class=\"mkdf-ig-lightbox\" href=\"https:\/\/www.m3srl.com\/wp-content\/uploads\/2024\/04\/testata-trinciante-rev-8.webp\" data-rel=\"prettyPhoto[image_gallery_pretty_photo-428]\" title=\"testata-trinciante-rev-8\">\n\t\t\t\t\t\t\t\t\t\t\t<img loading=\"lazy\" decoding=\"async\" width=\"1024\" height=\"1024\" src=\"https:\/\/www.m3srl.com\/wp-content\/uploads\/2024\/04\/testata-trinciante-rev-8-1024x1024.webp\" class=\"attachment-large size-large\" alt=\"\" srcset=\"https:\/\/www.m3srl.com\/wp-content\/uploads\/2024\/04\/testata-trinciante-rev-8-1024x1024.webp 1024w, https:\/\/www.m3srl.com\/wp-content\/uploads\/2024\/04\/testata-trinciante-rev-8-300x300.webp 300w, https:\/\/www.m3srl.com\/wp-content\/uploads\/2024\/04\/testata-trinciante-rev-8-150x150.webp 150w, https:\/\/www.m3srl.com\/wp-content\/uploads\/2024\/04\/testata-trinciante-rev-8-768x768.webp 768w, https:\/\/www.m3srl.com\/wp-content\/uploads\/2024\/04\/testata-trinciante-rev-8-650x650.webp 650w, https:\/\/www.m3srl.com\/wp-content\/uploads\/2024\/04\/testata-trinciante-rev-8-600x600.webp 600w, https:\/\/www.m3srl.com\/wp-content\/uploads\/2024\/04\/testata-trinciante-rev-8-100x100.webp 100w, https:\/\/www.m3srl.com\/wp-content\/uploads\/2024\/04\/testata-trinciante-rev-8.webp 1080w\" sizes=\"auto, (max-width: 1024px) 100vw, 1024px\" \/>\t\t\t\t\t\t\t\t\t\t\t<\/a>\n\t\t\t\t\t\t\t\t\t<\/div>\n\t\t\t<\/div>\n\t\t\t<\/div>\n<\/div>[vc_column_text]<\/p>\n<h3>VIDEO<\/h3>\n<p>[\/vc_column_text][vc_column_text]<iframe class=\"youtube-video\" title=\"YouTube video player\" src=\"https:\/\/www.youtube-nocookie.com\/embed\/6r5CzRQJIog?si=fdKUQA_MuGwstuwu&amp;rel=0\" frameborder=\"0\" allowfullscreen=\"allowfullscreen\"><span data-mce-type=\"bookmark\" style=\"display: inline-block; width: 0px; overflow: hidden; line-height: 0;\" class=\"mce_SELRES_start\"><\/span><\/iframe>[\/vc_column_text][\/vc_column][\/vc_row]<\/p>\n<\/section>","protected":false},"excerpt":{"rendered":"<p><img loading=\"lazy\" decoding=\"async\" class=\"alignnone wp-image-3110 size-medium\" src=\"https:\/\/www.m3srl.com\/wp-content\/uploads\/2022\/10\/Excavator-Sweeper-icons-300x56.png\" alt=\"\" width=\"300\" height=\"56\" srcset=\"https:\/\/www.m3srl.com\/wp-content\/uploads\/2022\/10\/Excavator-Sweeper-icons-300x56.png 300w, https:\/\/www.m3srl.com\/wp-content\/uploads\/2022\/10\/Excavator-Sweeper-icons.png 400w\" sizes=\"auto, (max-width: 300px) 100vw, 300px\" \/> Le broyeur M3 a une structure robuste et fiable et il est facilement applicable \u00e0 tous les types de pelles. Diff\u00e9rentes mod\u00e8les sont disponible en fonction de l\u2019utilisation e aux dimensions de la pelle. Il est fourni compl\u00e8te d\u2019un moteur hydraulique, patins d\u2019appui r\u00e9glables en 3 hauteurs, transmission directe (MH1) ou par chaine (MH9\/13\/15), bloc de soupapes anti-cavitation et antichoc, patins de support r\u00e9glables et une plaque de base perfor\u00e9e, capot hydraulique (seulement MH15). MH15 \u00e9quip\u00e9 de capot hydraulique. <strong>Le drainage est conseill\u00e9 pour contre-pressions &gt; 5 bar<\/strong>. Vitesse de rotation 2.200\/2.500 tours \/min.  <\/p>\n","protected":false},"featured_media":6691,"template":"","meta":[],"product_brand":[],"product_cat":[211],"product_tag":[],"class_list":{"0":"post-6686","1":"product","2":"type-product","3":"status-publish","4":"has-post-thumbnail","6":"product_cat-debroussailler","8":"first","9":"instock","10":"shipping-taxable","11":"product-type-grouped"},"_links":{"self":[{"href":"https:\/\/www.m3srl.com\/fr\/wp-json\/wp\/v2\/product\/6686","targetHints":{"allow":["GET"]}}],"collection":[{"href":"https:\/\/www.m3srl.com\/fr\/wp-json\/wp\/v2\/product"}],"about":[{"href":"https:\/\/www.m3srl.com\/fr\/wp-json\/wp\/v2\/types\/product"}],"wp:featuredmedia":[{"embeddable":true,"href":"https:\/\/www.m3srl.com\/fr\/wp-json\/wp\/v2\/media\/6691"}],"wp:attachment":[{"href":"https:\/\/www.m3srl.com\/fr\/wp-json\/wp\/v2\/media?parent=6686"}],"wp:term":[{"taxonomy":"product_brand","embeddable":true,"href":"https:\/\/www.m3srl.com\/fr\/wp-json\/wp\/v2\/product_brand?post=6686"},{"taxonomy":"product_cat","embeddable":true,"href":"https:\/\/www.m3srl.com\/fr\/wp-json\/wp\/v2\/product_cat?post=6686"},{"taxonomy":"product_tag","embeddable":true,"href":"https:\/\/www.m3srl.com\/fr\/wp-json\/wp\/v2\/product_tag?post=6686"}],"curies":[{"name":"wp","href":"https:\/\/api.w.org\/{rel}","templated":true}]}}