{"id":6706,"date":"2024-04-03T15:31:05","date_gmt":"2024-04-03T13:31:05","guid":{"rendered":"https:\/\/www.m3srl.com\/?post_type=product&#038;p=6706"},"modified":"2024-09-06T19:04:48","modified_gmt":"2024-09-06T17:04:48","slug":"broyeur-forestier-a-marteaux-rotatifs-hd2","status":"publish","type":"product","link":"https:\/\/www.m3srl.com\/fr\/equipment\/debroussailler\/broyeur-forestier-a-marteaux-rotatifs-hd2\/","title":{"rendered":"Broyeur Forestier a Marteaux Rotatifs &#8211; HD2"},"content":{"rendered":"<p><\/p>\n","protected":false},"excerpt":{"rendered":"<p><img loading=\"lazy\" decoding=\"async\" class=\"alignnone wp-image-3776 size-medium\" src=\"https:\/\/www.m3srl.com\/wp-content\/uploads\/2022\/10\/Excavator-Sweeper-icons-300x56.png\" alt=\"\" width=\"300\" height=\"56\" srcset=\"https:\/\/www.m3srl.com\/wp-content\/uploads\/2022\/10\/Excavator-Sweeper-icons-300x56.png 300w, https:\/\/www.m3srl.com\/wp-content\/uploads\/2022\/10\/Excavator-Sweeper-icons.png 400w\" sizes=\"auto, (max-width: 300px) 100vw, 300px\" \/><\/p>\n<p>Le broyeur M3 HD2 a une structure robuste et fiable et il est facilement applicable \u00e0 tous les types de pelles. Diff\u00e9rents mod\u00e8les sont disponibles en fonction de l\u2019utilisation et aux dimensions de la pelle. Il est livr\u00e9 avec un moteur hydraulique (moteur \u00e0 pistons \u00e0 partir de la s\u00e9rie MH15), bloc vannes anti-cavitation, bloc de soupapes antichoc, patins de support r\u00e9glables et une plaque de base perfor\u00e9e. Le drainage est conseill\u00e9 pour contre-pressions &gt; 5 bar. Vitesse de rotation 2.200\/2.500 tours \/min.<\/p>\n","protected":false},"featured_media":6711,"template":"","meta":[],"product_brand":[],"product_cat":[211],"product_tag":[],"class_list":{"0":"post-6706","1":"product","2":"type-product","3":"status-publish","4":"has-post-thumbnail","6":"product_cat-debroussailler","8":"first","9":"instock","10":"shipping-taxable","11":"product-type-grouped"},"_links":{"self":[{"href":"https:\/\/www.m3srl.com\/fr\/wp-json\/wp\/v2\/product\/6706","targetHints":{"allow":["GET"]}}],"collection":[{"href":"https:\/\/www.m3srl.com\/fr\/wp-json\/wp\/v2\/product"}],"about":[{"href":"https:\/\/www.m3srl.com\/fr\/wp-json\/wp\/v2\/types\/product"}],"wp:featuredmedia":[{"embeddable":true,"href":"https:\/\/www.m3srl.com\/fr\/wp-json\/wp\/v2\/media\/6711"}],"wp:attachment":[{"href":"https:\/\/www.m3srl.com\/fr\/wp-json\/wp\/v2\/media?parent=6706"}],"wp:term":[{"taxonomy":"product_brand","embeddable":true,"href":"https:\/\/www.m3srl.com\/fr\/wp-json\/wp\/v2\/product_brand?post=6706"},{"taxonomy":"product_cat","embeddable":true,"href":"https:\/\/www.m3srl.com\/fr\/wp-json\/wp\/v2\/product_cat?post=6706"},{"taxonomy":"product_tag","embeddable":true,"href":"https:\/\/www.m3srl.com\/fr\/wp-json\/wp\/v2\/product_tag?post=6706"}],"curies":[{"name":"wp","href":"https:\/\/api.w.org\/{rel}","templated":true}]}}