{"id":4840,"date":"2022-10-20T16:02:13","date_gmt":"2022-10-20T14:02:13","guid":{"rendered":"https:\/\/www.m3srl.com\/equipment\/senza-categoria\/sweeper-bucket-c\/"},"modified":"2024-10-01T14:31:10","modified_gmt":"2024-10-01T12:31:10","slug":"benna-spazzolatrice-c","status":"publish","type":"product","link":"https:\/\/www.m3srl.com\/it\/attrezzature\/pulizia-terreno\/benna-spazzolatrice-c\/","title":{"rendered":"Benna spazzolatrice &#8211; Serie C"},"content":{"rendered":"","protected":false},"excerpt":{"rendered":"<p><img loading=\"lazy\" decoding=\"async\" class=\"alignnone size-medium wp-image-3127\" src=\"https:\/\/www.m3srl.com\/wp-content\/uploads\/2022\/10\/Sweeper-Bucket-C-icons-300x56.png\" alt=\"\" width=\"300\" height=\"56\" srcset=\"https:\/\/www.m3srl.com\/wp-content\/uploads\/2022\/10\/Sweeper-Bucket-C-icons-300x56.png 300w, https:\/\/www.m3srl.com\/wp-content\/uploads\/2022\/10\/Sweeper-Bucket-C-icons.png 400w\" sizes=\"auto, (max-width: 300px) 100vw, 300px\" \/><\/p>\n<p>La benna spazzolatrice M3 serie C \u00e8 destinata alla clientela che opera sia nel settore della manutenzione stradale e della pulizia di grandi superfici. Applicabile a tutti i tipo di pale gommate e telescopici a partire da 12t e trattori da 100HP. Viene fornita completa di benna di raccolta ad apertura e chiusura idraulica, spazzole in polipropilene \u00d8750 mm, n.3 ruote di supporto \u00d8405\u00d7110 mm, tubazioni idrauliche, motore integrato, agganci autolivellanti, sistema di regolazione meccanica dell\u2019angolo di lavoro.<\/p>\n","protected":false},"featured_media":4079,"template":"","meta":[],"product_brand":[],"product_cat":[139],"product_tag":[],"class_list":{"0":"post-4840","1":"product","2":"type-product","3":"status-publish","4":"has-post-thumbnail","6":"product_cat-pulizia-terreno","8":"first","9":"instock","10":"shipping-taxable","11":"product-type-grouped"},"_links":{"self":[{"href":"https:\/\/www.m3srl.com\/it\/wp-json\/wp\/v2\/product\/4840","targetHints":{"allow":["GET"]}}],"collection":[{"href":"https:\/\/www.m3srl.com\/it\/wp-json\/wp\/v2\/product"}],"about":[{"href":"https:\/\/www.m3srl.com\/it\/wp-json\/wp\/v2\/types\/product"}],"wp:featuredmedia":[{"embeddable":true,"href":"https:\/\/www.m3srl.com\/it\/wp-json\/wp\/v2\/media\/4079"}],"wp:attachment":[{"href":"https:\/\/www.m3srl.com\/it\/wp-json\/wp\/v2\/media?parent=4840"}],"wp:term":[{"taxonomy":"product_brand","embeddable":true,"href":"https:\/\/www.m3srl.com\/it\/wp-json\/wp\/v2\/product_brand?post=4840"},{"taxonomy":"product_cat","embeddable":true,"href":"https:\/\/www.m3srl.com\/it\/wp-json\/wp\/v2\/product_cat?post=4840"},{"taxonomy":"product_tag","embeddable":true,"href":"https:\/\/www.m3srl.com\/it\/wp-json\/wp\/v2\/product_tag?post=4840"}],"curies":[{"name":"wp","href":"https:\/\/api.w.org\/{rel}","templated":true}]}}